{"id":39700,"date":"2022-10-06T17:27:16","date_gmt":"2022-10-06T10:27:16","guid":{"rendered":"https:\/\/mouldking.store\/?post_type=product&#038;p=39700"},"modified":"2023-01-06T17:32:17","modified_gmt":"2023-01-06T10:32:17","slug":"loz-1928-chinese-dragon-dragon-opera-zhu-with-1416pcs","status":"publish","type":"product","link":"https:\/\/mouldking.store\/hu\/shop\/loz-1928-chinese-dragon-dragon-opera-zhu-with-1416pcs\/","title":{"rendered":"LOZ 1928 Chinese Dragon Dragon Opera \u201cZhu\u201d 1416db-val"},"content":{"rendered":"<p>Term\u00e9k inform\u00e1ci\u00f3:<\/p>\n<ol>\n<li>M\u00e1rka: LOZ<\/li>\n<li>Nem: Uniszex<\/li>\n<li>N\u00e9v: K\u00ednai Dragon Dragon Opera &quot;Zhu&quot;<\/li>\n<li>Koroszt\u00e1ly: &gt; 6 \u00e9v<\/li>\n<li>Modellsz\u00e1m: 1928<\/li>\n<li>Besorol\u00e1s: \u00d6sszeszerel\u00e9s<\/li>\n<li>M\u0171anyag blokk forma: \u00f6nz\u00e1r\u00f3 t\u00e9gla<\/li>\n<li>Anyaga: M\u0171anyag<\/li>\n<li>M\u0171anyag t\u00edpus: ABS<\/li>\n<li>T\u00e9gla blokkok: 1416 DB<\/li>\n<li>M\u00e9rete: 34,5 \u00d7 23 cm<\/li>\n<li>R\u00e9szletes \u00f6sszeszerel\u00e9si \u00fatmutat\u00f3t tartalmaz.<\/li>\n<\/ol>\n<p>\u00c9rtes\u00edt\u00e9s:<br \/>\n1. Eredeti doboz n\u00e9lk\u00fcl, de garant\u00e1ljuk, hogy term\u00e9keink min\u0151s\u00e9gbiztos\u00edt\u00e1ssal \u00e9s sz\u00e9p csomagol\u00e1ssal rendelkeznek.<br \/>\n2. Mint minden alkatr\u00e9szt, amelyet a sz\u00e1ll\u00edt\u00e1s el\u0151tt ellen\u0151rizt\u00fcnk, ez\u00e9rt ha \u00fagy tal\u00e1lja, hogy n\u00e9h\u00e1ny alkatr\u00e9sz hi\u00e1nyzik vagy s\u00e9r\u00fclt, ne agg\u00f3djon, \u00e9s k\u00e9rj\u00fck, vegye fel vel\u00fcnk a kapcsolatot, \u00e9s azonnal ingyenesen elk\u00fcldj\u00fck \u00d6nnek.<\/p>\n<figure id=\"attachment_39701\" aria-describedby=\"caption-attachment-39701\" style=\"width: 800px\" class=\"wp-caption aligncenter\"><img fetchpriority=\"high\" decoding=\"async\" class=\"wp-image-39701 size-full\" src=\"https:\/\/mouldking.store\/wp-content\/uploads\/2023\/01\/Chinese-Dragon-Dragon-Opera-Zhu-LOZ-1928-4.jpg\" alt=\"LOZ 1928 Chinese Dragon Dragon Opera \u201cZhu\u201d With 1416pcs\" width=\"800\" height=\"800\" title=\"-\"><figcaption id=\"caption-attachment-39701\" class=\"wp-caption-text\">LOZ 1928 Chinese Dragon Dragon Opera \u201cZhu\u201d 1416db-val<\/figcaption><\/figure>\n<figure id=\"attachment_39702\" aria-describedby=\"caption-attachment-39702\" style=\"width: 800px\" class=\"wp-caption aligncenter\"><img decoding=\"async\" class=\"wp-image-39702 size-full\" src=\"https:\/\/mouldking.store\/wp-content\/uploads\/2023\/01\/Chinese-Dragon-Dragon-Opera-Zhu-LOZ-1928-3.jpg\" alt=\"LOZ 1928 Chinese Dragon Dragon Opera \u201cZhu\u201d With 1416pcs\" width=\"800\" height=\"800\" title=\"-\"><figcaption id=\"caption-attachment-39702\" class=\"wp-caption-text\">LOZ 1928 Chinese Dragon Dragon Opera \u201cZhu\u201d 1416db-val<\/figcaption><\/figure>\n<figure id=\"attachment_39703\" aria-describedby=\"caption-attachment-39703\" style=\"width: 800px\" class=\"wp-caption aligncenter\"><img decoding=\"async\" class=\"wp-image-39703 size-full\" src=\"https:\/\/mouldking.store\/wp-content\/uploads\/2023\/01\/Chinese-Dragon-Dragon-Opera-Zhu-LOZ-1928-2.jpg\" alt=\"LOZ 1928 Chinese Dragon Dragon Opera \u201cZhu\u201d With 1416pcs\" width=\"800\" height=\"800\" title=\"-\"><figcaption id=\"caption-attachment-39703\" class=\"wp-caption-text\">LOZ 1928 Chinese Dragon Dragon Opera \u201cZhu\u201d 1416db-val<\/figcaption><\/figure>\n<figure id=\"attachment_39704\" aria-describedby=\"caption-attachment-39704\" style=\"width: 800px\" class=\"wp-caption aligncenter\"><img loading=\"lazy\" decoding=\"async\" class=\"wp-image-39704 size-full\" src=\"https:\/\/mouldking.store\/wp-content\/uploads\/2023\/01\/Chinese-Dragon-Dragon-Opera-Zhu-LOZ-1928-1.jpg\" alt=\"LOZ 1928 Chinese Dragon Dragon Opera \u201cZhu\u201d With 1416pcs\" width=\"800\" height=\"800\" title=\"-\"><figcaption id=\"caption-attachment-39704\" class=\"wp-caption-text\">LOZ 1928 Chinese Dragon Dragon Opera \u201cZhu\u201d 1416db-val<\/figcaption><\/figure>","protected":false},"excerpt":{"rendered":"<ul>\n<li>K\u00e9zi \u00e9p\u00edt\u00e9si \u00fatmutat\u00f3<\/li>\n<li data-wpmeteor-click=\"true\">A term\u00e9k nem tartalmaz MAtric\u00e1t \u00e9s NYOMTATOTT alkatr\u00e9szeket. Minden nyomtatott alkatr\u00e9szt szabv\u00e1nyos alkatr\u00e9szre cser\u00e9l\u00fcnk, \u00e9s nem j\u00e1r bev\u00e9tel harmadik f\u00e9lt\u0151l sz\u00e1rmaz\u00f3 tartoz\u00e9kokkal.<\/li>\n<li data-wpmeteor-click=\"true\">El\u0151v\u00e9tel<\/li>\n<\/ul>","protected":false},"featured_media":39701,"comment_status":"closed","ping_status":"closed","template":"","meta":{"_acf_changed":false},"product_cat":[1365],"product_tag":[11014,6462,6900,1771,11017,11016,2202,11015,11018,11013],"class_list":["product","first","outofstock","shipping-taxable","purchasable","product-type-simple"],"acf":[],"_links":{"self":[{"href":"https:\/\/mouldking.store\/hu\/wp-json\/wp\/v2\/product\/39700","targetHints":{"allow":["GET"]}}],"collection":[{"href":"https:\/\/mouldking.store\/hu\/wp-json\/wp\/v2\/product"}],"about":[{"href":"https:\/\/mouldking.store\/hu\/wp-json\/wp\/v2\/types\/product"}],"replies":[{"embeddable":true,"href":"https:\/\/mouldking.store\/hu\/wp-json\/wp\/v2\/comments?post=39700"}],"wp:featuredmedia":[{"embeddable":true,"href":"https:\/\/mouldking.store\/hu\/wp-json\/wp\/v2\/media\/39701"}],"wp:attachment":[{"href":"https:\/\/mouldking.store\/hu\/wp-json\/wp\/v2\/media?parent=39700"}],"wp:term":[{"taxonomy":"product_cat","embeddable":true,"href":"https:\/\/mouldking.store\/hu\/wp-json\/wp\/v2\/product_cat?post=39700"},{"taxonomy":"product_tag","embeddable":true,"href":"https:\/\/mouldking.store\/hu\/wp-json\/wp\/v2\/product_tag?post=39700"}],"curies":[{"name":"wp","href":"https:\/\/api.w.org\/{rel}","templated":true}]}}