{"id":39784,"date":"2023-01-10T15:10:43","date_gmt":"2023-01-10T08:10:43","guid":{"rendered":"https:\/\/mouldking.store\/shop\/guly-10612-18-abol-ie-sports-car-with-3468-pieces\/"},"modified":"2023-01-10T15:10:43","modified_gmt":"2023-01-10T08:10:43","slug":"guly-10612-18-abol-ie-sports-car-with-3468-pieces","status":"publish","type":"product","link":"https:\/\/mouldking.store\/hu\/shop\/guly-10612-18-abol-ie-sports-car-with-3468-pieces\/","title":{"rendered":"GULY 10612 1:8 ABOL-IE sportaut\u00f3 3468 darabbal"},"content":{"rendered":"<div>\u00b7Item No. : GULY10612<br \/>\u00b7Product Name: ABOL-IE<br \/>\u00b7T\u00e9ma: Technika<br \/>\u00b7Bricks Blocks: 3468\u00b1pcs<br \/>\u00b7 Anyaga: ABS m\u0171anyag<br \/>\u00b7Ages: 8+<br \/>.Figyelem: nem tud enni<\/div>","protected":false},"excerpt":{"rendered":"<p>Brand: GULY<br \/>\nNem: Uniszex<br \/>\nKoroszt\u00e1ly: 8 \u00e9v felett<br \/>\nModel Number: 10612<br \/>\nBesorol\u00e1s: \u00d6sszeszerel\u00e9s<br \/>\nM\u0171anyag blokk forma: \u00f6nz\u00e1r\u00f3 t\u00e9gla<br \/>\nAnyaga: M\u0171anyag<br \/>\nM\u0171anyag t\u00edpus: ABS<br \/>\nBricks Blocks: 3468 +<br \/>\nMotorral<\/p>","protected":false},"featured_media":39778,"comment_status":"open","ping_status":"closed","template":"","meta":{"_acf_changed":false},"product_cat":[1360,1357,364],"product_tag":[457,11071,11070,389],"class_list":["product","first","instock","shipping-taxable","purchasable","product-type-simple"],"acf":[],"_links":{"self":[{"href":"https:\/\/mouldking.store\/hu\/wp-json\/wp\/v2\/product\/39784","targetHints":{"allow":["GET"]}}],"collection":[{"href":"https:\/\/mouldking.store\/hu\/wp-json\/wp\/v2\/product"}],"about":[{"href":"https:\/\/mouldking.store\/hu\/wp-json\/wp\/v2\/types\/product"}],"replies":[{"embeddable":true,"href":"https:\/\/mouldking.store\/hu\/wp-json\/wp\/v2\/comments?post=39784"}],"wp:featuredmedia":[{"embeddable":true,"href":"https:\/\/mouldking.store\/hu\/wp-json\/wp\/v2\/media\/39778"}],"wp:attachment":[{"href":"https:\/\/mouldking.store\/hu\/wp-json\/wp\/v2\/media?parent=39784"}],"wp:term":[{"taxonomy":"product_cat","embeddable":true,"href":"https:\/\/mouldking.store\/hu\/wp-json\/wp\/v2\/product_cat?post=39784"},{"taxonomy":"product_tag","embeddable":true,"href":"https:\/\/mouldking.store\/hu\/wp-json\/wp\/v2\/product_tag?post=39784"}],"curies":[{"name":"wp","href":"https:\/\/api.w.org\/{rel}","templated":true}]}}