{"id":39789,"date":"2023-01-10T16:18:08","date_gmt":"2023-01-10T09:18:08","guid":{"rendered":"https:\/\/mouldking.store\/shop\/zhegao-01006-fun-house-with-4851-pieces\/"},"modified":"2023-01-10T16:18:08","modified_gmt":"2023-01-10T09:18:08","slug":"zhegao-01006-fun-house-with-4851-pieces","status":"publish","type":"product","link":"https:\/\/mouldking.store\/hu\/shop\/zhegao-01006-fun-house-with-4851-pieces\/","title":{"rendered":"ZHEGAO 01006 Fun House with 4851 Pieces"},"content":{"rendered":"<div>\u00b7Item No. : ZheGao 01006<br \/>\u00b7Product Name: Fun House<br \/>\u00b7Theme: Creator Exper<br \/>\u00b7Bricks Blocks: 4851\u00b1pcs<br \/>\u00b7 Anyaga: ABS m\u0171anyag<br \/>\u00b7Kor: 6+<br \/>.Figyelem: nem tud enni<\/div>","protected":false},"excerpt":{"rendered":"<p>M\u00e1rka: ZHEGAO<br \/>\nNem: Uniszex<br \/>\nKoroszt\u00e1ly: &gt; 6 \u00e9v<br \/>\nModel Number: 01006<br \/>\nBesorol\u00e1s: \u00d6sszeszerel\u00e9s<br \/>\nM\u0171anyag blokk forma: \u00f6nz\u00e1r\u00f3 t\u00e9gla<br \/>\nAnyaga: M\u0171anyag<br \/>\nM\u0171anyag t\u00edpus: ABS<br \/>\nBricks Blocks: 4851 +<br \/>\nEredeti doboza nincs<\/p>","protected":false},"featured_media":39785,"comment_status":"open","ping_status":"closed","template":"","meta":{"_acf_changed":false},"product_cat":[1365,1395,371,390],"product_tag":[727,11072,8452,2318,5679],"class_list":["product","first","instock","shipping-taxable","purchasable","product-type-simple"],"acf":[],"_links":{"self":[{"href":"https:\/\/mouldking.store\/hu\/wp-json\/wp\/v2\/product\/39789","targetHints":{"allow":["GET"]}}],"collection":[{"href":"https:\/\/mouldking.store\/hu\/wp-json\/wp\/v2\/product"}],"about":[{"href":"https:\/\/mouldking.store\/hu\/wp-json\/wp\/v2\/types\/product"}],"replies":[{"embeddable":true,"href":"https:\/\/mouldking.store\/hu\/wp-json\/wp\/v2\/comments?post=39789"}],"wp:featuredmedia":[{"embeddable":true,"href":"https:\/\/mouldking.store\/hu\/wp-json\/wp\/v2\/media\/39785"}],"wp:attachment":[{"href":"https:\/\/mouldking.store\/hu\/wp-json\/wp\/v2\/media?parent=39789"}],"wp:term":[{"taxonomy":"product_cat","embeddable":true,"href":"https:\/\/mouldking.store\/hu\/wp-json\/wp\/v2\/product_cat?post=39789"},{"taxonomy":"product_tag","embeddable":true,"href":"https:\/\/mouldking.store\/hu\/wp-json\/wp\/v2\/product_tag?post=39789"}],"curies":[{"name":"wp","href":"https:\/\/api.w.org\/{rel}","templated":true}]}}