{"id":39800,"date":"2023-01-11T09:43:57","date_gmt":"2023-01-11T02:43:57","guid":{"rendered":"https:\/\/mouldking.store\/shop\/jaki-xwzb-22026-chinese-traditional-festivals-seasonal-new-years-eve-with-2000-pieces\/"},"modified":"2023-01-11T09:43:57","modified_gmt":"2023-01-11T02:43:57","slug":"jaki-xwzb-22026-chinese-traditional-festivals-seasonal-new-years-eve-with-2000-pieces","status":"publish","type":"product","link":"https:\/\/mouldking.store\/hu\/shop\/jaki-xwzb-22026-chinese-traditional-festivals-seasonal-new-years-eve-with-2000-pieces\/","title":{"rendered":"JAKI XWZB-22026 Chinese Traditional Festivals Seasonal New Year&#8217;s Eve with 2000 Pieces"},"content":{"rendered":"<div>\u00b7Item No. : XWZB-22026<br \/>\u00b7Product Name: Chinese Traditional Festivals<br \/>\u00b7T\u00e9ma: Alkot\u00f3<br \/>\u00b7Bricks Blocks: 2000\u00b1pcs<br \/>\u00b7 Anyaga: ABS m\u0171anyag<br \/>\u00b7Ages: 8+<br \/>.Figyelem: nem tud enni<\/div>","protected":false},"excerpt":{"rendered":"<p>M\u00e1rka: JAKI<br \/>\nNem: Uniszex<br \/>\nKoroszt\u00e1ly: 8 \u00e9v felett<br \/>\nModel Number: XWZB-22026<br \/>\nBesorol\u00e1s: \u00d6sszeszerel\u00e9s<br \/>\nM\u0171anyag blokk forma: \u00f6nz\u00e1r\u00f3 t\u00e9gla<br \/>\nAnyaga: M\u0171anyag<br \/>\nM\u0171anyag t\u00edpus: ABS<br \/>\nT\u00e9gla blokkok: 2000+<br \/>\nA darabok v\u00e1ltozhatnak<br \/>\nEredeti doboz n\u00e9lk\u00fcl<\/p>","protected":false},"featured_media":39794,"comment_status":"open","ping_status":"closed","template":"","meta":{"_acf_changed":false},"product_cat":[1365,1395,390],"product_tag":[727,11073,4883,8452,11074],"class_list":["product","first","instock","shipping-taxable","purchasable","product-type-simple"],"acf":[],"_links":{"self":[{"href":"https:\/\/mouldking.store\/hu\/wp-json\/wp\/v2\/product\/39800","targetHints":{"allow":["GET"]}}],"collection":[{"href":"https:\/\/mouldking.store\/hu\/wp-json\/wp\/v2\/product"}],"about":[{"href":"https:\/\/mouldking.store\/hu\/wp-json\/wp\/v2\/types\/product"}],"replies":[{"embeddable":true,"href":"https:\/\/mouldking.store\/hu\/wp-json\/wp\/v2\/comments?post=39800"}],"wp:featuredmedia":[{"embeddable":true,"href":"https:\/\/mouldking.store\/hu\/wp-json\/wp\/v2\/media\/39794"}],"wp:attachment":[{"href":"https:\/\/mouldking.store\/hu\/wp-json\/wp\/v2\/media?parent=39800"}],"wp:term":[{"taxonomy":"product_cat","embeddable":true,"href":"https:\/\/mouldking.store\/hu\/wp-json\/wp\/v2\/product_cat?post=39800"},{"taxonomy":"product_tag","embeddable":true,"href":"https:\/\/mouldking.store\/hu\/wp-json\/wp\/v2\/product_tag?post=39800"}],"curies":[{"name":"wp","href":"https:\/\/api.w.org\/{rel}","templated":true}]}}