{"id":39808,"date":"2023-01-11T10:07:21","date_gmt":"2023-01-11T03:07:21","guid":{"rendered":"https:\/\/mouldking.store\/shop\/52toys-bb-54-ironblood-loyalheart-with-500-pieces\/"},"modified":"2023-01-11T15:33:52","modified_gmt":"2023-01-11T08:33:52","slug":"52toys-bb-54-ironblood-loyalheart-with-500-pieces","status":"publish","type":"product","link":"https:\/\/mouldking.store\/hu\/shop\/52toys-bb-54-ironblood-loyalheart-with-500-pieces\/","title":{"rendered":"52TOYS BB-54 IRONBLOOD &amp; LOYALHEART 500 darabbal"},"content":{"rendered":"<div>1. Model Name: BB-54 IRONBLOOD &amp; LOYALHEART<br \/>\n2. Korhat\u00e1r: &gt; 6 \u00e9v<br \/>\n3. Min\u0151s\u00edt\u00e9s: 3C<br \/>\n4. Anyaga: M\u0171anyag<br \/>\n5. M\u0171anyag t\u00edpus: ABS<br \/>\n6. Size: ~ 12.2 cm<\/div>","protected":false},"excerpt":{"rendered":"<p>M\u00e1rka: 52TOYS<br \/>\nNem: Uniszex<br \/>\nKoroszt\u00e1ly: &gt; 6 \u00e9v<br \/>\nModel Number: BB-54<br \/>\nBesorol\u00e1s: \u00d6sszeszerel\u00e9s<br \/>\nM\u0171anyag blokk forma: \u00f6nz\u00e1r\u00f3 t\u00e9gla<br \/>\nAnyaga: M\u0171anyag<br \/>\nM\u0171anyag t\u00edpus: ABS<\/p>\n<p>A darabok v\u00e1ltozhatnak<br \/>\nT\u00e9gla T\u00e9gla: 500+<br \/>\nEL\u0150AD\u00c1S<\/p>","protected":false},"featured_media":39806,"comment_status":"open","ping_status":"closed","template":"","meta":{"_acf_changed":false},"product_cat":[1365,371,581,1408],"product_tag":[11072,8452,434],"class_list":["product","first","outofstock","shipping-taxable","purchasable","product-type-simple"],"acf":[],"_links":{"self":[{"href":"https:\/\/mouldking.store\/hu\/wp-json\/wp\/v2\/product\/39808","targetHints":{"allow":["GET"]}}],"collection":[{"href":"https:\/\/mouldking.store\/hu\/wp-json\/wp\/v2\/product"}],"about":[{"href":"https:\/\/mouldking.store\/hu\/wp-json\/wp\/v2\/types\/product"}],"replies":[{"embeddable":true,"href":"https:\/\/mouldking.store\/hu\/wp-json\/wp\/v2\/comments?post=39808"}],"wp:featuredmedia":[{"embeddable":true,"href":"https:\/\/mouldking.store\/hu\/wp-json\/wp\/v2\/media\/39806"}],"wp:attachment":[{"href":"https:\/\/mouldking.store\/hu\/wp-json\/wp\/v2\/media?parent=39808"}],"wp:term":[{"taxonomy":"product_cat","embeddable":true,"href":"https:\/\/mouldking.store\/hu\/wp-json\/wp\/v2\/product_cat?post=39808"},{"taxonomy":"product_tag","embeddable":true,"href":"https:\/\/mouldking.store\/hu\/wp-json\/wp\/v2\/product_tag?post=39808"}],"curies":[{"name":"wp","href":"https:\/\/api.w.org\/{rel}","templated":true}]}}