{"id":39884,"date":"2023-01-13T09:43:38","date_gmt":"2023-01-13T02:43:38","guid":{"rendered":"https:\/\/mouldking.store\/shop\/zhegao-ql0987-chinese-new-year-music-box-fortune-tree-with-566-pieces\/"},"modified":"2023-01-13T09:43:38","modified_gmt":"2023-01-13T02:43:38","slug":"zhegao-ql0987-chinese-new-year-music-box-fortune-tree-with-566-pieces","status":"publish","type":"product","link":"https:\/\/mouldking.store\/hu\/shop\/zhegao-ql0987-chinese-new-year-music-box-fortune-tree-with-566-pieces\/","title":{"rendered":"ZHEGAO QL0987 Chinese New Year Music Box: Fortune Tree with 566 Pieces"},"content":{"rendered":"<div>\u00b7Item No. : QL0987<br \/>\u00b7Product Name: Chinese New Year Music Box: Fortune Tree<br \/>\u00b7Theme: Spring Festival<br \/>\u00b7Bricks Blocks: 566\u00b1pcs<br \/>\u00b7 Anyaga: ABS m\u0171anyag<br \/>\u00b7Kor: 6+<br \/>.Figyelem: nem tud enni<\/div>","protected":false},"excerpt":{"rendered":"<p>M\u00e1rka: ZHEGAO<br \/>\nNem: Uniszex<br \/>\nKoroszt\u00e1ly: &gt; 6 \u00e9v<br \/>\nModel Number: QL0987<br \/>\nBesorol\u00e1s: \u00d6sszeszerel\u00e9s<br \/>\nM\u0171anyag blokk forma: \u00f6nz\u00e1r\u00f3 t\u00e9gla<br \/>\nAnyaga: M\u0171anyag<br \/>\nM\u0171anyag t\u00edpus: ABS<br \/>\nBricks Blocks: 566 +<br \/>\nNincs doboz<\/p>","protected":false},"featured_media":39880,"comment_status":"open","ping_status":"closed","template":"","meta":{"_acf_changed":false},"product_cat":[1365,371],"product_tag":[11072,8452,11076,11077,5983],"class_list":["product","first","instock","shipping-taxable","purchasable","product-type-simple"],"acf":[],"_links":{"self":[{"href":"https:\/\/mouldking.store\/hu\/wp-json\/wp\/v2\/product\/39884","targetHints":{"allow":["GET"]}}],"collection":[{"href":"https:\/\/mouldking.store\/hu\/wp-json\/wp\/v2\/product"}],"about":[{"href":"https:\/\/mouldking.store\/hu\/wp-json\/wp\/v2\/types\/product"}],"replies":[{"embeddable":true,"href":"https:\/\/mouldking.store\/hu\/wp-json\/wp\/v2\/comments?post=39884"}],"wp:featuredmedia":[{"embeddable":true,"href":"https:\/\/mouldking.store\/hu\/wp-json\/wp\/v2\/media\/39880"}],"wp:attachment":[{"href":"https:\/\/mouldking.store\/hu\/wp-json\/wp\/v2\/media?parent=39884"}],"wp:term":[{"taxonomy":"product_cat","embeddable":true,"href":"https:\/\/mouldking.store\/hu\/wp-json\/wp\/v2\/product_cat?post=39884"},{"taxonomy":"product_tag","embeddable":true,"href":"https:\/\/mouldking.store\/hu\/wp-json\/wp\/v2\/product_tag?post=39884"}],"curies":[{"name":"wp","href":"https:\/\/api.w.org\/{rel}","templated":true}]}}