{"id":39889,"date":"2023-01-13T09:54:08","date_gmt":"2023-01-13T02:54:08","guid":{"rendered":"https:\/\/mouldking.store\/shop\/mork-10206-science-and-technology-museum-with-3784-pieces\/"},"modified":"2023-01-13T09:54:08","modified_gmt":"2023-01-13T02:54:08","slug":"mork-10206-science-and-technology-museum-with-3784-pieces","status":"publish","type":"product","link":"https:\/\/mouldking.store\/hu\/shop\/mork-10206-science-and-technology-museum-with-3784-pieces\/","title":{"rendered":"MORK 10206 Science And Technology Museum with 3784 Pieces"},"content":{"rendered":"<div>\u00b7Item No. : Mork 10206<br \/>\u00b7Product Name: Science and technology museum<br \/>\u00b7Theme: Buildings<br \/>\u00b7Bricks Blocks: 3784\u00b1pcs<br \/>\u00b7 Anyaga: ABS m\u0171anyag<br \/>\u00b7Kor: 6+<br \/>.Figyelem: nem tud enni<\/div>","protected":false},"excerpt":{"rendered":"<p>Brand: MORK<br \/>\nNem: Uniszex<br \/>\nKoroszt\u00e1ly: &gt; 6 \u00e9v<br \/>\nModel Number: 10206<br \/>\nBesorol\u00e1s: \u00d6sszeszerel\u00e9s<br \/>\nM\u0171anyag blokk forma: \u00f6nz\u00e1r\u00f3 t\u00e9gla<br \/>\nAnyaga: M\u0171anyag<br \/>\nM\u0171anyag t\u00edpus: ABS<br \/>\nBricks Blocks: 3784 +<br \/>\nF\u00e9nnyel<\/p>","protected":false},"featured_media":39885,"comment_status":"open","ping_status":"closed","template":"","meta":{"_acf_changed":false},"product_cat":[1365,1395,390],"product_tag":[727,4883,8452,5679,3244,11078,11079],"class_list":["product","first","instock","shipping-taxable","purchasable","product-type-simple"],"acf":[],"_links":{"self":[{"href":"https:\/\/mouldking.store\/hu\/wp-json\/wp\/v2\/product\/39889","targetHints":{"allow":["GET"]}}],"collection":[{"href":"https:\/\/mouldking.store\/hu\/wp-json\/wp\/v2\/product"}],"about":[{"href":"https:\/\/mouldking.store\/hu\/wp-json\/wp\/v2\/types\/product"}],"replies":[{"embeddable":true,"href":"https:\/\/mouldking.store\/hu\/wp-json\/wp\/v2\/comments?post=39889"}],"wp:featuredmedia":[{"embeddable":true,"href":"https:\/\/mouldking.store\/hu\/wp-json\/wp\/v2\/media\/39885"}],"wp:attachment":[{"href":"https:\/\/mouldking.store\/hu\/wp-json\/wp\/v2\/media?parent=39889"}],"wp:term":[{"taxonomy":"product_cat","embeddable":true,"href":"https:\/\/mouldking.store\/hu\/wp-json\/wp\/v2\/product_cat?post=39889"},{"taxonomy":"product_tag","embeddable":true,"href":"https:\/\/mouldking.store\/hu\/wp-json\/wp\/v2\/product_tag?post=39889"}],"curies":[{"name":"wp","href":"https:\/\/api.w.org\/{rel}","templated":true}]}}