{"id":39896,"date":"2023-01-13T10:21:10","date_gmt":"2023-01-13T03:21:10","guid":{"rendered":"https:\/\/mouldking.store\/shop\/k-box-10519-red-apollo-evo-18-sports-car-with-3669-pieces\/"},"modified":"2023-01-13T10:21:10","modified_gmt":"2023-01-13T03:21:10","slug":"k-box-10519-red-apollo-evo-18-sports-car-with-3669-pieces","status":"publish","type":"product","link":"https:\/\/mouldking.store\/hu\/shop\/k-box-10519-red-apollo-evo-18-sports-car-with-3669-pieces\/","title":{"rendered":"K-Box 10519 Red Apollo EVO 1:8 sportaut\u00f3 3669 darabbal"},"content":{"rendered":"<div>\u00b7Cikksz\u00e1m : K-Box 10519<br \/>\u00b7A term\u00e9k neve: Apollo EVO<br \/>\u00b7T\u00e9ma: Technika<br \/>\u00b7T\u00e9gla T\u00e9gla: 3669\u00b1db<br \/>\u00b7 Anyaga: ABS m\u0171anyag<br \/>\u00b7Kor: 14+<br \/>.Figyelem: nem tud enni<\/div>","protected":false},"excerpt":{"rendered":"<p>M\u00e1rka: K-Box<br \/>\nNem: Uniszex<br \/>\nKorhat\u00e1r: 14 \u00e9v felett<br \/>\nModellsz\u00e1m: 10519<br \/>\nBesorol\u00e1s: \u00d6sszeszerel\u00e9s<br \/>\nM\u0171anyag blokk forma: \u00f6nz\u00e1r\u00f3 t\u00e9gla<br \/>\nAnyaga: M\u0171anyag<br \/>\nM\u0171anyag t\u00edpus: ABS<br \/>\nT\u00e9gla T\u00e9gla: 3669 +<br \/>\nNincs doboz<\/p>","protected":false},"featured_media":39891,"comment_status":"open","ping_status":"closed","template":"","meta":{"_acf_changed":false},"product_cat":[1360,1357,364],"product_tag":[5173,457,480,389,11080],"class_list":["product","first","instock","shipping-taxable","purchasable","product-type-simple"],"acf":[],"_links":{"self":[{"href":"https:\/\/mouldking.store\/hu\/wp-json\/wp\/v2\/product\/39896","targetHints":{"allow":["GET"]}}],"collection":[{"href":"https:\/\/mouldking.store\/hu\/wp-json\/wp\/v2\/product"}],"about":[{"href":"https:\/\/mouldking.store\/hu\/wp-json\/wp\/v2\/types\/product"}],"replies":[{"embeddable":true,"href":"https:\/\/mouldking.store\/hu\/wp-json\/wp\/v2\/comments?post=39896"}],"wp:featuredmedia":[{"embeddable":true,"href":"https:\/\/mouldking.store\/hu\/wp-json\/wp\/v2\/media\/39891"}],"wp:attachment":[{"href":"https:\/\/mouldking.store\/hu\/wp-json\/wp\/v2\/media?parent=39896"}],"wp:term":[{"taxonomy":"product_cat","embeddable":true,"href":"https:\/\/mouldking.store\/hu\/wp-json\/wp\/v2\/product_cat?post=39896"},{"taxonomy":"product_tag","embeddable":true,"href":"https:\/\/mouldking.store\/hu\/wp-json\/wp\/v2\/product_tag?post=39896"}],"curies":[{"name":"wp","href":"https:\/\/api.w.org\/{rel}","templated":true}]}}