{"id":39912,"date":"2023-01-13T11:22:38","date_gmt":"2023-01-13T04:22:38","guid":{"rendered":"https:\/\/mouldking.store\/shop\/mj-13041-the-legend-of-zelda-master-sword-with-1555-pieces\/"},"modified":"2024-04-03T09:23:20","modified_gmt":"2024-04-03T02:23:20","slug":"mj-13041-the-legend-of-zelda-master-sword-with-1555-pieces","status":"publish","type":"product","link":"https:\/\/mouldking.store\/hu\/shop\/mj-13041-the-legend-of-zelda-master-sword-with-1555-pieces\/","title":{"rendered":"MJ 13041 The Legend of Zelda Master Sword 1555 darabbal"},"content":{"rendered":"<div>1. Modellsz\u00e1m: 13041A, 13041B<br \/>2. Figyelmeztet\u00e9s: nem tud enni<br \/>3. Korhat\u00e1r: &gt; 6 \u00e9v<br \/>4. Min\u0151s\u00edt\u00e9s: 3C<br \/>5. M\u0171anyag blokk alakja: \u00f6nz\u00e1r\u00f3 t\u00e9gla<br \/>6. Anyaga: M\u0171anyag<br \/>7. M\u0171anyag t\u00edpus: ABS<br \/>8. T\u00e9gla T\u00f6mb\u00f6k: ~1555+DB<\/div>","protected":false},"excerpt":{"rendered":"<p>M\u00e1rka: MJ<br \/>\nNem: Uniszex<br \/>\nKoroszt\u00e1ly: &gt; 6 \u00e9v<br \/>\nModellsz\u00e1m: 13041<br \/>\nBesorol\u00e1s: \u00d6sszeszerel\u00e9s<br \/>\nM\u0171anyag blokk forma: \u00f6nz\u00e1r\u00f3 t\u00e9gla<br \/>\nAnyaga: M\u0171anyag<br \/>\nM\u0171anyag t\u00edpus: ABS<br \/>\nT\u00e9gla T\u00f6mb\u00f6k: 1555 +<br \/>\nDoboz n\u00e9lk\u00fcl<\/p>","protected":false},"featured_media":39908,"comment_status":"open","ping_status":"closed","template":"","meta":{"_acf_changed":false},"product_cat":[1365,371,581,1408],"product_tag":[11072,8452,9139,11082,11083,11084,434,2981,5773],"class_list":["product","first","instock","shipping-taxable","purchasable","product-type-simple"],"acf":[],"_links":{"self":[{"href":"https:\/\/mouldking.store\/hu\/wp-json\/wp\/v2\/product\/39912","targetHints":{"allow":["GET"]}}],"collection":[{"href":"https:\/\/mouldking.store\/hu\/wp-json\/wp\/v2\/product"}],"about":[{"href":"https:\/\/mouldking.store\/hu\/wp-json\/wp\/v2\/types\/product"}],"replies":[{"embeddable":true,"href":"https:\/\/mouldking.store\/hu\/wp-json\/wp\/v2\/comments?post=39912"}],"wp:featuredmedia":[{"embeddable":true,"href":"https:\/\/mouldking.store\/hu\/wp-json\/wp\/v2\/media\/39908"}],"wp:attachment":[{"href":"https:\/\/mouldking.store\/hu\/wp-json\/wp\/v2\/media?parent=39912"}],"wp:term":[{"taxonomy":"product_cat","embeddable":true,"href":"https:\/\/mouldking.store\/hu\/wp-json\/wp\/v2\/product_cat?post=39912"},{"taxonomy":"product_tag","embeddable":true,"href":"https:\/\/mouldking.store\/hu\/wp-json\/wp\/v2\/product_tag?post=39912"}],"curies":[{"name":"wp","href":"https:\/\/api.w.org\/{rel}","templated":true}]}}