{"id":39915,"date":"2023-01-13T11:37:00","date_gmt":"2023-01-13T04:37:00","guid":{"rendered":"https:\/\/mouldking.store\/shop\/sembo-612202-spongebob-squarepants-with-290-pieces\/"},"modified":"2023-01-13T11:37:00","modified_gmt":"2023-01-13T04:37:00","slug":"sembo-612202-spongebob-squarepants-with-290-pieces","status":"publish","type":"product","link":"https:\/\/mouldking.store\/hu\/shop\/sembo-612202-spongebob-squarepants-with-290-pieces\/","title":{"rendered":"SEMBO 612202 Spongyabob Kockanadr\u00e1g 290 darabbal"},"content":{"rendered":"<div>1. Modellsz\u00e1m: 612202<br \/>2. Figyelmeztet\u00e9s: nem tud enni<br \/>3. Korhat\u00e1r: &gt; 6 \u00e9v<br \/>4. Min\u0151s\u00edt\u00e9s: 3C<br \/>5. M\u0171anyag blokk alakja: \u00f6nz\u00e1r\u00f3 t\u00e9gla<br \/>6. Anyaga: M\u0171anyag<br \/>7. M\u0171anyag t\u00edpus: ABS<br \/>8. T\u00e9gla Block: ~290+DB<\/div>","protected":false},"excerpt":{"rendered":"<p>M\u00e1rka: SEMBO<br \/>\nNem: Uniszex<br \/>\nKoroszt\u00e1ly: &gt; 6 \u00e9v<br \/>\nModellsz\u00e1m: 612202<br \/>\nBesorol\u00e1s: \u00d6sszeszerel\u00e9s<br \/>\nM\u0171anyag blokk forma: \u00f6nz\u00e1r\u00f3 t\u00e9gla<br \/>\nAnyaga: M\u0171anyag<br \/>\nM\u0171anyag t\u00edpus: ABS<br \/>\nT\u00e9gla T\u00e9gla: 290+<br \/>\nDoboz n\u00e9lk\u00fcl<\/p>","protected":false},"featured_media":39913,"comment_status":"open","ping_status":"closed","template":"","meta":{"_acf_changed":false},"product_cat":[1365,371,581,1408],"product_tag":[11085,11072,8452,434,11086],"class_list":["product","first","instock","shipping-taxable","purchasable","product-type-simple"],"acf":[],"_links":{"self":[{"href":"https:\/\/mouldking.store\/hu\/wp-json\/wp\/v2\/product\/39915","targetHints":{"allow":["GET"]}}],"collection":[{"href":"https:\/\/mouldking.store\/hu\/wp-json\/wp\/v2\/product"}],"about":[{"href":"https:\/\/mouldking.store\/hu\/wp-json\/wp\/v2\/types\/product"}],"replies":[{"embeddable":true,"href":"https:\/\/mouldking.store\/hu\/wp-json\/wp\/v2\/comments?post=39915"}],"wp:featuredmedia":[{"embeddable":true,"href":"https:\/\/mouldking.store\/hu\/wp-json\/wp\/v2\/media\/39913"}],"wp:attachment":[{"href":"https:\/\/mouldking.store\/hu\/wp-json\/wp\/v2\/media?parent=39915"}],"wp:term":[{"taxonomy":"product_cat","embeddable":true,"href":"https:\/\/mouldking.store\/hu\/wp-json\/wp\/v2\/product_cat?post=39915"},{"taxonomy":"product_tag","embeddable":true,"href":"https:\/\/mouldking.store\/hu\/wp-json\/wp\/v2\/product_tag?post=39915"}],"curies":[{"name":"wp","href":"https:\/\/api.w.org\/{rel}","templated":true}]}}