{"id":40031,"date":"2023-01-16T11:40:52","date_gmt":"2023-01-16T04:40:52","guid":{"rendered":"https:\/\/mouldking.store\/shop\/moc-factory-127873-737-large-jetliner-with-1134-pieces\/"},"modified":"2025-12-25T09:11:47","modified_gmt":"2025-12-25T02:11:47","slug":"moc-factory-127873-737-large-jetliner-with-1134-pieces","status":"publish","type":"product","link":"https:\/\/mouldking.store\/hu\/shop\/moc-factory-127873-737-large-jetliner-with-1134-pieces\/","title":{"rendered":"MOC Factory 127873 737 nagy sug\u00e1rhajt\u00e1s\u00fa rep\u00fcl\u0151g\u00e9p 1134 darabbal"},"content":{"rendered":"<div>Parts: 1134 (998 main model + 136 display support)<br \/>M\u00e9ret h\u00fcvelykben: 17,3 x 19,4 x 5,9<\/div>","protected":false},"excerpt":{"rendered":"<p>M\u00e1rka: MOC Factory<br \/>\nNem: Uniszex<br \/>\nKorhat\u00e1r: 14 \u00e9v felett<br \/>\nModel Number: 127873<br \/>\nBesorol\u00e1s: \u00d6sszeszerel\u00e9s<br \/>\nM\u0171anyag blokk forma: \u00f6nz\u00e1r\u00f3 t\u00e9gla<br \/>\nAnyaga: M\u0171anyag<br \/>\nM\u0171anyag t\u00edpus: ABS<br \/>\nBricks Blocks: 1134 +<br \/>\nRendel\u00e9si id\u0151: 4-8 h\u00e9t<\/p>","protected":false},"featured_media":40025,"comment_status":"open","ping_status":"closed","template":"","meta":{"_acf_changed":false},"product_cat":[1357,364],"product_tag":[11092,389,11080],"class_list":["product","first","instock","shipping-taxable","purchasable","product-type-simple"],"acf":[],"_links":{"self":[{"href":"https:\/\/mouldking.store\/hu\/wp-json\/wp\/v2\/product\/40031","targetHints":{"allow":["GET"]}}],"collection":[{"href":"https:\/\/mouldking.store\/hu\/wp-json\/wp\/v2\/product"}],"about":[{"href":"https:\/\/mouldking.store\/hu\/wp-json\/wp\/v2\/types\/product"}],"replies":[{"embeddable":true,"href":"https:\/\/mouldking.store\/hu\/wp-json\/wp\/v2\/comments?post=40031"}],"wp:featuredmedia":[{"embeddable":true,"href":"https:\/\/mouldking.store\/hu\/wp-json\/wp\/v2\/media\/40025"}],"wp:attachment":[{"href":"https:\/\/mouldking.store\/hu\/wp-json\/wp\/v2\/media?parent=40031"}],"wp:term":[{"taxonomy":"product_cat","embeddable":true,"href":"https:\/\/mouldking.store\/hu\/wp-json\/wp\/v2\/product_cat?post=40031"},{"taxonomy":"product_tag","embeddable":true,"href":"https:\/\/mouldking.store\/hu\/wp-json\/wp\/v2\/product_tag?post=40031"}],"curies":[{"name":"wp","href":"https:\/\/api.w.org\/{rel}","templated":true}]}}