{"id":40036,"date":"2023-01-16T11:57:29","date_gmt":"2023-01-16T04:57:29","guid":{"rendered":"https:\/\/mouldking.store\/shop\/moc-factory-moc-127217-737-large-jetliner-with-1118-pieces\/"},"modified":"2025-12-16T22:25:30","modified_gmt":"2025-12-16T15:25:30","slug":"moc-factory-moc-127217-737-large-jetliner-with-1118-pieces","status":"publish","type":"product","link":"https:\/\/mouldking.store\/hu\/shop\/moc-factory-moc-127217-737-large-jetliner-with-1118-pieces\/","title":{"rendered":"MOC gy\u00e1ri MOC-127217 737 nagy sug\u00e1rhajt\u00e1s\u00fa rep\u00fcl\u0151g\u00e9p 1118 darabbal"},"content":{"rendered":"<div>M\u00e9retar\u00e1ny: 1:80<br \/>Alkatr\u00e9szek: 1118 (982 f\u0151 modell + 136 kijelz\u0151 t\u00e1mogat\u00e1s)<br \/>M\u00e9ret h\u00fcvelykben: 17,3 x 19,4 x 5,9<br \/>.Term\u00e9k s\u00falya: 760g<\/div>","protected":false},"excerpt":{"rendered":"<p>M\u00e1rka: MOC Factory<br \/>\nNem: Uniszex<br \/>\nKorhat\u00e1r: 14 \u00e9v felett<br \/>\nModellsz\u00e1m: MOC-127217<br \/>\nBesorol\u00e1s: \u00d6sszeszerel\u00e9s<br \/>\nM\u0171anyag blokk forma: \u00f6nz\u00e1r\u00f3 t\u00e9gla<br \/>\nAnyaga: M\u0171anyag<br \/>\nM\u0171anyag t\u00edpus: ABS<br \/>\nT\u00e9gla T\u00e9gla: 1118 +<br \/>\nRendel\u00e9si id\u0151: 4-8 h\u00e9t<\/p>","protected":false},"featured_media":40032,"comment_status":"open","ping_status":"closed","template":"","meta":{"_acf_changed":false},"product_cat":[1357,364],"product_tag":[11092,389,11080],"class_list":["product","first","instock","shipping-taxable","purchasable","product-type-simple"],"acf":[],"_links":{"self":[{"href":"https:\/\/mouldking.store\/hu\/wp-json\/wp\/v2\/product\/40036","targetHints":{"allow":["GET"]}}],"collection":[{"href":"https:\/\/mouldking.store\/hu\/wp-json\/wp\/v2\/product"}],"about":[{"href":"https:\/\/mouldking.store\/hu\/wp-json\/wp\/v2\/types\/product"}],"replies":[{"embeddable":true,"href":"https:\/\/mouldking.store\/hu\/wp-json\/wp\/v2\/comments?post=40036"}],"wp:featuredmedia":[{"embeddable":true,"href":"https:\/\/mouldking.store\/hu\/wp-json\/wp\/v2\/media\/40032"}],"wp:attachment":[{"href":"https:\/\/mouldking.store\/hu\/wp-json\/wp\/v2\/media?parent=40036"}],"wp:term":[{"taxonomy":"product_cat","embeddable":true,"href":"https:\/\/mouldking.store\/hu\/wp-json\/wp\/v2\/product_cat?post=40036"},{"taxonomy":"product_tag","embeddable":true,"href":"https:\/\/mouldking.store\/hu\/wp-json\/wp\/v2\/product_tag?post=40036"}],"curies":[{"name":"wp","href":"https:\/\/api.w.org\/{rel}","templated":true}]}}