{"id":40043,"date":"2023-01-16T12:12:49","date_gmt":"2023-01-16T05:12:49","guid":{"rendered":"https:\/\/mouldking.store\/shop\/moc-factory-128557-1-80-e-3-sentry-large-jet-military-early-warning-aircraft-with-1700-pieces\/"},"modified":"2025-12-16T22:25:30","modified_gmt":"2025-12-16T15:25:30","slug":"moc-factory-128557-1-80-e-3-sentry-large-jet-military-early-warning-aircraft-with-1700-pieces","status":"publish","type":"product","link":"https:\/\/mouldking.store\/hu\/shop\/moc-factory-128557-1-80-e-3-sentry-large-jet-military-early-warning-aircraft-with-1700-pieces\/","title":{"rendered":"MOC Factory 128557 1\/80 E-3 Sentry nagy sug\u00e1rhajt\u00e1s\u00fa katonai korai figyelmeztet\u0151 rep\u00fcl\u0151g\u00e9p 1700 darabbal"},"content":{"rendered":"<div>M\u00e9retar\u00e1ny: 1:80<br \/>Alkatr\u00e9szek: 1700<br \/>A PDF utas\u00edt\u00e1s m\u00e9rete: 120 MB<br \/>M\u00e9ret h\u00fcvelykben: 22,5 x 23,3 x 6,4<\/div>","protected":false},"excerpt":{"rendered":"<p>M\u00e1rka: MOC Factory<br \/>\nNem: Uniszex<br \/>\nKorhat\u00e1r: 14 \u00e9v felett<br \/>\nModellsz\u00e1m: 128557<br \/>\nBesorol\u00e1s: \u00d6sszeszerel\u00e9s<br \/>\nM\u0171anyag blokk forma: \u00f6nz\u00e1r\u00f3 t\u00e9gla<br \/>\nAnyaga: M\u0171anyag<br \/>\nM\u0171anyag t\u00edpus: ABS<br \/>\nT\u00e9gla T\u00e9gla: 1700+<br \/>\nRendel\u00e9si id\u0151: 4-8 h\u00e9t<\/p>","protected":false},"featured_media":40037,"comment_status":"open","ping_status":"closed","template":"","meta":{"_acf_changed":false},"product_cat":[1350,1357,372,364],"product_tag":[5271,11092,374,389,11080],"class_list":["product","first","instock","shipping-taxable","purchasable","product-type-simple"],"acf":[],"_links":{"self":[{"href":"https:\/\/mouldking.store\/hu\/wp-json\/wp\/v2\/product\/40043","targetHints":{"allow":["GET"]}}],"collection":[{"href":"https:\/\/mouldking.store\/hu\/wp-json\/wp\/v2\/product"}],"about":[{"href":"https:\/\/mouldking.store\/hu\/wp-json\/wp\/v2\/types\/product"}],"replies":[{"embeddable":true,"href":"https:\/\/mouldking.store\/hu\/wp-json\/wp\/v2\/comments?post=40043"}],"wp:featuredmedia":[{"embeddable":true,"href":"https:\/\/mouldking.store\/hu\/wp-json\/wp\/v2\/media\/40037"}],"wp:attachment":[{"href":"https:\/\/mouldking.store\/hu\/wp-json\/wp\/v2\/media?parent=40043"}],"wp:term":[{"taxonomy":"product_cat","embeddable":true,"href":"https:\/\/mouldking.store\/hu\/wp-json\/wp\/v2\/product_cat?post=40043"},{"taxonomy":"product_tag","embeddable":true,"href":"https:\/\/mouldking.store\/hu\/wp-json\/wp\/v2\/product_tag?post=40043"}],"curies":[{"name":"wp","href":"https:\/\/api.w.org\/{rel}","templated":true}]}}