{"id":40173,"date":"2023-01-18T21:27:09","date_gmt":"2023-01-18T14:27:09","guid":{"rendered":"https:\/\/mouldking.store\/shop\/moc-factory-124687-ghost-in-the-shell-tachikoma-with-676-pieces\/"},"modified":"2025-12-16T22:25:29","modified_gmt":"2025-12-16T15:25:29","slug":"moc-factory-124687-ghost-in-the-shell-tachikoma-with-676-pieces","status":"publish","type":"product","link":"https:\/\/mouldking.store\/hu\/shop\/moc-factory-124687-ghost-in-the-shell-tachikoma-with-676-pieces\/","title":{"rendered":"MOC Factory 124687 Ghost in the Shell Tachikoma 676 darabbal"},"content":{"rendered":"<div>Alkatr\u00e9szek sz\u00e1ma: 676 t\u00e9gla<br \/>M\u00e9retek: 28 x 14,5 x 18 cm<br \/>S\u00faly: 0,59 kg<\/div>","protected":false},"excerpt":{"rendered":"<p>M\u00e1rka: MOC Factory<br \/>\nNem: Uniszex<br \/>\nKoroszt\u00e1ly: 8 \u00e9v felett<br \/>\nModellsz\u00e1m: 124687<br \/>\nBesorol\u00e1s: \u00d6sszeszerel\u00e9s<br \/>\nM\u0171anyag blokk forma: \u00f6nz\u00e1r\u00f3 t\u00e9gla<br \/>\nAnyaga: M\u0171anyag<br \/>\nM\u0171anyag t\u00edpus: ABS<br \/>\nT\u00e9gl\u00e1k Blokkok: 676 +<br \/>\nNincs doboz<\/p>","protected":false},"featured_media":40168,"comment_status":"open","ping_status":"closed","template":"","meta":{"_acf_changed":false},"product_cat":[1365,371,581,1408],"product_tag":[11072,8452,2964,434,11103],"class_list":["product","first","instock","shipping-taxable","purchasable","product-type-simple"],"acf":[],"_links":{"self":[{"href":"https:\/\/mouldking.store\/hu\/wp-json\/wp\/v2\/product\/40173","targetHints":{"allow":["GET"]}}],"collection":[{"href":"https:\/\/mouldking.store\/hu\/wp-json\/wp\/v2\/product"}],"about":[{"href":"https:\/\/mouldking.store\/hu\/wp-json\/wp\/v2\/types\/product"}],"replies":[{"embeddable":true,"href":"https:\/\/mouldking.store\/hu\/wp-json\/wp\/v2\/comments?post=40173"}],"wp:featuredmedia":[{"embeddable":true,"href":"https:\/\/mouldking.store\/hu\/wp-json\/wp\/v2\/media\/40168"}],"wp:attachment":[{"href":"https:\/\/mouldking.store\/hu\/wp-json\/wp\/v2\/media?parent=40173"}],"wp:term":[{"taxonomy":"product_cat","embeddable":true,"href":"https:\/\/mouldking.store\/hu\/wp-json\/wp\/v2\/product_cat?post=40173"},{"taxonomy":"product_tag","embeddable":true,"href":"https:\/\/mouldking.store\/hu\/wp-json\/wp\/v2\/product_tag?post=40173"}],"curies":[{"name":"wp","href":"https:\/\/api.w.org\/{rel}","templated":true}]}}