{"id":40208,"date":"2023-01-18T22:16:21","date_gmt":"2023-01-18T15:16:21","guid":{"rendered":"https:\/\/mouldking.store\/shop\/fiftyseven-no-57-2-shadow-wolf-with-500-pieces\/"},"modified":"2023-01-18T22:16:21","modified_gmt":"2023-01-18T15:16:21","slug":"fiftyseven-no-57-2-shadow-wolf-with-500-pieces","status":"publish","type":"product","link":"https:\/\/mouldking.store\/hu\/shop\/fiftyseven-no-57-2-shadow-wolf-with-500-pieces\/","title":{"rendered":"FIFTYSEVEN No 57.2 SHADOW WOLF with 500 Pieces"},"content":{"rendered":"<div>1. Model Name: No 57 SHADOW WOLF<br \/>2. Korhat\u00e1r: &gt; 6 \u00e9v<br \/>3. Min\u0151s\u00edt\u00e9s: 3C<br \/>4. Anyaga: M\u0171anyag<br \/>5. M\u0171anyag t\u00edpus: ABS<br \/>6. Size: ~ 7.5 cm<\/div>","protected":false},"excerpt":{"rendered":"<p>M\u00e1rka: FIFTYSEVEN<br \/>\nNem: Uniszex<br \/>\nKoroszt\u00e1ly: &gt; 6 \u00e9v<br \/>\nModel Number: No 57.2<br \/>\nBesorol\u00e1s: \u00d6sszeszerel\u00e9s<br \/>\nM\u0171anyag blokk forma: \u00f6nz\u00e1r\u00f3 t\u00e9gla<br \/>\nAnyaga: M\u0171anyag<br \/>\nM\u0171anyag t\u00edpus: ABS<br \/>\nT\u00e9gla T\u00e9gla: 500+<br \/>\nA darabok v\u00e1ltozhatnak<\/p>","protected":false},"featured_media":40203,"comment_status":"open","ping_status":"closed","template":"","meta":{"_acf_changed":false},"product_cat":[1365,371,581,1408],"product_tag":[11072,8452,434,590],"class_list":["product","first","instock","shipping-taxable","purchasable","product-type-simple"],"acf":[],"_links":{"self":[{"href":"https:\/\/mouldking.store\/hu\/wp-json\/wp\/v2\/product\/40208","targetHints":{"allow":["GET"]}}],"collection":[{"href":"https:\/\/mouldking.store\/hu\/wp-json\/wp\/v2\/product"}],"about":[{"href":"https:\/\/mouldking.store\/hu\/wp-json\/wp\/v2\/types\/product"}],"replies":[{"embeddable":true,"href":"https:\/\/mouldking.store\/hu\/wp-json\/wp\/v2\/comments?post=40208"}],"wp:featuredmedia":[{"embeddable":true,"href":"https:\/\/mouldking.store\/hu\/wp-json\/wp\/v2\/media\/40203"}],"wp:attachment":[{"href":"https:\/\/mouldking.store\/hu\/wp-json\/wp\/v2\/media?parent=40208"}],"wp:term":[{"taxonomy":"product_cat","embeddable":true,"href":"https:\/\/mouldking.store\/hu\/wp-json\/wp\/v2\/product_cat?post=40208"},{"taxonomy":"product_tag","embeddable":true,"href":"https:\/\/mouldking.store\/hu\/wp-json\/wp\/v2\/product_tag?post=40208"}],"curies":[{"name":"wp","href":"https:\/\/api.w.org\/{rel}","templated":true}]}}