{"id":40219,"date":"2023-01-19T09:27:26","date_gmt":"2023-01-19T02:27:26","guid":{"rendered":"https:\/\/mouldking.store\/shop\/taigaole-t5037b-16-porsche-911-with-5588-pieces\/"},"modified":"2023-01-19T09:27:26","modified_gmt":"2023-01-19T02:27:26","slug":"taigaole-t5037b-16-porsche-911-with-5588-pieces","status":"publish","type":"product","link":"https:\/\/mouldking.store\/hu\/shop\/taigaole-t5037b-16-porsche-911-with-5588-pieces\/","title":{"rendered":"TaiGaoLe T5037B 1:6 Porsche 911 with 5588 Pieces"},"content":{"rendered":"<div>1. Model Number: T 5037B<br \/>2. Figyelmeztet\u00e9s: nem tud enni<br \/>3. Korhat\u00e1r: &gt; 6 \u00e9v<br \/>4. Min\u0151s\u00edt\u00e9s: 3C<br \/>5. M\u0171anyag blokk alakja: \u00f6nz\u00e1r\u00f3 t\u00e9gla<br \/>6. Anyaga: M\u0171anyag<br \/>7. M\u0171anyag t\u00edpus: ABS<br \/>8. Bricks Blocks: ~5588+PCS<\/div>","protected":false},"excerpt":{"rendered":"<p>Brand: TaiGaoLe<br \/>\nNem: Uniszex<br \/>\nKoroszt\u00e1ly: &gt; 6 \u00e9v<br \/>\nModel Number: T5037B<br \/>\nBesorol\u00e1s: \u00d6sszeszerel\u00e9s<br \/>\nM\u0171anyag blokk forma: \u00f6nz\u00e1r\u00f3 t\u00e9gla<br \/>\nAnyaga: M\u0171anyag<br \/>\nM\u0171anyag t\u00edpus: ABS<br \/>\nBricks Blocks: 5588 +<br \/>\nNincs doboz<\/p>","protected":false},"featured_media":40217,"comment_status":"open","ping_status":"closed","template":"","meta":{"_acf_changed":false},"product_cat":[1360,1357,364],"product_tag":[457,2754,389,11080],"class_list":["product","first","instock","shipping-taxable","purchasable","product-type-simple"],"acf":[],"_links":{"self":[{"href":"https:\/\/mouldking.store\/hu\/wp-json\/wp\/v2\/product\/40219","targetHints":{"allow":["GET"]}}],"collection":[{"href":"https:\/\/mouldking.store\/hu\/wp-json\/wp\/v2\/product"}],"about":[{"href":"https:\/\/mouldking.store\/hu\/wp-json\/wp\/v2\/types\/product"}],"replies":[{"embeddable":true,"href":"https:\/\/mouldking.store\/hu\/wp-json\/wp\/v2\/comments?post=40219"}],"wp:featuredmedia":[{"embeddable":true,"href":"https:\/\/mouldking.store\/hu\/wp-json\/wp\/v2\/media\/40217"}],"wp:attachment":[{"href":"https:\/\/mouldking.store\/hu\/wp-json\/wp\/v2\/media?parent=40219"}],"wp:term":[{"taxonomy":"product_cat","embeddable":true,"href":"https:\/\/mouldking.store\/hu\/wp-json\/wp\/v2\/product_cat?post=40219"},{"taxonomy":"product_tag","embeddable":true,"href":"https:\/\/mouldking.store\/hu\/wp-json\/wp\/v2\/product_tag?post=40219"}],"curies":[{"name":"wp","href":"https:\/\/api.w.org\/{rel}","templated":true}]}}