{"id":40268,"date":"2023-01-19T10:37:27","date_gmt":"2023-01-19T03:37:27","guid":{"rendered":"https:\/\/mouldking.store\/shop\/qman-enlighten-keeppley-42113-fantastic-ideas-guardians-of-the-deep-with-237-pieces\/"},"modified":"2023-01-19T10:37:27","modified_gmt":"2023-01-19T03:37:27","slug":"qman-enlighten-keeppley-42113-fantastic-ideas-guardians-of-the-deep-with-237-pieces","status":"publish","type":"product","link":"https:\/\/mouldking.store\/hu\/shop\/qman-enlighten-keeppley-42113-fantastic-ideas-guardians-of-the-deep-with-237-pieces\/","title":{"rendered":"QMAN \/ ENLIGHTEN \/ KEEPPLEY 42113 Fantasztikus \u00f6tletek: A m\u00e9lys\u00e9g \u0151rz\u0151i 237 darabbal"},"content":{"rendered":"<div>Number of parts 237 pcs<\/div>","protected":false},"excerpt":{"rendered":"<p>M\u00e1rka: QMAN \/ ENLIGHTEN \/ KEEPPLEY<br \/>\nNem: Uniszex<br \/>\nKoroszt\u00e1ly: &gt; 6 \u00e9v<br \/>\nModel Number: 42113<br \/>\nBesorol\u00e1s: \u00d6sszeszerel\u00e9s<br \/>\nM\u0171anyag blokk forma: \u00f6nz\u00e1r\u00f3 t\u00e9gla<br \/>\nAnyaga: M\u0171anyag<br \/>\nM\u0171anyag t\u00edpus: ABS<br \/>\nBricks Blocks: 237 +<br \/>\nEl\u0151\u00e9rt\u00e9kes\u00edt\u00e9s<br \/>\nNincs rakt\u00e1ron<\/p>","protected":false},"featured_media":40267,"comment_status":"open","ping_status":"closed","template":"","meta":{"_acf_changed":false},"product_cat":[1365,371],"product_tag":[11110,11072,8452,9486,11111,5969],"class_list":["product","first","instock","shipping-taxable","purchasable","product-type-simple"],"acf":[],"_links":{"self":[{"href":"https:\/\/mouldking.store\/hu\/wp-json\/wp\/v2\/product\/40268","targetHints":{"allow":["GET"]}}],"collection":[{"href":"https:\/\/mouldking.store\/hu\/wp-json\/wp\/v2\/product"}],"about":[{"href":"https:\/\/mouldking.store\/hu\/wp-json\/wp\/v2\/types\/product"}],"replies":[{"embeddable":true,"href":"https:\/\/mouldking.store\/hu\/wp-json\/wp\/v2\/comments?post=40268"}],"wp:featuredmedia":[{"embeddable":true,"href":"https:\/\/mouldking.store\/hu\/wp-json\/wp\/v2\/media\/40267"}],"wp:attachment":[{"href":"https:\/\/mouldking.store\/hu\/wp-json\/wp\/v2\/media?parent=40268"}],"wp:term":[{"taxonomy":"product_cat","embeddable":true,"href":"https:\/\/mouldking.store\/hu\/wp-json\/wp\/v2\/product_cat?post=40268"},{"taxonomy":"product_tag","embeddable":true,"href":"https:\/\/mouldking.store\/hu\/wp-json\/wp\/v2\/product_tag?post=40268"}],"curies":[{"name":"wp","href":"https:\/\/api.w.org\/{rel}","templated":true}]}}