{"id":40271,"date":"2023-01-19T10:42:23","date_gmt":"2023-01-19T03:42:23","guid":{"rendered":"https:\/\/mouldking.store\/shop\/qman-enlighten-keeppley-42112-unlimited-ideas-armed-vanguard-with-328-pieces\/"},"modified":"2023-01-19T10:42:23","modified_gmt":"2023-01-19T03:42:23","slug":"qman-enlighten-keeppley-42112-unlimited-ideas-armed-vanguard-with-328-pieces","status":"publish","type":"product","link":"https:\/\/mouldking.store\/hu\/shop\/qman-enlighten-keeppley-42112-unlimited-ideas-armed-vanguard-with-328-pieces\/","title":{"rendered":"QMAN \/ ENLIGHTEN \/ KEEPPLEY 42112 Unlimited Ideas: Armed Vanguard with 328 Pieces"},"content":{"rendered":"<div>Number of parts 328 pcs<br \/>Finished product 8.5 \u00d7 5.5 \u00d7 4 cm<\/div>","protected":false},"excerpt":{"rendered":"<p>M\u00e1rka: QMAN \/ ENLIGHTEN \/ KEEPPLEY<br \/>\nNem: Uniszex<br \/>\nKoroszt\u00e1ly: &gt; 6 \u00e9v<br \/>\nModel Number: 42112<br \/>\nBesorol\u00e1s: \u00d6sszeszerel\u00e9s<br \/>\nM\u0171anyag blokk forma: \u00f6nz\u00e1r\u00f3 t\u00e9gla<br \/>\nAnyaga: M\u0171anyag<br \/>\nM\u0171anyag t\u00edpus: ABS<br \/>\nBricks Blocks: 328 +<br \/>\nEl\u0151\u00e9rt\u00e9kes\u00edt\u00e9s<br \/>\nNincs rakt\u00e1ron<\/p>","protected":false},"featured_media":40269,"comment_status":"open","ping_status":"closed","template":"","meta":{"_acf_changed":false},"product_cat":[1350,372],"product_tag":[11112,374,485],"class_list":["product","first","instock","shipping-taxable","purchasable","product-type-simple"],"acf":[],"_links":{"self":[{"href":"https:\/\/mouldking.store\/hu\/wp-json\/wp\/v2\/product\/40271","targetHints":{"allow":["GET"]}}],"collection":[{"href":"https:\/\/mouldking.store\/hu\/wp-json\/wp\/v2\/product"}],"about":[{"href":"https:\/\/mouldking.store\/hu\/wp-json\/wp\/v2\/types\/product"}],"replies":[{"embeddable":true,"href":"https:\/\/mouldking.store\/hu\/wp-json\/wp\/v2\/comments?post=40271"}],"wp:featuredmedia":[{"embeddable":true,"href":"https:\/\/mouldking.store\/hu\/wp-json\/wp\/v2\/media\/40269"}],"wp:attachment":[{"href":"https:\/\/mouldking.store\/hu\/wp-json\/wp\/v2\/media?parent=40271"}],"wp:term":[{"taxonomy":"product_cat","embeddable":true,"href":"https:\/\/mouldking.store\/hu\/wp-json\/wp\/v2\/product_cat?post=40271"},{"taxonomy":"product_tag","embeddable":true,"href":"https:\/\/mouldking.store\/hu\/wp-json\/wp\/v2\/product_tag?post=40271"}],"curies":[{"name":"wp","href":"https:\/\/api.w.org\/{rel}","templated":true}]}}