{"id":40280,"date":"2023-01-19T11:00:14","date_gmt":"2023-01-19T04:00:14","guid":{"rendered":"https:\/\/mouldking.store\/shop\/balody-20033-bricks-and-tide-wedding-bride-with-395-pieces\/"},"modified":"2023-01-19T11:00:14","modified_gmt":"2023-01-19T04:00:14","slug":"balody-20033-bricks-and-tide-wedding-bride-with-395-pieces","status":"publish","type":"product","link":"https:\/\/mouldking.store\/hu\/shop\/balody-20033-bricks-and-tide-wedding-bride-with-395-pieces\/","title":{"rendered":"BALODY 20033 t\u00e9gl\u00e1k \u00e9s dag\u00e1ly: Esk\u00fcv\u0151i menyasszony 395 darabbal"},"content":{"rendered":"<div>Number of parts 395 pcs<br \/>Finished product 4.9 \u00d7 5.1 \u00d7 10.9 cm<\/div>","protected":false},"excerpt":{"rendered":"<p>M\u00e1rka: BALODY<br \/>\nNem: Uniszex<br \/>\nKoroszt\u00e1ly: &gt; 6 \u00e9v<br \/>\nModel Number: 20033<br \/>\nBesorol\u00e1s: \u00d6sszeszerel\u00e9s<br \/>\nM\u0171anyag blokk forma: \u00f6nz\u00e1r\u00f3 t\u00e9gla<br \/>\nAnyaga: M\u0171anyag<br \/>\nM\u0171anyag t\u00edpus: ABS<br \/>\nBricks Blocks: 395 +<br \/>\nEl\u0151\u00e9rt\u00e9kes\u00edt\u00e9s<br \/>\nNincs rakt\u00e1ron<\/p>","protected":false},"featured_media":40278,"comment_status":"open","ping_status":"closed","template":"","meta":{"_acf_changed":false},"product_cat":[1365,371],"product_tag":[11114,11072,8452,2324],"class_list":["product","first","instock","shipping-taxable","purchasable","product-type-simple"],"acf":[],"_links":{"self":[{"href":"https:\/\/mouldking.store\/hu\/wp-json\/wp\/v2\/product\/40280","targetHints":{"allow":["GET"]}}],"collection":[{"href":"https:\/\/mouldking.store\/hu\/wp-json\/wp\/v2\/product"}],"about":[{"href":"https:\/\/mouldking.store\/hu\/wp-json\/wp\/v2\/types\/product"}],"replies":[{"embeddable":true,"href":"https:\/\/mouldking.store\/hu\/wp-json\/wp\/v2\/comments?post=40280"}],"wp:featuredmedia":[{"embeddable":true,"href":"https:\/\/mouldking.store\/hu\/wp-json\/wp\/v2\/media\/40278"}],"wp:attachment":[{"href":"https:\/\/mouldking.store\/hu\/wp-json\/wp\/v2\/media?parent=40280"}],"wp:term":[{"taxonomy":"product_cat","embeddable":true,"href":"https:\/\/mouldking.store\/hu\/wp-json\/wp\/v2\/product_cat?post=40280"},{"taxonomy":"product_tag","embeddable":true,"href":"https:\/\/mouldking.store\/hu\/wp-json\/wp\/v2\/product_tag?post=40280"}],"curies":[{"name":"wp","href":"https:\/\/api.w.org\/{rel}","templated":true}]}}