{"id":40331,"date":"2023-01-19T14:34:35","date_gmt":"2023-01-19T07:34:35","guid":{"rendered":"https:\/\/mouldking.store\/shop\/balody-21010-zhuquefang-resting-stone-with-634-pieces\/"},"modified":"2023-01-19T14:34:35","modified_gmt":"2023-01-19T07:34:35","slug":"balody-21010-zhuquefang-resting-stone-with-634-pieces","status":"publish","type":"product","link":"https:\/\/mouldking.store\/hu\/shop\/balody-21010-zhuquefang-resting-stone-with-634-pieces\/","title":{"rendered":"BALODY 21010 Zhuquefang pihen\u0151 k\u0151 634 darabbal"},"content":{"rendered":"<div>Number of parts 634 pcs<br \/>Finished product 18.5 \u00d7 20.1 \u00d7 19.6 cm<\/div>","protected":false},"excerpt":{"rendered":"<p>M\u00e1rka: BALODY<br \/>\nNem: Uniszex<br \/>\nKoroszt\u00e1ly: 8 \u00e9v felett<br \/>\nModel Number: 21010<br \/>\nBesorol\u00e1s: \u00d6sszeszerel\u00e9s<br \/>\nM\u0171anyag blokk forma: \u00f6nz\u00e1r\u00f3 t\u00e9gla<br \/>\nAnyaga: M\u0171anyag<br \/>\nM\u0171anyag t\u00edpus: ABS<br \/>\nBricks Blocks: 634 +<br \/>\nEl\u0151\u00e9rt\u00e9kes\u00edt\u00e9s<br \/>\nNincs rakt\u00e1ron<\/p>","protected":false},"featured_media":40329,"comment_status":"open","ping_status":"closed","template":"","meta":{"_acf_changed":false},"product_cat":[1365,1395,371,390],"product_tag":[11072,8452,11099,5679,1693],"class_list":["product","first","instock","shipping-taxable","purchasable","product-type-simple"],"acf":[],"_links":{"self":[{"href":"https:\/\/mouldking.store\/hu\/wp-json\/wp\/v2\/product\/40331","targetHints":{"allow":["GET"]}}],"collection":[{"href":"https:\/\/mouldking.store\/hu\/wp-json\/wp\/v2\/product"}],"about":[{"href":"https:\/\/mouldking.store\/hu\/wp-json\/wp\/v2\/types\/product"}],"replies":[{"embeddable":true,"href":"https:\/\/mouldking.store\/hu\/wp-json\/wp\/v2\/comments?post=40331"}],"wp:featuredmedia":[{"embeddable":true,"href":"https:\/\/mouldking.store\/hu\/wp-json\/wp\/v2\/media\/40329"}],"wp:attachment":[{"href":"https:\/\/mouldking.store\/hu\/wp-json\/wp\/v2\/media?parent=40331"}],"wp:term":[{"taxonomy":"product_cat","embeddable":true,"href":"https:\/\/mouldking.store\/hu\/wp-json\/wp\/v2\/product_cat?post=40331"},{"taxonomy":"product_tag","embeddable":true,"href":"https:\/\/mouldking.store\/hu\/wp-json\/wp\/v2\/product_tag?post=40331"}],"curies":[{"name":"wp","href":"https:\/\/api.w.org\/{rel}","templated":true}]}}