{"id":40390,"date":"2023-01-19T16:10:44","date_gmt":"2023-01-19T09:10:44","guid":{"rendered":"https:\/\/mouldking.store\/shop\/moc-factory-20801-laputa-castle-in-the-sky-with-1126-pieces\/"},"modified":"2025-12-16T22:25:28","modified_gmt":"2025-12-16T15:25:28","slug":"moc-factory-20801-laputa-castle-in-the-sky-with-1126-pieces","status":"publish","type":"product","link":"https:\/\/mouldking.store\/hu\/shop\/moc-factory-20801-laputa-castle-in-the-sky-with-1126-pieces\/","title":{"rendered":"MOC Factory 20801 Laputa- Kast\u00e9ly az \u00e9gen 1126 darabbal"},"content":{"rendered":"<div>Alkatr\u00e9szsz\u00e1m: 1126 t\u00e9gla<br \/>M\u00e9retek: 24 x 9,6 x 36,64 cm<br \/>S\u00faly: 0,62 kg<\/div>","protected":false},"excerpt":{"rendered":"<p>M\u00e1rka: MOC Factory<br \/>\nNem: Uniszex<br \/>\nKoroszt\u00e1ly: 8 \u00e9v felett<br \/>\nModellsz\u00e1m: 20801<br \/>\nBesorol\u00e1s: \u00d6sszeszerel\u00e9s<br \/>\nM\u0171anyag blokk forma: \u00f6nz\u00e1r\u00f3 t\u00e9gla<br \/>\nAnyaga: M\u0171anyag<br \/>\nM\u0171anyag t\u00edpus: ABS<br \/>\nT\u00e9gla T\u00e9gla: 1126 +<br \/>\nNincs doboz<\/p>","protected":false},"featured_media":40384,"comment_status":"open","ping_status":"closed","template":"","meta":{"_acf_changed":false},"product_cat":[1365,371],"product_tag":[787,11072,8452,590,790],"class_list":["product","first","instock","shipping-taxable","purchasable","product-type-simple"],"acf":[],"_links":{"self":[{"href":"https:\/\/mouldking.store\/hu\/wp-json\/wp\/v2\/product\/40390","targetHints":{"allow":["GET"]}}],"collection":[{"href":"https:\/\/mouldking.store\/hu\/wp-json\/wp\/v2\/product"}],"about":[{"href":"https:\/\/mouldking.store\/hu\/wp-json\/wp\/v2\/types\/product"}],"replies":[{"embeddable":true,"href":"https:\/\/mouldking.store\/hu\/wp-json\/wp\/v2\/comments?post=40390"}],"wp:featuredmedia":[{"embeddable":true,"href":"https:\/\/mouldking.store\/hu\/wp-json\/wp\/v2\/media\/40384"}],"wp:attachment":[{"href":"https:\/\/mouldking.store\/hu\/wp-json\/wp\/v2\/media?parent=40390"}],"wp:term":[{"taxonomy":"product_cat","embeddable":true,"href":"https:\/\/mouldking.store\/hu\/wp-json\/wp\/v2\/product_cat?post=40390"},{"taxonomy":"product_tag","embeddable":true,"href":"https:\/\/mouldking.store\/hu\/wp-json\/wp\/v2\/product_tag?post=40390"}],"curies":[{"name":"wp","href":"https:\/\/api.w.org\/{rel}","templated":true}]}}