{"id":40460,"date":"2023-01-27T14:31:56","date_gmt":"2023-01-27T07:31:56","guid":{"rendered":"https:\/\/mouldking.store\/shop\/balody-21026-shanghai-bund-tea-house-with-2522-pieces\/"},"modified":"2023-01-27T14:31:56","modified_gmt":"2023-01-27T07:31:56","slug":"balody-21026-shanghai-bund-tea-house-with-2522-pieces","status":"publish","type":"product","link":"https:\/\/mouldking.store\/hu\/shop\/balody-21026-shanghai-bund-tea-house-with-2522-pieces\/","title":{"rendered":"BALODY 21026 Shanghai Bund: Teah\u00e1z 2522 darabbal"},"content":{"rendered":"<div>Alkatr\u00e9szek sz\u00e1ma 2522 db<br \/>K\u00e9szterm\u00e9k 19,2 \u00d7 21,6 \u00d7 22,6 cm<\/div>","protected":false},"excerpt":{"rendered":"<p>M\u00e1rka: BALODY<br \/>\nNem: Uniszex<br \/>\nKoroszt\u00e1ly: 8 \u00e9v felett<br \/>\nModellsz\u00e1m: 21026<br \/>\nBesorol\u00e1s: \u00d6sszeszerel\u00e9s<br \/>\nM\u0171anyag blokk forma: \u00f6nz\u00e1r\u00f3 t\u00e9gla<br \/>\nAnyaga: M\u0171anyag<br \/>\nM\u0171anyag t\u00edpus: ABS<br \/>\nT\u00e9gla T\u00e9gla: 2522 +<br \/>\nEl\u0151\u00e9rt\u00e9kes\u00edt\u00e9s<br \/>\nNincs rakt\u00e1ron<\/p>","protected":false},"featured_media":40457,"comment_status":"open","ping_status":"closed","template":"","meta":{"_acf_changed":false},"product_cat":[1365,1395,390],"product_tag":[4883,8452,2318,11099,392,11132],"class_list":["product","first","instock","shipping-taxable","purchasable","product-type-simple"],"acf":[],"_links":{"self":[{"href":"https:\/\/mouldking.store\/hu\/wp-json\/wp\/v2\/product\/40460","targetHints":{"allow":["GET"]}}],"collection":[{"href":"https:\/\/mouldking.store\/hu\/wp-json\/wp\/v2\/product"}],"about":[{"href":"https:\/\/mouldking.store\/hu\/wp-json\/wp\/v2\/types\/product"}],"replies":[{"embeddable":true,"href":"https:\/\/mouldking.store\/hu\/wp-json\/wp\/v2\/comments?post=40460"}],"wp:featuredmedia":[{"embeddable":true,"href":"https:\/\/mouldking.store\/hu\/wp-json\/wp\/v2\/media\/40457"}],"wp:attachment":[{"href":"https:\/\/mouldking.store\/hu\/wp-json\/wp\/v2\/media?parent=40460"}],"wp:term":[{"taxonomy":"product_cat","embeddable":true,"href":"https:\/\/mouldking.store\/hu\/wp-json\/wp\/v2\/product_cat?post=40460"},{"taxonomy":"product_tag","embeddable":true,"href":"https:\/\/mouldking.store\/hu\/wp-json\/wp\/v2\/product_tag?post=40460"}],"curies":[{"name":"wp","href":"https:\/\/api.w.org\/{rel}","templated":true}]}}