{"id":40472,"date":"2023-01-27T15:16:16","date_gmt":"2023-01-27T08:16:16","guid":{"rendered":"https:\/\/mouldking.store\/shop\/taigaole-t2044-scar-assault-rifle-with-1090-pieces\/"},"modified":"2023-01-27T15:16:16","modified_gmt":"2023-01-27T08:16:16","slug":"taigaole-t2044-scar-assault-rifle-with-1090-pieces","status":"publish","type":"product","link":"https:\/\/mouldking.store\/hu\/shop\/taigaole-t2044-scar-assault-rifle-with-1090-pieces\/","title":{"rendered":"TaiGaoLe T2044 SCAR Assault Rifle with 1090 Pieces"},"content":{"rendered":"<div>Number of parts 1090 pcs<br \/>Finished product 60 \u00d7 6 \u00d7 23 cm<\/div>","protected":false},"excerpt":{"rendered":"<p>Brand: TaiGaoLe<br \/>\nNem: Uniszex<br \/>\nKorhat\u00e1r: 14 \u00e9v felett<br \/>\nModel Number: T2044<br \/>\nBesorol\u00e1s: \u00d6sszeszerel\u00e9s<br \/>\nM\u0171anyag blokk forma: \u00f6nz\u00e1r\u00f3 t\u00e9gla<br \/>\nAnyaga: M\u0171anyag<br \/>\nM\u0171anyag t\u00edpus: ABS<br \/>\nBricks Blocks: 1090 +<br \/>\nEl\u0151\u00e9rt\u00e9kes\u00edt\u00e9s<br \/>\nNincs rakt\u00e1ron<\/p>","protected":false},"featured_media":40471,"comment_status":"open","ping_status":"closed","template":"","meta":{"_acf_changed":false},"product_cat":[1350,371,372],"product_tag":[7147,11072,5154,374,11135],"class_list":["product","first","instock","shipping-taxable","purchasable","product-type-simple"],"acf":[],"_links":{"self":[{"href":"https:\/\/mouldking.store\/hu\/wp-json\/wp\/v2\/product\/40472","targetHints":{"allow":["GET"]}}],"collection":[{"href":"https:\/\/mouldking.store\/hu\/wp-json\/wp\/v2\/product"}],"about":[{"href":"https:\/\/mouldking.store\/hu\/wp-json\/wp\/v2\/types\/product"}],"replies":[{"embeddable":true,"href":"https:\/\/mouldking.store\/hu\/wp-json\/wp\/v2\/comments?post=40472"}],"wp:featuredmedia":[{"embeddable":true,"href":"https:\/\/mouldking.store\/hu\/wp-json\/wp\/v2\/media\/40471"}],"wp:attachment":[{"href":"https:\/\/mouldking.store\/hu\/wp-json\/wp\/v2\/media?parent=40472"}],"wp:term":[{"taxonomy":"product_cat","embeddable":true,"href":"https:\/\/mouldking.store\/hu\/wp-json\/wp\/v2\/product_cat?post=40472"},{"taxonomy":"product_tag","embeddable":true,"href":"https:\/\/mouldking.store\/hu\/wp-json\/wp\/v2\/product_tag?post=40472"}],"curies":[{"name":"wp","href":"https:\/\/api.w.org\/{rel}","templated":true}]}}