{"id":40481,"date":"2023-01-27T15:31:02","date_gmt":"2023-01-27T08:31:02","guid":{"rendered":"https:\/\/mouldking.store\/shop\/kazi-gbl-bozhi-ky1082-mechanical-engineer-porsche-911-pull-back-car-with-463-pieces\/"},"modified":"2023-01-27T15:31:02","modified_gmt":"2023-01-27T08:31:02","slug":"kazi-gbl-bozhi-ky1082-mechanical-engineer-porsche-911-pull-back-car-with-463-pieces","status":"publish","type":"product","link":"https:\/\/mouldking.store\/hu\/shop\/kazi-gbl-bozhi-ky1082-mechanical-engineer-porsche-911-pull-back-car-with-463-pieces\/","title":{"rendered":"KAZI \/ GBL \/ BOZHI KY1082 G\u00e9p\u00e9szm\u00e9rn\u00f6k: Porsche 911 visszah\u00fazhat\u00f3 aut\u00f3 463 darabbal"},"content":{"rendered":"<div>Alkatr\u00e9szek sz\u00e1ma 463 db<\/div>","protected":false},"excerpt":{"rendered":"<p>M\u00e1rka: KAZI \/ GBL \/ BOZHI<br \/>\nNem: Uniszex<br \/>\nKoroszt\u00e1ly: &gt; 6 \u00e9v<br \/>\nModellsz\u00e1m: KY1082<br \/>\nBesorol\u00e1s: \u00d6sszeszerel\u00e9s<br \/>\nM\u0171anyag blokk forma: \u00f6nz\u00e1r\u00f3 t\u00e9gla<br \/>\nAnyaga: M\u0171anyag<br \/>\nM\u0171anyag t\u00edpus: ABS<br \/>\nT\u00e9gla blokkok: 463 +<br \/>\nEl\u0151\u00e9rt\u00e9kes\u00edt\u00e9s<br \/>\nNincs rakt\u00e1ron<\/p>","protected":false},"featured_media":40479,"comment_status":"open","ping_status":"closed","template":"","meta":{"_acf_changed":false},"product_cat":[1360,1357,364],"product_tag":[457,11140,11138,2754,11139,389,11080],"class_list":["product","first","instock","shipping-taxable","purchasable","product-type-simple"],"acf":[],"_links":{"self":[{"href":"https:\/\/mouldking.store\/hu\/wp-json\/wp\/v2\/product\/40481","targetHints":{"allow":["GET"]}}],"collection":[{"href":"https:\/\/mouldking.store\/hu\/wp-json\/wp\/v2\/product"}],"about":[{"href":"https:\/\/mouldking.store\/hu\/wp-json\/wp\/v2\/types\/product"}],"replies":[{"embeddable":true,"href":"https:\/\/mouldking.store\/hu\/wp-json\/wp\/v2\/comments?post=40481"}],"wp:featuredmedia":[{"embeddable":true,"href":"https:\/\/mouldking.store\/hu\/wp-json\/wp\/v2\/media\/40479"}],"wp:attachment":[{"href":"https:\/\/mouldking.store\/hu\/wp-json\/wp\/v2\/media?parent=40481"}],"wp:term":[{"taxonomy":"product_cat","embeddable":true,"href":"https:\/\/mouldking.store\/hu\/wp-json\/wp\/v2\/product_cat?post=40481"},{"taxonomy":"product_tag","embeddable":true,"href":"https:\/\/mouldking.store\/hu\/wp-json\/wp\/v2\/product_tag?post=40481"}],"curies":[{"name":"wp","href":"https:\/\/api.w.org\/{rel}","templated":true}]}}