{"id":40517,"date":"2023-01-30T09:35:42","date_gmt":"2023-01-30T02:35:42","guid":{"rendered":"https:\/\/mouldking.store\/shop\/sluban-m38-b1109-world-war-ii-pacific-storm-f4u-1-corsair-fighter-with-550-pieces\/"},"modified":"2023-02-06T10:35:48","modified_gmt":"2023-02-06T03:35:48","slug":"sluban-m38-b1109-world-war-ii-pacific-storm-f4u-1-corsair-fighter-with-550-pieces","status":"publish","type":"product","link":"https:\/\/mouldking.store\/hu\/shop\/sluban-m38-b1109-world-war-ii-pacific-storm-f4u-1-corsair-fighter-with-550-pieces\/","title":{"rendered":"Sluban M38-B1109 m\u00e1sodik vil\u00e1gh\u00e1bor\u00fas csendes-\u00f3ce\u00e1ni vihar: F4U-1 Corsair Fighter 550 darabbal"},"content":{"rendered":"<p><span data-sheets-value=\"{&quot;1&quot;:2,&quot;2&quot;:&quot;\u2705 LW 2098 Iron Mech Anti-Hulk Armor\\n\\n\u2705Iron Mech Anti-Hulk Armor is a fictional technology from the Marvel Comics universe, specifically designed to be used against the Incredible Hulk. It is an armored exo-suit, equipped with weapons and other technology specifically made to combat the Hulk's immense strength and durability. The Iron Mech Anti-Hulk Armor was created by Tony Stark, also known as Iron Man, to help protect the world from the destructive power of the Hulk.\\n\\n\ud83d\udeab IMPORTANT!\\n\\nProduct Name: Iron Mech Anti-Hulk Armor\\n\\nCategory: Movie\\n\\nThis Kit Contains: LW 2098\\n\\n4448 pcs Good Quality Bricks\\n\\nSize: 37 \u00d7 17 \u00d7 45.5 cm\\n\\nManual Instructions\\n\\n\ud83d\udcccNature of the protagonist\\n\\nIntroducing our proud collection named \u201cIron Mech Anti-Hulk Armor\u201d you should not miss.\\n\\nIron Mech Anti-Hulk Armor is a fictional exo-suit created by Tony Stark, also known as Iron Man, in the Marvel Comics universe. It is specifically designed to combat the Incredible Hulk, one of the most powerful and destructive forces in the Marvel universe. The Iron Mech Anti-Hulk Armor is equipped with advanced weapons, technology, and armor to counteract the Hulk's immense strength and durability, making it one of the few weapons capable of stopping the rampaging superhero. This armor is seen as a last resort to protect humanity and maintain order in the face of the Hulk's overwhelming power.&quot;}\" data-sheets-userformat=\"{&quot;2&quot;:33559489,&quot;3&quot;:{&quot;1&quot;:0},&quot;9&quot;:0,&quot;10&quot;:2,&quot;11&quot;:3,&quot;12&quot;:0,&quot;15&quot;:&quot;Arial&quot;,&quot;28&quot;:1}\">\u2705 Sluban M38-B1109 m\u00e1sodik vil\u00e1gh\u00e1bor\u00fas csendes-\u00f3ce\u00e1ni vihar: F4U-1 Corsair Fighter<\/p>\n<p>\u2705A Vought F4U-1 Corsair egy vad\u00e1szrep\u00fcl\u0151g\u00e9p volt, amelyet els\u0151sorban a m\u00e1sodik vil\u00e1gh\u00e1bor\u00faban \u00e9s a koreai h\u00e1bor\u00faban haszn\u00e1ltak. A j\u00e1rm\u0171 ir\u00e1nti kereslet soha nem cs\u00f6kkent az 1944-es bevezet\u00e9st\u0151l a forgalomb\u00f3l val\u00f3 1957-es kivon\u00e1sig. Ez a k\u00e9szlet kiv\u00e1l\u00f3 kieg\u00e9sz\u00edt\u0151je b\u00e1rmely katonai gy\u0171jtem\u00e9nynek.<\/p>\n<p>\ud83d\udeab FONTOS!<\/p>\n<p>Term\u00e9k neve: II. vil\u00e1gh\u00e1bor\u00fas csendes-\u00f3ce\u00e1ni vihar: F4U-1 Corsair Fighter<\/p>\n<p>Kateg\u00f3ria: Katonai<\/p>\n<p>A k\u00e9szlet tartalma: Sluban M38-B1109<\/p>\n<p>550 db J\u00f3 min\u0151s\u00e9g\u0171 t\u00e9gla<\/p>\n<p>K\u00e9zi utas\u00edt\u00e1sok<\/p>\n<p>\ud83d\udcccA f\u0151szerepl\u0151 term\u00e9szete<\/p>\n<p>Bemutatjuk a \u201eWorld War II Pacific Storm: F4U-1 Corsair Fighter\u201d nev\u0171 b\u00fcszke kollekci\u00f3nkat, amelyet nem szabad kihagyni.<\/p>\n<p>M\u00e1sodik vil\u00e1gh\u00e1bor\u00fas csendes-\u00f3ce\u00e1ni vihar: A Vought F4U-1 Corsair egy adott t\u00edpus\u00fa vad\u00e1szrep\u00fcl\u0151g\u00e9pre utal, amelyet az Egyes\u00fclt \u00c1llamok hadserege haszn\u00e1lt a m\u00e1sodik vil\u00e1gh\u00e1bor\u00fa alatt. A Vought F4U-1 Corsair egy hajt\u00f3m\u0171ves, egy\u00fcl\u00e9ses vad\u00e1szrep\u00fcl\u0151g\u00e9p volt, amelyet sz\u00e9les k\u00f6rben haszn\u00e1ltak a m\u00e1sodik vil\u00e1gh\u00e1bor\u00fa Pacific Theatre-j\u00e9ben. Jellegzetes ford\u00edtott sir\u00e1lysz\u00e1rny\u00fa kialak\u00edt\u00e1s\u00e1r\u00f3l volt ismert, \u00e9s a h\u00e1bor\u00fa egyik legjobb hordoz\u00f3 alap\u00fa vad\u00e1szrep\u00fcl\u0151g\u00e9pek\u00e9nt tartott\u00e1k sz\u00e1mon. Az F4U-1 Corsair-t az Egyes\u00fclt \u00c1llamok haditenger\u00e9szete \u00e9s tenger\u00e9szgyalogs\u00e1ga haszn\u00e1lta, \u00e9s k\u00fcl\u00f6nf\u00e9le szerepekben haszn\u00e1lt\u00e1k, t\u00f6bbek k\u00f6z\u00f6tt l\u00e9gi f\u00f6l\u00e9nyben, f\u00f6ldi t\u00e1mad\u00e1sban \u00e9s k\u00f6zeli l\u00e9gi t\u00e1mogat\u00e1sban. A \u201eWorld War II Pacific Storm\u201d val\u00f3sz\u00edn\u0171leg egy videoj\u00e1t\u00e9k vagy m\u00e1s t\u00f6rt\u00e9nelmi szimul\u00e1ci\u00f3 neve, amely a Vought F4U-1 Corsairt j\u00e1tszhat\u00f3 egys\u00e9gk\u00e9nt tartalmazza.<\/span><\/p>","protected":false},"excerpt":{"rendered":"<p>M\u00e1rka: Sluban<br \/>\nNem: Uniszex<br \/>\nKoroszt\u00e1ly: 8 \u00e9v felett<br \/>\nModellsz\u00e1m: M38-B1109<br \/>\nBesorol\u00e1s: \u00d6sszeszerel\u00e9s<br \/>\nM\u0171anyag blokk forma: \u00f6nz\u00e1r\u00f3 t\u00e9gla<br \/>\nAnyaga: M\u0171anyag<br \/>\nM\u0171anyag t\u00edpus: ABS<br \/>\nT\u00e9gla blokkok: 550+<\/p>","protected":false},"featured_media":40515,"comment_status":"open","ping_status":"closed","template":"","meta":{"_acf_changed":false},"product_cat":[1365,1350,372],"product_tag":[8452,11142,7374,374,8235],"class_list":["product","first","instock","shipping-taxable","purchasable","product-type-simple"],"acf":[],"_links":{"self":[{"href":"https:\/\/mouldking.store\/hu\/wp-json\/wp\/v2\/product\/40517","targetHints":{"allow":["GET"]}}],"collection":[{"href":"https:\/\/mouldking.store\/hu\/wp-json\/wp\/v2\/product"}],"about":[{"href":"https:\/\/mouldking.store\/hu\/wp-json\/wp\/v2\/types\/product"}],"replies":[{"embeddable":true,"href":"https:\/\/mouldking.store\/hu\/wp-json\/wp\/v2\/comments?post=40517"}],"wp:featuredmedia":[{"embeddable":true,"href":"https:\/\/mouldking.store\/hu\/wp-json\/wp\/v2\/media\/40515"}],"wp:attachment":[{"href":"https:\/\/mouldking.store\/hu\/wp-json\/wp\/v2\/media?parent=40517"}],"wp:term":[{"taxonomy":"product_cat","embeddable":true,"href":"https:\/\/mouldking.store\/hu\/wp-json\/wp\/v2\/product_cat?post=40517"},{"taxonomy":"product_tag","embeddable":true,"href":"https:\/\/mouldking.store\/hu\/wp-json\/wp\/v2\/product_tag?post=40517"}],"curies":[{"name":"wp","href":"https:\/\/api.w.org\/{rel}","templated":true}]}}