{"id":40520,"date":"2023-01-30T09:40:39","date_gmt":"2023-01-30T02:40:39","guid":{"rendered":"https:\/\/mouldking.store\/shop\/sluban-m38-b1110-world-war-ii-pacific-storm-m4a3-76w-medium-tank-with-715-pieces\/"},"modified":"2023-02-06T10:27:21","modified_gmt":"2023-02-06T03:27:21","slug":"sluban-m38-b1110-world-war-ii-pacific-storm-m4a3-76w-medium-tank-with-715-pieces","status":"publish","type":"product","link":"https:\/\/mouldking.store\/hu\/shop\/sluban-m38-b1110-world-war-ii-pacific-storm-m4a3-76w-medium-tank-with-715-pieces\/","title":{"rendered":"Sluban M38-B1110 m\u00e1sodik vil\u00e1gh\u00e1bor\u00fas csendes-\u00f3ce\u00e1ni vihar: M4A3 (76 W) k\u00f6zepes tart\u00e1ly 715 darabbal"},"content":{"rendered":"<p><span data-sheets-value=\"{&quot;1&quot;:2,&quot;2&quot;:&quot;\u2705 LW 2098 Iron Mech Anti-Hulk Armor\\n\\n\u2705Iron Mech Anti-Hulk Armor is a fictional technology from the Marvel Comics universe, specifically designed to be used against the Incredible Hulk. It is an armored exo-suit, equipped with weapons and other technology specifically made to combat the Hulk's immense strength and durability. The Iron Mech Anti-Hulk Armor was created by Tony Stark, also known as Iron Man, to help protect the world from the destructive power of the Hulk.\\n\\n\ud83d\udeab IMPORTANT!\\n\\nProduct Name: Iron Mech Anti-Hulk Armor\\n\\nCategory: Movie\\n\\nThis Kit Contains: LW 2098\\n\\n4448 pcs Good Quality Bricks\\n\\nSize: 37 \u00d7 17 \u00d7 45.5 cm\\n\\nManual Instructions\\n\\n\ud83d\udcccNature of the protagonist\\n\\nIntroducing our proud collection named \u201cIron Mech Anti-Hulk Armor\u201d you should not miss.\\n\\nIron Mech Anti-Hulk Armor is a fictional exo-suit created by Tony Stark, also known as Iron Man, in the Marvel Comics universe. It is specifically designed to combat the Incredible Hulk, one of the most powerful and destructive forces in the Marvel universe. The Iron Mech Anti-Hulk Armor is equipped with advanced weapons, technology, and armor to counteract the Hulk's immense strength and durability, making it one of the few weapons capable of stopping the rampaging superhero. This armor is seen as a last resort to protect humanity and maintain order in the face of the Hulk's overwhelming power.&quot;}\" data-sheets-userformat=\"{&quot;2&quot;:33559489,&quot;3&quot;:{&quot;1&quot;:0},&quot;9&quot;:0,&quot;10&quot;:2,&quot;11&quot;:3,&quot;12&quot;:0,&quot;15&quot;:&quot;Arial&quot;,&quot;28&quot;:1}\">\u2705 Sluban M38-B1110 m\u00e1sodik vil\u00e1gh\u00e1bor\u00fas csendes-\u00f3ce\u00e1ni vihar: M4A3 (76W) k\u00f6zepes tart\u00e1ly<\/span><\/p>\n<p>\u2705 M\u00e1sodik vil\u00e1gh\u00e1bor\u00fas csendes-\u00f3ce\u00e1ni vihar: M4A3 (76W) Medium Tank az \u00e9p\u00edt\u0151elem k\u00e9szletek katonai sorozat\u00e1ba tartozik, \u00e9s a teljes k\u00e9szlet 715 \u00e9p\u00edt\u0151elem r\u00e9szecsk\u00e9t tartalmaz. Els\u0151 megjelen\u00e9s 2022.<\/p>\n<p>\ud83d\udeab FONTOS!<\/p>\n<p>Term\u00e9k neve: II. vil\u00e1gh\u00e1bor\u00fas csendes-\u00f3ce\u00e1ni vihar: M4A3 (76W) k\u00f6zepes tart\u00e1ly<\/p>\n<p>Kateg\u00f3ria: Katonai<\/p>\n<p>A k\u00e9szlet tartalma: Sluban M38-B1110<\/p>\n<p>715 db J\u00f3 min\u0151s\u00e9g\u0171 t\u00e9gla<\/p>\n<p>K\u00e9zi utas\u00edt\u00e1sok<\/p>\n<p>\ud83d\udcccA f\u0151szerepl\u0151 term\u00e9szete<\/p>\n<p>Bemutatjuk a \u201eWorld War II Pacific Storm: M4A3 (76W) Medium Tank\u201d nev\u0171 b\u00fcszke kollekci\u00f3nkat, amelyet nem szabad kihagyni.<\/p>\n<p>M\u00e1sodik vil\u00e1gh\u00e1bor\u00fas csendes-\u00f3ce\u00e1ni vihar: M4A3 (76W) Medium Tank az Egyes\u00fclt \u00c1llamok hadserege \u00e1ltal a m\u00e1sodik vil\u00e1gh\u00e1bor\u00fa alatt haszn\u00e1lt speci\u00e1lis harckocsit\u00edpusra utal. Az M4A3 (76W) az M4 Sherman harckocsi egy v\u00e1ltozata volt, \u00e9s 76 mm-es l\u00f6veggel volt felszerelve, ami jelent\u0151s tov\u00e1bbfejleszt\u00e9s volt az M4 Sherman harckocsi kor\u00e1bbi verzi\u00f3iban haszn\u00e1lt 75 mm-es fegyverhez k\u00e9pest. Az M4 Sherman ezen v\u00e1ltozat\u00e1t sz\u00e9les k\u00f6rben haszn\u00e1lt\u00e1k a m\u00e1sodik vil\u00e1gh\u00e1bor\u00fa Pacific Theatre-ben, ahol fontos szerepet j\u00e1tszott a jap\u00e1nok elleni sz\u00e1mos csat\u00e1ban. A \u201eWorld War II Pacific Storm\u201d val\u00f3sz\u00edn\u0171leg egy videoj\u00e1t\u00e9k vagy m\u00e1s t\u00f6rt\u00e9nelmi szimul\u00e1ci\u00f3 neve, amely j\u00e1tszhat\u00f3 egys\u00e9gk\u00e9nt tartalmazza az M4A3 (76W) Medium Tankot.<\/p>","protected":false},"excerpt":{"rendered":"<p>M\u00e1rka: Sluban<br \/>\nNem: Uniszex<br \/>\nKoroszt\u00e1ly: 8 \u00e9v felett<br \/>\nModellsz\u00e1m: M38-B1110<br \/>\nBesorol\u00e1s: \u00d6sszeszerel\u00e9s<br \/>\nM\u0171anyag blokk forma: \u00f6nz\u00e1r\u00f3 t\u00e9gla<br \/>\nAnyaga: M\u0171anyag<br \/>\nM\u0171anyag t\u00edpus: ABS<br \/>\nT\u00e9gla T\u00e9gla: 715 +<\/p>","protected":false},"featured_media":40518,"comment_status":"open","ping_status":"closed","template":"","meta":{"_acf_changed":false},"product_cat":[1365,1350,372],"product_tag":[8452,3813,374,485,8235],"class_list":["product","first","instock","shipping-taxable","purchasable","product-type-simple"],"acf":[],"_links":{"self":[{"href":"https:\/\/mouldking.store\/hu\/wp-json\/wp\/v2\/product\/40520","targetHints":{"allow":["GET"]}}],"collection":[{"href":"https:\/\/mouldking.store\/hu\/wp-json\/wp\/v2\/product"}],"about":[{"href":"https:\/\/mouldking.store\/hu\/wp-json\/wp\/v2\/types\/product"}],"replies":[{"embeddable":true,"href":"https:\/\/mouldking.store\/hu\/wp-json\/wp\/v2\/comments?post=40520"}],"wp:featuredmedia":[{"embeddable":true,"href":"https:\/\/mouldking.store\/hu\/wp-json\/wp\/v2\/media\/40518"}],"wp:attachment":[{"href":"https:\/\/mouldking.store\/hu\/wp-json\/wp\/v2\/media?parent=40520"}],"wp:term":[{"taxonomy":"product_cat","embeddable":true,"href":"https:\/\/mouldking.store\/hu\/wp-json\/wp\/v2\/product_cat?post=40520"},{"taxonomy":"product_tag","embeddable":true,"href":"https:\/\/mouldking.store\/hu\/wp-json\/wp\/v2\/product_tag?post=40520"}],"curies":[{"name":"wp","href":"https:\/\/api.w.org\/{rel}","templated":true}]}}