{"id":40525,"date":"2023-01-30T10:01:33","date_gmt":"2023-01-30T03:01:33","guid":{"rendered":"https:\/\/mouldking.store\/shop\/kazi-gbl-bozhi-ky84123-modern-equipment-multifunctional-armored-vehicles-with-418-pieces\/"},"modified":"2023-01-30T10:01:33","modified_gmt":"2023-01-30T03:01:33","slug":"kazi-gbl-bozhi-ky84123-modern-equipment-multifunctional-armored-vehicles-with-418-pieces","status":"publish","type":"product","link":"https:\/\/mouldking.store\/hu\/shop\/kazi-gbl-bozhi-ky84123-modern-equipment-multifunctional-armored-vehicles-with-418-pieces\/","title":{"rendered":"KAZI \/ GBL \/ BOZHI KY84123 Modern felszerelts\u00e9g: T\u00f6bbfunkci\u00f3s p\u00e1nc\u00e9lozott j\u00e1rm\u0171vek 418 darabbal"},"content":{"rendered":"<div>Modern felszerelts\u00e9g: A t\u00f6bbfunkci\u00f3s poz\u00edci\u00f3p\u00e1nc\u00e9lozott j\u00e1rm\u0171 a katonai \u00e9p\u00edt\u0151elem-k\u00e9szletek sorozat\u00e1ba tartozik, a teljes k\u00e9szlet 418 db \u00e9p\u00edt\u0151elem-szemcs\u00e9t tartalmaz. Els\u0151 megjelen\u00e9s 2023.<\/div>","protected":false},"excerpt":{"rendered":"<p>M\u00e1rka: KAZI \/ GBL \/ BOZHI<br \/>\nNem: Uniszex<br \/>\nKoroszt\u00e1ly: 8 \u00e9v felett<br \/>\nModellsz\u00e1m: KY84123<br \/>\nBesorol\u00e1s: \u00d6sszeszerel\u00e9s<br \/>\nM\u0171anyag blokk forma: \u00f6nz\u00e1r\u00f3 t\u00e9gla<br \/>\nAnyaga: M\u0171anyag<br \/>\nM\u0171anyag t\u00edpus: ABS<br \/>\nT\u00e9gla T\u00e9gla: 418+<br \/>\nEl\u0151\u00e9rt\u00e9kes\u00edt\u00e9s<br \/>\nNincs rakt\u00e1ron<\/p>","protected":false},"featured_media":40524,"comment_status":"open","ping_status":"closed","template":"","meta":{"_acf_changed":false},"product_cat":[1365,1350,372],"product_tag":[11148,8452,11146,374,11145,11147,485,2803],"class_list":["product","first","instock","shipping-taxable","purchasable","product-type-simple"],"acf":[],"_links":{"self":[{"href":"https:\/\/mouldking.store\/hu\/wp-json\/wp\/v2\/product\/40525","targetHints":{"allow":["GET"]}}],"collection":[{"href":"https:\/\/mouldking.store\/hu\/wp-json\/wp\/v2\/product"}],"about":[{"href":"https:\/\/mouldking.store\/hu\/wp-json\/wp\/v2\/types\/product"}],"replies":[{"embeddable":true,"href":"https:\/\/mouldking.store\/hu\/wp-json\/wp\/v2\/comments?post=40525"}],"wp:featuredmedia":[{"embeddable":true,"href":"https:\/\/mouldking.store\/hu\/wp-json\/wp\/v2\/media\/40524"}],"wp:attachment":[{"href":"https:\/\/mouldking.store\/hu\/wp-json\/wp\/v2\/media?parent=40525"}],"wp:term":[{"taxonomy":"product_cat","embeddable":true,"href":"https:\/\/mouldking.store\/hu\/wp-json\/wp\/v2\/product_cat?post=40525"},{"taxonomy":"product_tag","embeddable":true,"href":"https:\/\/mouldking.store\/hu\/wp-json\/wp\/v2\/product_tag?post=40525"}],"curies":[{"name":"wp","href":"https:\/\/api.w.org\/{rel}","templated":true}]}}