{"id":40528,"date":"2023-01-30T10:13:32","date_gmt":"2023-01-30T03:13:32","guid":{"rendered":"https:\/\/mouldking.store\/shop\/qiao-le-tong-8811-glowing-lighthouse-music-box-red-with-616-pieces\/"},"modified":"2023-01-30T10:13:32","modified_gmt":"2023-01-30T03:13:32","slug":"qiao-le-tong-8811-glowing-lighthouse-music-box-red-with-616-pieces","status":"publish","type":"product","link":"https:\/\/mouldking.store\/hu\/shop\/qiao-le-tong-8811-glowing-lighthouse-music-box-red-with-616-pieces\/","title":{"rendered":"Qiao Le Tong 8811 izz\u00f3 vil\u00e1g\u00edt\u00f3torony zenedoboz piros 616 darabbal"},"content":{"rendered":"<div>Number of parts 616 pcs<br \/>Finished product 12.8 \u00d7 12.8 \u00d7 33.5 cm<\/div>","protected":false},"excerpt":{"rendered":"<p>Brand: Qiao Le Tong<br \/>\nNem: Uniszex<br \/>\nKoroszt\u00e1ly: &gt; 6 \u00e9v<br \/>\nModel Number: 8811<br \/>\nBesorol\u00e1s: \u00d6sszeszerel\u00e9s<br \/>\nM\u0171anyag blokk forma: \u00f6nz\u00e1r\u00f3 t\u00e9gla<br \/>\nAnyaga: M\u0171anyag<br \/>\nM\u0171anyag t\u00edpus: ABS<br \/>\nBricks Blocks: 616 +<br \/>\nEl\u0151\u00e9rt\u00e9kes\u00edt\u00e9s<br \/>\nNincs rakt\u00e1ron<\/p>","protected":false},"featured_media":40526,"comment_status":"open","ping_status":"closed","template":"","meta":{"_acf_changed":false},"product_cat":[1365,371],"product_tag":[11149,11072,8452,10110,1465],"class_list":["product","first","instock","shipping-taxable","purchasable","product-type-simple"],"acf":[],"_links":{"self":[{"href":"https:\/\/mouldking.store\/hu\/wp-json\/wp\/v2\/product\/40528","targetHints":{"allow":["GET"]}}],"collection":[{"href":"https:\/\/mouldking.store\/hu\/wp-json\/wp\/v2\/product"}],"about":[{"href":"https:\/\/mouldking.store\/hu\/wp-json\/wp\/v2\/types\/product"}],"replies":[{"embeddable":true,"href":"https:\/\/mouldking.store\/hu\/wp-json\/wp\/v2\/comments?post=40528"}],"wp:featuredmedia":[{"embeddable":true,"href":"https:\/\/mouldking.store\/hu\/wp-json\/wp\/v2\/media\/40526"}],"wp:attachment":[{"href":"https:\/\/mouldking.store\/hu\/wp-json\/wp\/v2\/media?parent=40528"}],"wp:term":[{"taxonomy":"product_cat","embeddable":true,"href":"https:\/\/mouldking.store\/hu\/wp-json\/wp\/v2\/product_cat?post=40528"},{"taxonomy":"product_tag","embeddable":true,"href":"https:\/\/mouldking.store\/hu\/wp-json\/wp\/v2\/product_tag?post=40528"}],"curies":[{"name":"wp","href":"https:\/\/api.w.org\/{rel}","templated":true}]}}