{"id":40554,"date":"2023-01-30T11:11:57","date_gmt":"2023-01-30T04:11:57","guid":{"rendered":"https:\/\/mouldking.store\/shop\/zhegao-dz6103-tutu-xiaoguang-loft-duplex-apartment-with-1096-pieces\/"},"modified":"2023-01-30T11:11:57","modified_gmt":"2023-01-30T04:11:57","slug":"zhegao-dz6103-tutu-xiaoguang-loft-duplex-apartment-with-1096-pieces","status":"publish","type":"product","link":"https:\/\/mouldking.store\/hu\/shop\/zhegao-dz6103-tutu-xiaoguang-loft-duplex-apartment-with-1096-pieces\/","title":{"rendered":"ZHEGAO DZ6103 Tutu Xiaoguang tet\u0151t\u00e9ri duplex apartman 1096 darabbal"},"content":{"rendered":"<div>A Tutu Xiaoguang Loft duplex apartman az \u00e9p\u00edt\u0151elem-k\u00e9szletek t\u00e9masorozat\u00e1hoz tartozik, \u00e9s a teljes k\u00e9szlet 1096 \u00e9p\u00edt\u0151elem r\u00e9szecsk\u00e9t tartalmaz. Els\u0151 megjelen\u00e9s 2023.<\/div>","protected":false},"excerpt":{"rendered":"<p>M\u00e1rka: ZHEGAO<br \/>\nNem: Uniszex<br \/>\nKoroszt\u00e1ly: &gt; 6 \u00e9v<br \/>\nModellsz\u00e1m: DZ6103<br \/>\nBesorol\u00e1s: \u00d6sszeszerel\u00e9s<br \/>\nM\u0171anyag blokk forma: \u00f6nz\u00e1r\u00f3 t\u00e9gla<br \/>\nAnyaga: M\u0171anyag<br \/>\nM\u0171anyag t\u00edpus: ABS<br \/>\nT\u00e9gla blokkok: 1096 +<br \/>\nEl\u0151\u00e9rt\u00e9kes\u00edt\u00e9s<br \/>\nNincs rakt\u00e1ron<\/p>","protected":false},"featured_media":40553,"comment_status":"open","ping_status":"closed","template":"","meta":{"_acf_changed":false},"product_cat":[1365,371],"product_tag":[11155,11072,8452],"class_list":["product","first","instock","shipping-taxable","purchasable","product-type-simple"],"acf":[],"_links":{"self":[{"href":"https:\/\/mouldking.store\/hu\/wp-json\/wp\/v2\/product\/40554","targetHints":{"allow":["GET"]}}],"collection":[{"href":"https:\/\/mouldking.store\/hu\/wp-json\/wp\/v2\/product"}],"about":[{"href":"https:\/\/mouldking.store\/hu\/wp-json\/wp\/v2\/types\/product"}],"replies":[{"embeddable":true,"href":"https:\/\/mouldking.store\/hu\/wp-json\/wp\/v2\/comments?post=40554"}],"wp:featuredmedia":[{"embeddable":true,"href":"https:\/\/mouldking.store\/hu\/wp-json\/wp\/v2\/media\/40553"}],"wp:attachment":[{"href":"https:\/\/mouldking.store\/hu\/wp-json\/wp\/v2\/media?parent=40554"}],"wp:term":[{"taxonomy":"product_cat","embeddable":true,"href":"https:\/\/mouldking.store\/hu\/wp-json\/wp\/v2\/product_cat?post=40554"},{"taxonomy":"product_tag","embeddable":true,"href":"https:\/\/mouldking.store\/hu\/wp-json\/wp\/v2\/product_tag?post=40554"}],"curies":[{"name":"wp","href":"https:\/\/api.w.org\/{rel}","templated":true}]}}