{"id":40563,"date":"2023-01-30T11:46:48","date_gmt":"2023-01-30T04:46:48","guid":{"rendered":"https:\/\/mouldking.store\/shop\/kazi-gbl-bozhi-ky6130-fast-motorcycle-suzdkj-dj250-with-314-pieces\/"},"modified":"2023-01-30T11:46:48","modified_gmt":"2023-01-30T04:46:48","slug":"kazi-gbl-bozhi-ky6130-fast-motorcycle-suzdkj-dj250-with-314-pieces","status":"publish","type":"product","link":"https:\/\/mouldking.store\/hu\/shop\/kazi-gbl-bozhi-ky6130-fast-motorcycle-suzdkj-dj250-with-314-pieces\/","title":{"rendered":"KAZI \/ GBL \/ BOZHI KY6130 Fast Motorcycle: Suzdkj-DJ250 with 314 Pieces"},"content":{"rendered":"<div>Number of parts 314 pcs<br \/>Finished product 20 \u00d7 6.5 \u00d7 12.8 cm<\/div>","protected":false},"excerpt":{"rendered":"<p>M\u00e1rka: KAZI \/ GBL \/ BOZHI<br \/>\nNem: Uniszex<br \/>\nKoroszt\u00e1ly: &gt; 6 \u00e9v<br \/>\nModel Number: KY6130<br \/>\nBesorol\u00e1s: \u00d6sszeszerel\u00e9s<br \/>\nM\u0171anyag blokk forma: \u00f6nz\u00e1r\u00f3 t\u00e9gla<br \/>\nAnyaga: M\u0171anyag<br \/>\nM\u0171anyag t\u00edpus: ABS<br \/>\nT\u00e9gla T\u00e9gla: 314+<br \/>\nEl\u0151\u00e9rt\u00e9kes\u00edt\u00e9s<br \/>\nNincs rakt\u00e1ron<\/p>","protected":false},"featured_media":40561,"comment_status":"open","ping_status":"closed","template":"","meta":{"_acf_changed":false},"product_cat":[1357,364],"product_tag":[2449,389,11080],"class_list":["product","first","instock","shipping-taxable","purchasable","product-type-simple"],"acf":[],"_links":{"self":[{"href":"https:\/\/mouldking.store\/hu\/wp-json\/wp\/v2\/product\/40563","targetHints":{"allow":["GET"]}}],"collection":[{"href":"https:\/\/mouldking.store\/hu\/wp-json\/wp\/v2\/product"}],"about":[{"href":"https:\/\/mouldking.store\/hu\/wp-json\/wp\/v2\/types\/product"}],"replies":[{"embeddable":true,"href":"https:\/\/mouldking.store\/hu\/wp-json\/wp\/v2\/comments?post=40563"}],"wp:featuredmedia":[{"embeddable":true,"href":"https:\/\/mouldking.store\/hu\/wp-json\/wp\/v2\/media\/40561"}],"wp:attachment":[{"href":"https:\/\/mouldking.store\/hu\/wp-json\/wp\/v2\/media?parent=40563"}],"wp:term":[{"taxonomy":"product_cat","embeddable":true,"href":"https:\/\/mouldking.store\/hu\/wp-json\/wp\/v2\/product_cat?post=40563"},{"taxonomy":"product_tag","embeddable":true,"href":"https:\/\/mouldking.store\/hu\/wp-json\/wp\/v2\/product_tag?post=40563"}],"curies":[{"name":"wp","href":"https:\/\/api.w.org\/{rel}","templated":true}]}}