{"id":40603,"date":"2023-01-31T09:56:01","date_gmt":"2023-01-31T02:56:01","guid":{"rendered":"https:\/\/mouldking.store\/shop\/robotime-mi03-the-storm-beetle-with-115-pieces\/"},"modified":"2023-01-31T09:56:01","modified_gmt":"2023-01-31T02:56:01","slug":"robotime-mi03-the-storm-beetle-with-115-pieces","status":"publish","type":"product","link":"https:\/\/mouldking.store\/hu\/shop\/robotime-mi03-the-storm-beetle-with-115-pieces\/","title":{"rendered":"Robotime MI03 The Storm Beetle with 115 Pieces"},"content":{"rendered":"<div>Term\u00e9k inform\u00e1ci\u00f3:<br \/>1. Model Number: MI03<br \/>2. Figyelmeztet\u00e9s: nem tud enni<br \/>3. Korhat\u00e1r: &gt; 6 \u00e9v<br \/>4. Min\u0151s\u00edt\u00e9s: 3C<br \/>5. Oszt\u00e1lyoz\u00e1s: \u00d6sszeszerel\u00e9s<br \/>6. Blokk alakja: Fa t\u00f6mb\u00f6k<br \/>7. Anyaga: fa<br \/>8. Bricks Blocks: ~115+PCS<\/div>","protected":false},"excerpt":{"rendered":"<p>M\u00e1rka: Robotime<br \/>\nNem: Uniszex<br \/>\nKoroszt\u00e1ly: &gt; 6 \u00e9v<br \/>\nModel Number: MI03<br \/>\nBesorol\u00e1s: \u00d6sszeszerel\u00e9s<br \/>\nM\u0171anyag blokk forma: \u00f6nz\u00e1r\u00f3 t\u00e9gla<br \/>\nAnyaga: M\u0171anyag<br \/>\nM\u0171anyag t\u00edpus: ABS<br \/>\nBricks Blocks: 115 +<br \/>\nNincs doboz<\/p>","protected":false},"featured_media":40598,"comment_status":"open","ping_status":"closed","template":"","meta":{"_acf_changed":false},"product_cat":[1365,371],"product_tag":[11158,11072,8452,11157],"class_list":["product","first","instock","shipping-taxable","purchasable","product-type-simple"],"acf":[],"_links":{"self":[{"href":"https:\/\/mouldking.store\/hu\/wp-json\/wp\/v2\/product\/40603","targetHints":{"allow":["GET"]}}],"collection":[{"href":"https:\/\/mouldking.store\/hu\/wp-json\/wp\/v2\/product"}],"about":[{"href":"https:\/\/mouldking.store\/hu\/wp-json\/wp\/v2\/types\/product"}],"replies":[{"embeddable":true,"href":"https:\/\/mouldking.store\/hu\/wp-json\/wp\/v2\/comments?post=40603"}],"wp:featuredmedia":[{"embeddable":true,"href":"https:\/\/mouldking.store\/hu\/wp-json\/wp\/v2\/media\/40598"}],"wp:attachment":[{"href":"https:\/\/mouldking.store\/hu\/wp-json\/wp\/v2\/media?parent=40603"}],"wp:term":[{"taxonomy":"product_cat","embeddable":true,"href":"https:\/\/mouldking.store\/hu\/wp-json\/wp\/v2\/product_cat?post=40603"},{"taxonomy":"product_tag","embeddable":true,"href":"https:\/\/mouldking.store\/hu\/wp-json\/wp\/v2\/product_tag?post=40603"}],"curies":[{"name":"wp","href":"https:\/\/api.w.org\/{rel}","templated":true}]}}