{"id":40629,"date":"2023-01-31T10:25:41","date_gmt":"2023-01-31T03:25:41","guid":{"rendered":"https:\/\/mouldking.store\/shop\/mould-king-21036-jedi-temple-with-3745-pieces\/"},"modified":"2023-01-31T10:25:41","modified_gmt":"2023-01-31T03:25:41","slug":"mould-king-21036-jedi-temple-with-3745-pieces","status":"publish","type":"product","link":"https:\/\/mouldking.store\/hu\/shop\/mould-king-21036-jedi-temple-with-3745-pieces\/","title":{"rendered":"MOLD KING 21036 Jedi templom 3745 darabbal"},"content":{"rendered":"<div>Term\u00e9k inform\u00e1ci\u00f3:<br \/>1. Model Number: 21036<br \/>2. Figyelmeztet\u00e9s: nem tud enni<br \/>3. Korhat\u00e1r: &gt; 6 \u00e9v<br \/>4. Min\u0151s\u00edt\u00e9s: 3C<br \/>5. M\u0171anyag blokk alakja: \u00f6nz\u00e1r\u00f3 t\u00e9gla<br \/>6. Anyaga: M\u0171anyag<br \/>7. M\u0171anyag t\u00edpus: ABS<br \/>8. Bricks Blocks: ~3745+PCS<\/div>","protected":false},"excerpt":{"rendered":"<p>M\u00e1rka: MOLD KING<br \/>\nNem: Uniszex<br \/>\nKoroszt\u00e1ly: &gt; 6 \u00e9v<br \/>\nModel Number: 21036<br \/>\nBesorol\u00e1s: \u00d6sszeszerel\u00e9s<br \/>\nM\u0171anyag blokk forma: \u00f6nz\u00e1r\u00f3 t\u00e9gla<br \/>\nAnyaga: M\u0171anyag<br \/>\nM\u0171anyag t\u00edpus: ABS<br \/>\nBricks Blocks: 3745 +<br \/>\nNincs doboz<\/p>","protected":false},"featured_media":40623,"comment_status":"open","ping_status":"closed","template":"","meta":{"_acf_changed":false},"product_cat":[1395,390],"product_tag":[4883,11153,392,11001],"class_list":["product","first","instock","shipping-taxable","purchasable","product-type-simple"],"acf":[],"_links":{"self":[{"href":"https:\/\/mouldking.store\/hu\/wp-json\/wp\/v2\/product\/40629","targetHints":{"allow":["GET"]}}],"collection":[{"href":"https:\/\/mouldking.store\/hu\/wp-json\/wp\/v2\/product"}],"about":[{"href":"https:\/\/mouldking.store\/hu\/wp-json\/wp\/v2\/types\/product"}],"replies":[{"embeddable":true,"href":"https:\/\/mouldking.store\/hu\/wp-json\/wp\/v2\/comments?post=40629"}],"wp:featuredmedia":[{"embeddable":true,"href":"https:\/\/mouldking.store\/hu\/wp-json\/wp\/v2\/media\/40623"}],"wp:attachment":[{"href":"https:\/\/mouldking.store\/hu\/wp-json\/wp\/v2\/media?parent=40629"}],"wp:term":[{"taxonomy":"product_cat","embeddable":true,"href":"https:\/\/mouldking.store\/hu\/wp-json\/wp\/v2\/product_cat?post=40629"},{"taxonomy":"product_tag","embeddable":true,"href":"https:\/\/mouldking.store\/hu\/wp-json\/wp\/v2\/product_tag?post=40629"}],"curies":[{"name":"wp","href":"https:\/\/api.w.org\/{rel}","templated":true}]}}