{"id":40741,"date":"2023-02-01T10:46:03","date_gmt":"2023-02-01T03:46:03","guid":{"rendered":"https:\/\/mouldking.store\/shop\/moc-factory-57728-type-3-chi-nu-japanese-medium-tank-with-551-pieces\/"},"modified":"2025-12-16T22:25:27","modified_gmt":"2025-12-16T15:25:27","slug":"moc-factory-57728-type-3-chi-nu-japanese-medium-tank-with-551-pieces","status":"publish","type":"product","link":"https:\/\/mouldking.store\/hu\/shop\/moc-factory-57728-type-3-chi-nu-japanese-medium-tank-with-551-pieces\/","title":{"rendered":"MOC Factory 57728 Type 3 Chi-Nu jap\u00e1n k\u00f6zepes tart\u00e1ly 551 darabbal"},"content":{"rendered":"<ul>\n<li>Aj\u00e1nlott \u00e9letkor: 12+\u00e9v,18+<\/li>\n<li>Blokk m\u00e9rete: Kis \u00e9p\u00edt\u0151elem<\/li>\n<li>Nem: Uniszex<\/li>\n<li>Anyaga: M\u0171anyag<\/li>\n<li>M\u0171anyag blokk alakja: n\u00e9gyzet<\/li>\n<li>M\u0171anyag t\u00edpus: ABS<\/li>\n<\/ul>\n<div><\/div>","protected":false},"excerpt":{"rendered":"<p>M\u00e1rka: MOC Factory<br \/>\nNem: Uniszex<br \/>\nKoroszt\u00e1ly: &gt; 12 \u00e9ves<br \/>\nModellsz\u00e1m: 57728<br \/>\nBesorol\u00e1s: \u00d6sszeszerel\u00e9s<br \/>\nM\u0171anyag blokk forma: \u00f6nz\u00e1r\u00f3 t\u00e9gla<br \/>\nAnyaga: M\u0171anyag<br \/>\nM\u0171anyag t\u00edpus: ABS<br \/>\nT\u00e9gla blokkok: 551 +<br \/>\nRendel\u00e9si id\u0151: 4-8 h\u00e9t<\/p>","protected":false},"featured_media":40735,"comment_status":"open","ping_status":"closed","template":"","meta":{"_acf_changed":false},"product_cat":[1350,372],"product_tag":[5434,3813,374,485],"class_list":["product","first","instock","shipping-taxable","purchasable","product-type-simple"],"acf":[],"_links":{"self":[{"href":"https:\/\/mouldking.store\/hu\/wp-json\/wp\/v2\/product\/40741","targetHints":{"allow":["GET"]}}],"collection":[{"href":"https:\/\/mouldking.store\/hu\/wp-json\/wp\/v2\/product"}],"about":[{"href":"https:\/\/mouldking.store\/hu\/wp-json\/wp\/v2\/types\/product"}],"replies":[{"embeddable":true,"href":"https:\/\/mouldking.store\/hu\/wp-json\/wp\/v2\/comments?post=40741"}],"wp:featuredmedia":[{"embeddable":true,"href":"https:\/\/mouldking.store\/hu\/wp-json\/wp\/v2\/media\/40735"}],"wp:attachment":[{"href":"https:\/\/mouldking.store\/hu\/wp-json\/wp\/v2\/media?parent=40741"}],"wp:term":[{"taxonomy":"product_cat","embeddable":true,"href":"https:\/\/mouldking.store\/hu\/wp-json\/wp\/v2\/product_cat?post=40741"},{"taxonomy":"product_tag","embeddable":true,"href":"https:\/\/mouldking.store\/hu\/wp-json\/wp\/v2\/product_tag?post=40741"}],"curies":[{"name":"wp","href":"https:\/\/api.w.org\/{rel}","templated":true}]}}