{"id":40793,"date":"2023-02-01T17:42:17","date_gmt":"2023-02-01T10:42:17","guid":{"rendered":"https:\/\/mouldking.store\/shop\/moc-factory-108067-the-horse-stable-with-2492-pieces\/"},"modified":"2025-12-16T22:25:25","modified_gmt":"2025-12-16T15:25:25","slug":"moc-factory-108067-the-horse-stable-with-2492-pieces","status":"publish","type":"product","link":"https:\/\/mouldking.store\/hu\/shop\/moc-factory-108067-the-horse-stable-with-2492-pieces\/","title":{"rendered":"MOC Factory 108067 A l\u00f3ist\u00e1ll\u00f3 2492 darabbal"},"content":{"rendered":"<ul>\n<li>Aj\u00e1nlott \u00e9letkor: 7-12 \u00e9v, 12+ \u00e9v, 18 \u00e9v felett<\/li>\n<li>Blokk m\u00e9rete: Kis \u00e9p\u00edt\u0151elem<\/li>\n<li>Nem: Uniszex<\/li>\n<li>Anyaga: M\u0171anyag<\/li>\n<li>M\u0171anyag blokk alakja: n\u00e9gyzet<\/li>\n<li>M\u0171anyag t\u00edpus: ABS<\/li>\n<\/ul>\n<div><\/div>","protected":false},"excerpt":{"rendered":"<p>M\u00e1rka: MOC Factory<br \/>\nNem: Uniszex<br \/>\nKoroszt\u00e1ly: &gt; 12 \u00e9ves<br \/>\nModellsz\u00e1m: 108067<br \/>\nBesorol\u00e1s: \u00d6sszeszerel\u00e9s<br \/>\nM\u0171anyag blokk forma: \u00f6nz\u00e1r\u00f3 t\u00e9gla<br \/>\nAnyaga: M\u0171anyag<br \/>\nM\u0171anyag t\u00edpus: ABS<br \/>\nT\u00e9gla T\u00e9gla: 2492 +<br \/>\nRendel\u00e9si id\u0151: 4-8 h\u00e9t<\/p>","protected":false},"featured_media":40786,"comment_status":"open","ping_status":"closed","template":"","meta":{"_acf_changed":false},"product_cat":[1365,1395,371,390],"product_tag":[11072,8452,9573,5679,6277],"class_list":["product","first","instock","shipping-taxable","purchasable","product-type-simple"],"acf":[],"_links":{"self":[{"href":"https:\/\/mouldking.store\/hu\/wp-json\/wp\/v2\/product\/40793","targetHints":{"allow":["GET"]}}],"collection":[{"href":"https:\/\/mouldking.store\/hu\/wp-json\/wp\/v2\/product"}],"about":[{"href":"https:\/\/mouldking.store\/hu\/wp-json\/wp\/v2\/types\/product"}],"replies":[{"embeddable":true,"href":"https:\/\/mouldking.store\/hu\/wp-json\/wp\/v2\/comments?post=40793"}],"wp:featuredmedia":[{"embeddable":true,"href":"https:\/\/mouldking.store\/hu\/wp-json\/wp\/v2\/media\/40786"}],"wp:attachment":[{"href":"https:\/\/mouldking.store\/hu\/wp-json\/wp\/v2\/media?parent=40793"}],"wp:term":[{"taxonomy":"product_cat","embeddable":true,"href":"https:\/\/mouldking.store\/hu\/wp-json\/wp\/v2\/product_cat?post=40793"},{"taxonomy":"product_tag","embeddable":true,"href":"https:\/\/mouldking.store\/hu\/wp-json\/wp\/v2\/product_tag?post=40793"}],"curies":[{"name":"wp","href":"https:\/\/api.w.org\/{rel}","templated":true}]}}