{"id":40857,"date":"2023-02-02T09:14:39","date_gmt":"2023-02-02T02:14:39","guid":{"rendered":"https:\/\/mouldking.store\/shop\/robotime-tg604k-rokr-violin-capriccio-model-with-62-pieces\/"},"modified":"2023-02-02T09:14:39","modified_gmt":"2023-02-02T02:14:39","slug":"robotime-tg604k-rokr-violin-capriccio-model-with-62-pieces","status":"publish","type":"product","link":"https:\/\/mouldking.store\/hu\/shop\/robotime-tg604k-rokr-violin-capriccio-model-with-62-pieces\/","title":{"rendered":"Robotime TG604K ROKR heged\u0171 Capriccio modell 62 darabbal"},"content":{"rendered":"<div>1. Model Number: TG604K<br \/>2. Figyelmeztet\u00e9s: nem tud enni<br \/>3. Korhat\u00e1r: &gt; 6 \u00e9v<br \/>4. Min\u0151s\u00edt\u00e9s: 3C<br \/>5. Oszt\u00e1lyoz\u00e1s: \u00d6sszeszerel\u00e9s<br \/>6. Blokk alakja: Fa t\u00f6mb\u00f6k<br \/>7. Anyaga: fa<br \/>8. Bricks Blocks: ~62+PCS<\/div>","protected":false},"excerpt":{"rendered":"<p>M\u00e1rka: Robotime<br \/>\nNem: Uniszex<br \/>\nKoroszt\u00e1ly: &gt; 6 \u00e9v<br \/>\nModel Number: TG604K<br \/>\nBesorol\u00e1s: \u00d6sszeszerel\u00e9s<br \/>\nM\u0171anyag blokk forma: \u00f6nz\u00e1r\u00f3 t\u00e9gla<br \/>\nAnyaga: M\u0171anyag<br \/>\nM\u0171anyag t\u00edpus: ABS<br \/>\nBricks Blocks: 62 +<br \/>\nNincs doboz<\/p>","protected":false},"featured_media":40851,"comment_status":"open","ping_status":"closed","template":"","meta":{"_acf_changed":false},"product_cat":[1365,371],"product_tag":[11072,8452,3364,11178],"class_list":["product","first","instock","shipping-taxable","purchasable","product-type-simple"],"acf":[],"_links":{"self":[{"href":"https:\/\/mouldking.store\/hu\/wp-json\/wp\/v2\/product\/40857","targetHints":{"allow":["GET"]}}],"collection":[{"href":"https:\/\/mouldking.store\/hu\/wp-json\/wp\/v2\/product"}],"about":[{"href":"https:\/\/mouldking.store\/hu\/wp-json\/wp\/v2\/types\/product"}],"replies":[{"embeddable":true,"href":"https:\/\/mouldking.store\/hu\/wp-json\/wp\/v2\/comments?post=40857"}],"wp:featuredmedia":[{"embeddable":true,"href":"https:\/\/mouldking.store\/hu\/wp-json\/wp\/v2\/media\/40851"}],"wp:attachment":[{"href":"https:\/\/mouldking.store\/hu\/wp-json\/wp\/v2\/media?parent=40857"}],"wp:term":[{"taxonomy":"product_cat","embeddable":true,"href":"https:\/\/mouldking.store\/hu\/wp-json\/wp\/v2\/product_cat?post=40857"},{"taxonomy":"product_tag","embeddable":true,"href":"https:\/\/mouldking.store\/hu\/wp-json\/wp\/v2\/product_tag?post=40857"}],"curies":[{"name":"wp","href":"https:\/\/api.w.org\/{rel}","templated":true}]}}