{"id":40950,"date":"2023-02-02T11:18:18","date_gmt":"2023-02-02T04:18:18","guid":{"rendered":"https:\/\/mouldking.store\/shop\/moc-factory-105951-richmond-pacific-gp15-with-1433-pieces\/"},"modified":"2025-12-16T22:25:24","modified_gmt":"2025-12-16T15:25:24","slug":"moc-factory-105951-richmond-pacific-gp15-with-1433-pieces","status":"publish","type":"product","link":"https:\/\/mouldking.store\/hu\/shop\/moc-factory-105951-richmond-pacific-gp15-with-1433-pieces\/","title":{"rendered":"MOC Factory 105951 Richmond Pacific GP15 1433 darabbal"},"content":{"rendered":"<div>Aj\u00e1nlott \u00e9letkor: 7-12 \u00e9v, 12+ \u00e9v, 18 \u00e9v felett&nbsp;<br \/>Blokk m\u00e9rete: Kis \u00e9p\u00edt\u0151elem&nbsp;<br \/>Nem: Uniszex&nbsp;<br \/>Anyaga: M\u0171anyag&nbsp;<br \/>M\u0171anyag blokk alakja: n\u00e9gyzet&nbsp;<br \/>M\u0171anyag t\u00edpus: ABS&nbsp;<\/div>","protected":false},"excerpt":{"rendered":"<p>M\u00e1rka: MOC Factory<br \/>\nNem: Uniszex<br \/>\nKoroszt\u00e1ly: &gt; 12 \u00e9ves<br \/>\nModel Number: 105951<br \/>\nBesorol\u00e1s: \u00d6sszeszerel\u00e9s<br \/>\nM\u0171anyag blokk forma: \u00f6nz\u00e1r\u00f3 t\u00e9gla<br \/>\nAnyaga: M\u0171anyag<br \/>\nM\u0171anyag t\u00edpus: ABS<br \/>\nT\u00e9gla T\u00e9gla: 1433 +<br \/>\nRendel\u00e9si id\u0151: 4-8 h\u00e9t<\/p>","protected":false},"featured_media":40948,"comment_status":"open","ping_status":"closed","template":"","meta":{"_acf_changed":false},"product_cat":[1357,364],"product_tag":[389,11080,300],"class_list":["product","first","instock","shipping-taxable","purchasable","product-type-simple"],"acf":[],"_links":{"self":[{"href":"https:\/\/mouldking.store\/hu\/wp-json\/wp\/v2\/product\/40950","targetHints":{"allow":["GET"]}}],"collection":[{"href":"https:\/\/mouldking.store\/hu\/wp-json\/wp\/v2\/product"}],"about":[{"href":"https:\/\/mouldking.store\/hu\/wp-json\/wp\/v2\/types\/product"}],"replies":[{"embeddable":true,"href":"https:\/\/mouldking.store\/hu\/wp-json\/wp\/v2\/comments?post=40950"}],"wp:featuredmedia":[{"embeddable":true,"href":"https:\/\/mouldking.store\/hu\/wp-json\/wp\/v2\/media\/40948"}],"wp:attachment":[{"href":"https:\/\/mouldking.store\/hu\/wp-json\/wp\/v2\/media?parent=40950"}],"wp:term":[{"taxonomy":"product_cat","embeddable":true,"href":"https:\/\/mouldking.store\/hu\/wp-json\/wp\/v2\/product_cat?post=40950"},{"taxonomy":"product_tag","embeddable":true,"href":"https:\/\/mouldking.store\/hu\/wp-json\/wp\/v2\/product_tag?post=40950"}],"curies":[{"name":"wp","href":"https:\/\/api.w.org\/{rel}","templated":true}]}}