{"id":41087,"date":"2023-02-03T10:56:09","date_gmt":"2023-02-03T03:56:09","guid":{"rendered":"https:\/\/mouldking.store\/shop\/brickcool-12016-qinsmoon-shenlou-ship-with-3460-pieces\/"},"modified":"2023-02-05T08:07:32","modified_gmt":"2023-02-05T01:07:32","slug":"brickcool-12016-qinsmoon-shenlou-ship-with-3460-pieces","status":"publish","type":"product","link":"https:\/\/mouldking.store\/hu\/shop\/brickcool-12016-qinsmoon-shenlou-ship-with-3460-pieces\/","title":{"rendered":"BrickCool 12016 Qinsmoon Shenlou haj\u00f3 3460 darabbal"},"content":{"rendered":"<div>\u2705 BrickCool 12016 Qinsmoon Shenlou haj\u00f3&nbsp;<br \/>&nbsp;<br \/>\u2705A Qin Shi Mingyue Mirage a filmes \u00e9s telev\u00edzi\u00f3s j\u00e1t\u00e9ksorozat \u00e9p\u00edt\u0151elemk\u00e9szlet\u00e9hez tartozik, \u00e9s a teljes k\u00e9szlet 3760 \u00e9p\u00edt\u0151elem r\u00e9szecsk\u00e9t tartalmaz. Els\u0151 megjelen\u00e9s 2021.<br \/>&nbsp;<br \/>\ud83d\udeab FONTOS!&nbsp;<br \/>&nbsp;<br \/>Term\u00e9k neve: Qinsmoon Shenlou haj\u00f3&nbsp;<br \/>&nbsp;<br \/>Kateg\u00f3ria: Film&nbsp;<br \/>&nbsp;<br \/>A k\u00e9szlet tartalma: BrickCool 12016<br \/>&nbsp;<br \/>3460 db J\u00f3 min\u0151s\u00e9g\u0171 t\u00e9gla&nbsp;<br \/>&nbsp;<br \/>M\u00e9rete: 59,6 \u00d7 48 \u00d7 26,3 cm<br \/>&nbsp;<br \/>K\u00e9zi utas\u00edt\u00e1sok&nbsp;<br \/>&nbsp;<br \/>\ud83d\udcccA f\u0151szerepl\u0151 term\u00e9szete&nbsp;<br \/>&nbsp;<br \/>Bemutatjuk b\u00fcszke kollekci\u00f3nkat, a \u201eQinsmoon Shenlou Ship\u201d-t, amit nem szabad kihagyni.&nbsp;<br \/>&nbsp;<br \/>A Qin legend\u00e1ja a Qin-dinaszti\u00e1t k\u00f6veti att\u00f3l kezdve, hogy a Qin cs\u00e1sz\u00e1ra, Cseng kir\u00e1ly megh\u00f3d\u00edtotta a m\u00e1sik 6 nemzetet \u00e9s egyes\u00edtette K\u00edn\u00e1t, eg\u00e9szen a nyugati Chu kir\u00e1ly, Xiang Yu felemelked\u00e9s\u00e9ig, aki elfoglalta a f\u0151v\u00e1rost, Hszianjangot.<\/div>","protected":false},"excerpt":{"rendered":"<p>M\u00e1rka: BrickCool<br \/>\nNem: Uniszex<br \/>\nKorhat\u00e1r: &gt; 16 \u00e9v<br \/>\nModellsz\u00e1m: 12016<br \/>\nBesorol\u00e1s: \u00d6sszeszerel\u00e9s<br \/>\nM\u0171anyag blokk forma: \u00f6nz\u00e1r\u00f3 t\u00e9gla<br \/>\nAnyaga: M\u0171anyag<br \/>\nM\u0171anyag t\u00edpus: ABS<br \/>\nT\u00e9gla blokkok: 3460 +<br \/>\nNincs doboz<\/p>","protected":false},"featured_media":41083,"comment_status":"open","ping_status":"closed","template":"","meta":{"_acf_changed":false},"product_cat":[1365,581,1408],"product_tag":[8452,9139,434,304],"class_list":["product","first","instock","shipping-taxable","purchasable","product-type-simple"],"acf":[],"_links":{"self":[{"href":"https:\/\/mouldking.store\/hu\/wp-json\/wp\/v2\/product\/41087","targetHints":{"allow":["GET"]}}],"collection":[{"href":"https:\/\/mouldking.store\/hu\/wp-json\/wp\/v2\/product"}],"about":[{"href":"https:\/\/mouldking.store\/hu\/wp-json\/wp\/v2\/types\/product"}],"replies":[{"embeddable":true,"href":"https:\/\/mouldking.store\/hu\/wp-json\/wp\/v2\/comments?post=41087"}],"wp:featuredmedia":[{"embeddable":true,"href":"https:\/\/mouldking.store\/hu\/wp-json\/wp\/v2\/media\/41083"}],"wp:attachment":[{"href":"https:\/\/mouldking.store\/hu\/wp-json\/wp\/v2\/media?parent=41087"}],"wp:term":[{"taxonomy":"product_cat","embeddable":true,"href":"https:\/\/mouldking.store\/hu\/wp-json\/wp\/v2\/product_cat?post=41087"},{"taxonomy":"product_tag","embeddable":true,"href":"https:\/\/mouldking.store\/hu\/wp-json\/wp\/v2\/product_tag?post=41087"}],"curies":[{"name":"wp","href":"https:\/\/api.w.org\/{rel}","templated":true}]}}