{"id":41093,"date":"2023-02-03T11:12:08","date_gmt":"2023-02-03T04:12:08","guid":{"rendered":"https:\/\/mouldking.store\/shop\/jiestar-58022-awp-sniper-rifle-gun-with-2395-pieces\/"},"modified":"2023-04-13T15:49:38","modified_gmt":"2023-04-13T08:49:38","slug":"jiestar-58022-awp-sniper-rifle-gun-with-2395-pieces","status":"publish","type":"product","link":"https:\/\/mouldking.store\/hu\/shop\/jiestar-58022-awp-sniper-rifle-gun-with-2395-pieces\/","title":{"rendered":"JIESTAR 58022 AWP Sniper Rifle Gun with 2395 Pieces"},"content":{"rendered":"<div>\u2705 JIESTAR 58022 AWP Sniper Rifle Gun<br \/>&nbsp;<br \/>\u2705The AWP (Arctic Warfare Police) is a bolt-action sniper rifle that was first introduced by the British firearms manufacturer Parker Hale in the 1980s. It was designed for use by military and police marksmen and is known for its accuracy, power, and long-range capabilities.<br \/>&nbsp;<br \/>\ud83d\udeab FONTOS!&nbsp;<br \/>&nbsp;<br \/>Product Name: AWP Sniper Rifle Gun<br \/>&nbsp;<br \/>Kateg\u00f3ria: Katonai<br \/>&nbsp;<br \/>This Kit Contains: JIESTAR 58022<br \/>&nbsp;<br \/>2395 pcs Good Quality Bricks&nbsp;<br \/>&nbsp;<br \/>Size: 112 \u00d7 11 \u00d7 23 cm<\/p>\n<p>Weight 1.983 kg<\/p>\n<p>K\u00e9zi utas\u00edt\u00e1sok&nbsp;<br \/>&nbsp;<br \/>\ud83d\udcccA f\u0151szerepl\u0151 term\u00e9szete&nbsp;<br \/>&nbsp;<br \/>Introducing our proud collection named \u201cAWP Sniper Rifle Gun\u201d you should not miss.&nbsp;<br \/>&nbsp;<br \/>The AWP is chambered in the powerful .338 Lapua Magnum cartridge and is equipped with a 10-round detachable box magazine. It is typically used in long-range engagements, where its accuracy and stopping power can be put to good use. The AWP has become one of the most popular and recognizable sniper rifles in the world and is widely used by military and law enforcement units, as well as by civilians for target shooting and hunting. However, it is important to note that the use of firearms, including the AWP, should always be carried out in a responsible and safe manner.<\/div>","protected":false},"excerpt":{"rendered":"<p>M\u00e1rka: JIESTAR<br \/>\nNem: Uniszex<br \/>\nKorhat\u00e1r: &gt; 16 \u00e9v<br \/>\nModel Number: 58022<br \/>\nBesorol\u00e1s: \u00d6sszeszerel\u00e9s<br \/>\nM\u0171anyag blokk forma: \u00f6nz\u00e1r\u00f3 t\u00e9gla<br \/>\nAnyaga: M\u0171anyag<br \/>\nM\u0171anyag t\u00edpus: ABS<br \/>\nBricks Blocks: 2395 +<br \/>\nNincs doboz<\/p>","protected":false},"featured_media":41088,"comment_status":"open","ping_status":"closed","template":"","meta":{"_acf_changed":false},"product_cat":[1350,372],"product_tag":[5154,374,11135,11209],"class_list":["product","first","instock","shipping-taxable","purchasable","product-type-simple"],"acf":[],"_links":{"self":[{"href":"https:\/\/mouldking.store\/hu\/wp-json\/wp\/v2\/product\/41093","targetHints":{"allow":["GET"]}}],"collection":[{"href":"https:\/\/mouldking.store\/hu\/wp-json\/wp\/v2\/product"}],"about":[{"href":"https:\/\/mouldking.store\/hu\/wp-json\/wp\/v2\/types\/product"}],"replies":[{"embeddable":true,"href":"https:\/\/mouldking.store\/hu\/wp-json\/wp\/v2\/comments?post=41093"}],"wp:featuredmedia":[{"embeddable":true,"href":"https:\/\/mouldking.store\/hu\/wp-json\/wp\/v2\/media\/41088"}],"wp:attachment":[{"href":"https:\/\/mouldking.store\/hu\/wp-json\/wp\/v2\/media?parent=41093"}],"wp:term":[{"taxonomy":"product_cat","embeddable":true,"href":"https:\/\/mouldking.store\/hu\/wp-json\/wp\/v2\/product_cat?post=41093"},{"taxonomy":"product_tag","embeddable":true,"href":"https:\/\/mouldking.store\/hu\/wp-json\/wp\/v2\/product_tag?post=41093"}],"curies":[{"name":"wp","href":"https:\/\/api.w.org\/{rel}","templated":true}]}}