{"id":41100,"date":"2023-02-03T11:34:15","date_gmt":"2023-02-03T04:34:15","guid":{"rendered":"https:\/\/mouldking.store\/shop\/jiestar-91101-mclaren-p1-hypercar-with-3302-pieces\/"},"modified":"2023-02-06T08:06:39","modified_gmt":"2023-02-06T01:06:39","slug":"jiestar-91101-mclaren-p1-hypercar-with-3302-pieces","status":"publish","type":"product","link":"https:\/\/mouldking.store\/hu\/shop\/jiestar-91101-mclaren-p1-hypercar-with-3302-pieces\/","title":{"rendered":"JIESTAR 91101 McLaren P1 Hypercar 3302 darabbal"},"content":{"rendered":"<div>\u2705 JIE STAR 91101 McLaren P1 Hypercar<br \/>&nbsp;<br \/>\u2705 A McLaren P1 egy korl\u00e1tozott sz\u00e9ri\u00e1s hibrid sportaut\u00f3, amelyet a brit McLaren Automotive aut\u00f3gy\u00e1rt\u00f3 gy\u00e1rt. El\u0151sz\u00f6r 2013-ban mutatt\u00e1k be, \u00e9s kor\u00e1nak egyik legfejlettebb \u00e9s legnagy teljes\u00edtm\u00e9ny\u0171 aut\u00f3jak\u00e9nt tartj\u00e1k sz\u00e1mon.<br \/>&nbsp;<br \/>\ud83d\udeab FONTOS!&nbsp;<br \/>&nbsp;<br \/>Term\u00e9kn\u00e9v: McLaren P1 Hypercar<br \/>&nbsp;<br \/>Kateg\u00f3ria: M\u0171szaki<br \/>&nbsp;<br \/>A k\u00e9szlet tartalma: JIE STAR 91101<br \/>&nbsp;<br \/>3302 db J\u00f3 min\u0151s\u00e9g\u0171 t\u00e9gla&nbsp;<br \/>&nbsp;<br \/>M\u00e9rete: 60 \u00d7 29 \u00d7 16,5 cm<br \/>&nbsp;<br \/>K\u00e9zi utas\u00edt\u00e1sok&nbsp;<br \/>&nbsp;<br \/>\ud83d\udcccA f\u0151szerepl\u0151 term\u00e9szete&nbsp;<br \/>&nbsp;<br \/>Bemutatjuk b\u00fcszke kollekci\u00f3nkat, a \u201eMcLaren P1 Hypercar\u201d-t, amit nem szabad kihagyni.&nbsp;<\/p>\n<p>A P1-et 3,8 literes ikerturb\u00f3s V8-as motor hajtja, elektromos motorrendszerrel kombin\u00e1lva, amely \u00f6sszesen 903 l\u00f3er\u0151t ad le. Az aut\u00f3 a legmodernebb technol\u00f3gi\u00e1val van felszerelve, bele\u00e9rtve a fejlett aerodinamikai csomagot, a sz\u00e9nsz\u00e1las szerkezetet \u00e9s az akt\u00edv felf\u00fcggeszt\u00e9si rendszereket. A McLaren P1 v\u00e9gsebess\u00e9ge 217 m\u00e9rf\u00f6ld\/\u00f3ra, \u00e9s mind\u00f6ssze 2,5 m\u00e1sodperc alatt gyorsul 0-r\u00f3l 60 m\u00e9rf\u00f6ld\/\u00f3r\u00e1ra. Az aut\u00f3t nagyon keresik az aut\u00f3rajong\u00f3k \u00e9s -gy\u0171jt\u0151k, \u00e9s igazi hiperaut\u00f3nak tartj\u00e1k, amely \u00f6tv\u00f6zi a cs\u00facstechnol\u00f3gi\u00e1t \u00e9s a p\u00e1ratlan teljes\u00edtm\u00e9nyt.<\/p><\/div>","protected":false},"excerpt":{"rendered":"<p>M\u00e1rka: JIESTAR<br \/>\nNem: Uniszex<br \/>\nKoroszt\u00e1ly: &gt; 6 \u00e9v<br \/>\nModellsz\u00e1m: 91101<br \/>\nBesorol\u00e1s: \u00d6sszeszerel\u00e9s<br \/>\nM\u0171anyag blokk forma: \u00f6nz\u00e1r\u00f3 t\u00e9gla<br \/>\nAnyaga: M\u0171anyag<br \/>\nM\u0171anyag t\u00edpus: ABS<br \/>\nT\u00e9gla T\u00e9gla: 3302 +<br \/>\nNincs doboz<\/p>","protected":false},"featured_media":41094,"comment_status":"open","ping_status":"closed","template":"","meta":{"_acf_changed":false},"product_cat":[1360,1357,364],"product_tag":[457,1744,389,11080],"class_list":["product","first","instock","shipping-taxable","purchasable","product-type-simple"],"acf":[],"_links":{"self":[{"href":"https:\/\/mouldking.store\/hu\/wp-json\/wp\/v2\/product\/41100","targetHints":{"allow":["GET"]}}],"collection":[{"href":"https:\/\/mouldking.store\/hu\/wp-json\/wp\/v2\/product"}],"about":[{"href":"https:\/\/mouldking.store\/hu\/wp-json\/wp\/v2\/types\/product"}],"replies":[{"embeddable":true,"href":"https:\/\/mouldking.store\/hu\/wp-json\/wp\/v2\/comments?post=41100"}],"wp:featuredmedia":[{"embeddable":true,"href":"https:\/\/mouldking.store\/hu\/wp-json\/wp\/v2\/media\/41094"}],"wp:attachment":[{"href":"https:\/\/mouldking.store\/hu\/wp-json\/wp\/v2\/media?parent=41100"}],"wp:term":[{"taxonomy":"product_cat","embeddable":true,"href":"https:\/\/mouldking.store\/hu\/wp-json\/wp\/v2\/product_cat?post=41100"},{"taxonomy":"product_tag","embeddable":true,"href":"https:\/\/mouldking.store\/hu\/wp-json\/wp\/v2\/product_tag?post=41100"}],"curies":[{"name":"wp","href":"https:\/\/api.w.org\/{rel}","templated":true}]}}