{"id":41103,"date":"2023-02-03T11:43:38","date_gmt":"2023-02-03T04:43:38","guid":{"rendered":"https:\/\/mouldking.store\/shop\/panlosbrick-670004-akm-automatic-rifles-with-1508-pieces\/"},"modified":"2023-02-03T11:43:38","modified_gmt":"2023-02-03T04:43:38","slug":"panlosbrick-670004-akm-automatic-rifles-with-1508-pieces","status":"publish","type":"product","link":"https:\/\/mouldking.store\/hu\/shop\/panlosbrick-670004-akm-automatic-rifles-with-1508-pieces\/","title":{"rendered":"PANLOSBRICK 670004 AKM Automatic Rifles with 1508 Pieces"},"content":{"rendered":"<div>\u2705 Panlos 670004 AKM Automatic Rifles<br \/>&nbsp;<br \/>\u2705The AKM (Avtomat Kalashnikova Modernized) is a widely used and highly recognizable assault rifle that was developed by the Soviet Union in the late 1950s. It is an updated version of the original AK-47 rifle and is widely used by military and police forces around the world.<br \/>&nbsp;<br \/>\ud83d\udeab FONTOS!&nbsp;<br \/>&nbsp;<br \/>Product Name: AKM Automatic Rifles<br \/>&nbsp;<br \/>Kateg\u00f3ria: Katonai<br \/>&nbsp;<br \/>This Kit Contains: Panlos 670004<br \/>&nbsp;<br \/>1508 pcs Good Quality Bricks&nbsp;<br \/>&nbsp;<br \/>Size: 89 \u00d7 26 \u00d7 7 cm<br \/>&nbsp;<br \/>K\u00e9zi utas\u00edt\u00e1sok&nbsp;<br \/>&nbsp;<br \/>\ud83d\udcccA f\u0151szerepl\u0151 term\u00e9szete&nbsp;<br \/>&nbsp;<br \/>Introducing our proud collection named \u201cAKM Automatic Rifles\u201d you should not miss.&nbsp;<br \/>&nbsp;<br \/>The AKM is chambered in the 7.62x39mm cartridge and is equipped with a 30-round detachable box magazine. The rifle is known for its durability, reliability, and ease of use, making it a popular choice for military and law enforcement units in various parts of the world. It is also widely used in various armed conflicts and has become a symbol of resistance and insurgency in many regions.<\/div>","protected":false},"excerpt":{"rendered":"<p>M\u00e1rka: PANLOSBRICK<br \/>\nNem: Uniszex<br \/>\nKoroszt\u00e1ly: &gt; 6 \u00e9v<br \/>\nModel Number: 670004<br \/>\nBesorol\u00e1s: \u00d6sszeszerel\u00e9s<br \/>\nM\u0171anyag blokk forma: \u00f6nz\u00e1r\u00f3 t\u00e9gla<br \/>\nAnyaga: M\u0171anyag<br \/>\nM\u0171anyag t\u00edpus: ABS<br \/>\nBricks Blocks: 1508 +<br \/>\nEl\u0151\u00e9rt\u00e9kes\u00edt\u00e9s<\/p>","protected":false},"featured_media":41101,"comment_status":"open","ping_status":"closed","template":"","meta":{"_acf_changed":false},"product_cat":[1350,372],"product_tag":[374],"class_list":["product","first","instock","shipping-taxable","purchasable","product-type-simple"],"acf":[],"_links":{"self":[{"href":"https:\/\/mouldking.store\/hu\/wp-json\/wp\/v2\/product\/41103","targetHints":{"allow":["GET"]}}],"collection":[{"href":"https:\/\/mouldking.store\/hu\/wp-json\/wp\/v2\/product"}],"about":[{"href":"https:\/\/mouldking.store\/hu\/wp-json\/wp\/v2\/types\/product"}],"replies":[{"embeddable":true,"href":"https:\/\/mouldking.store\/hu\/wp-json\/wp\/v2\/comments?post=41103"}],"wp:featuredmedia":[{"embeddable":true,"href":"https:\/\/mouldking.store\/hu\/wp-json\/wp\/v2\/media\/41101"}],"wp:attachment":[{"href":"https:\/\/mouldking.store\/hu\/wp-json\/wp\/v2\/media?parent=41103"}],"wp:term":[{"taxonomy":"product_cat","embeddable":true,"href":"https:\/\/mouldking.store\/hu\/wp-json\/wp\/v2\/product_cat?post=41103"},{"taxonomy":"product_tag","embeddable":true,"href":"https:\/\/mouldking.store\/hu\/wp-json\/wp\/v2\/product_tag?post=41103"}],"curies":[{"name":"wp","href":"https:\/\/api.w.org\/{rel}","templated":true}]}}