{"id":41105,"date":"2023-02-03T12:05:14","date_gmt":"2023-02-03T05:05:14","guid":{"rendered":"https:\/\/mouldking.store\/shop\/kazi-gbl-bozhi-ky87023-the-chronicles-of-narnia-the-hideout-of-the-ghost-pirates-with-440-pieces\/"},"modified":"2023-02-03T12:05:14","modified_gmt":"2023-02-03T05:05:14","slug":"kazi-gbl-bozhi-ky87023-the-chronicles-of-narnia-the-hideout-of-the-ghost-pirates-with-440-pieces","status":"publish","type":"product","link":"https:\/\/mouldking.store\/hu\/shop\/kazi-gbl-bozhi-ky87023-the-chronicles-of-narnia-the-hideout-of-the-ghost-pirates-with-440-pieces\/","title":{"rendered":"KAZI \/ GBL \/ BOZHI KY87023 Narnia kr\u00f3nik\u00e1i: A szellemkal\u00f3zok b\u00fav\u00f3helye 440 darabbal"},"content":{"rendered":"<div>\u2705 KAZI KY87023 The Chronicles of Narnia: The Hideout of the Ghost Pirates<br \/>&nbsp;<br \/>\u2705The Chronicles of Narnia is a series of seven fantasy novels written by British author C.S. Lewis, which have been adapted into various media, including movies, television shows, and audio books. The series is set in the fictional world of Narnia, a land inhabited by talking animals and mythical creatures, and follows the adventures of children who enter this world through a magical wardrobe.<br \/>&nbsp;<br \/>\ud83d\udeab FONTOS!&nbsp;<br \/>&nbsp;<br \/>Product Name: The Chronicles of Narnia: The Hideout of the Ghost Pirates<br \/>&nbsp;<br \/>Kateg\u00f3ria: Alkot\u00f3<br \/>&nbsp;<br \/>This Kit Contains: KAZI KY87023<br \/>&nbsp;<br \/>440 pcs Good Quality Bricks&nbsp;<\/p>\n<p>K\u00e9zi utas\u00edt\u00e1sok&nbsp;<br \/>&nbsp;<br \/>\ud83d\udcccA f\u0151szerepl\u0151 term\u00e9szete&nbsp;<br \/>&nbsp;<br \/>Introducing our proud collection named \u201cThe Chronicles of Narnia: The Hideout of the Ghost Pirates\u201d you should not miss.&nbsp;<br \/>&nbsp;<br \/>The Chronicles of Narnia: The Hideout of Phantom Pirates belongs to the building block set of the film and television game series, and the entire set contains 440 building block particles. First released in 2018.<\/div>","protected":false},"excerpt":{"rendered":"<p>M\u00e1rka: KAZI \/ GBL \/ BOZHI<br \/>\nNem: Uniszex<br \/>\nKoroszt\u00e1ly: &gt; 6 \u00e9v<br \/>\nModel Number: KY87023<br \/>\nBesorol\u00e1s: \u00d6sszeszerel\u00e9s<br \/>\nM\u0171anyag blokk forma: \u00f6nz\u00e1r\u00f3 t\u00e9gla<br \/>\nAnyaga: M\u0171anyag<br \/>\nM\u0171anyag t\u00edpus: ABS<br \/>\nBricks Blocks: 440 +<br \/>\nEl\u0151\u00e9rt\u00e9kes\u00edt\u00e9s<\/p>","protected":false},"featured_media":41104,"comment_status":"open","ping_status":"closed","template":"","meta":{"_acf_changed":false},"product_cat":[1365,371],"product_tag":[11072,8452,2964,11212,2429],"class_list":["product","first","instock","shipping-taxable","purchasable","product-type-simple"],"acf":[],"_links":{"self":[{"href":"https:\/\/mouldking.store\/hu\/wp-json\/wp\/v2\/product\/41105","targetHints":{"allow":["GET"]}}],"collection":[{"href":"https:\/\/mouldking.store\/hu\/wp-json\/wp\/v2\/product"}],"about":[{"href":"https:\/\/mouldking.store\/hu\/wp-json\/wp\/v2\/types\/product"}],"replies":[{"embeddable":true,"href":"https:\/\/mouldking.store\/hu\/wp-json\/wp\/v2\/comments?post=41105"}],"wp:featuredmedia":[{"embeddable":true,"href":"https:\/\/mouldking.store\/hu\/wp-json\/wp\/v2\/media\/41104"}],"wp:attachment":[{"href":"https:\/\/mouldking.store\/hu\/wp-json\/wp\/v2\/media?parent=41105"}],"wp:term":[{"taxonomy":"product_cat","embeddable":true,"href":"https:\/\/mouldking.store\/hu\/wp-json\/wp\/v2\/product_cat?post=41105"},{"taxonomy":"product_tag","embeddable":true,"href":"https:\/\/mouldking.store\/hu\/wp-json\/wp\/v2\/product_tag?post=41105"}],"curies":[{"name":"wp","href":"https:\/\/api.w.org\/{rel}","templated":true}]}}