{"id":41114,"date":"2023-02-03T12:55:58","date_gmt":"2023-02-03T05:55:58","guid":{"rendered":"https:\/\/mouldking.store\/shop\/kazi-gbl-bozhi-ky87021-the-chronicles-of-narnia-the-battle-of-niutau-village-with-927-pieces\/"},"modified":"2023-02-03T12:55:58","modified_gmt":"2023-02-03T05:55:58","slug":"kazi-gbl-bozhi-ky87021-the-chronicles-of-narnia-the-battle-of-niutau-village-with-927-pieces","status":"publish","type":"product","link":"https:\/\/mouldking.store\/hu\/shop\/kazi-gbl-bozhi-ky87021-the-chronicles-of-narnia-the-battle-of-niutau-village-with-927-pieces\/","title":{"rendered":"KAZI \/ GBL \/ BOZHI KY87021 Narnia kr\u00f3nik\u00e1i: Niutau falu csata 927 darabbal"},"content":{"rendered":"<div>\u2705 KAZI KY87021 The Chronicles of Narnia: The Battle of Niutau Village<br \/>&nbsp;<br \/>\u2705 A Narnia kr\u00f3nik\u00e1i egy h\u00e9t fantasy reg\u00e9nyb\u0151l \u00e1ll\u00f3 sorozat, amelyet CS Lewis \u00edrt. A k\u00f6nyvek Narnia kital\u00e1lt vil\u00e1g\u00e1ban j\u00e1tsz\u00f3dnak, \u00e9s Narnia t\u00f6rt\u00e9net\u00e9ben k\u00f6zponti szerepet j\u00e1tsz\u00f3 gyermekek kalandjait k\u00f6vetik nyomon. A sorozat \u00f6tletes t\u00f6rt\u00e9netmes\u00e9l\u00e9s\u00e9r\u0151l, eml\u00e9kezetes karaktereir\u0151l \u00e9s a kereszt\u00e9nys\u00e9g t\u00e9m\u00e1ir\u00f3l ismert.<br \/>&nbsp;<br \/>\ud83d\udeab FONTOS!&nbsp;<br \/>&nbsp;<br \/>Product Name: The Chronicles of Narnia: The Battle of Niutau Village<br \/>&nbsp;<br \/>Kateg\u00f3ria: Alkot\u00f3<br \/>&nbsp;<br \/>This Kit Contains: KAZI KY87021<br \/>&nbsp;<br \/>927 pcs Good Quality Bricks&nbsp;<br \/>&nbsp;<br \/>&nbsp;<br \/>K\u00e9zi utas\u00edt\u00e1sok&nbsp;<br \/>&nbsp;<br \/>\ud83d\udcccA f\u0151szerepl\u0151 term\u00e9szete&nbsp;<br \/>&nbsp;<br \/>Introducing our proud collection named \u201cThe Chronicles of Narnia: The Battle of Niutau Village\u201d you should not miss.&nbsp;<br \/>&nbsp;<br \/>The Chronicles of Narnia: The Battle of Niutou Village belongs to the building block set of the film and television game series, and the entire set contains 927 building block particles. First released in 2018.<\/div>","protected":false},"excerpt":{"rendered":"<p>M\u00e1rka: KAZI \/ GBL \/ BOZHI<br \/>\nNem: Uniszex<br \/>\nKoroszt\u00e1ly: &gt; 6 \u00e9v<br \/>\nModel Number: KY87021<br \/>\nBesorol\u00e1s: \u00d6sszeszerel\u00e9s<br \/>\nM\u0171anyag blokk forma: \u00f6nz\u00e1r\u00f3 t\u00e9gla<br \/>\nAnyaga: M\u0171anyag<br \/>\nM\u0171anyag t\u00edpus: ABS<br \/>\nBricks Blocks: 927 +<br \/>\nEl\u0151\u00e9rt\u00e9kes\u00edt\u00e9s<\/p>","protected":false},"featured_media":41113,"comment_status":"open","ping_status":"closed","template":"","meta":{"_acf_changed":false},"product_cat":[1365,371],"product_tag":[9077,11213,11072,8452,11214,6373],"class_list":["product","first","instock","shipping-taxable","purchasable","product-type-simple"],"acf":[],"_links":{"self":[{"href":"https:\/\/mouldking.store\/hu\/wp-json\/wp\/v2\/product\/41114","targetHints":{"allow":["GET"]}}],"collection":[{"href":"https:\/\/mouldking.store\/hu\/wp-json\/wp\/v2\/product"}],"about":[{"href":"https:\/\/mouldking.store\/hu\/wp-json\/wp\/v2\/types\/product"}],"replies":[{"embeddable":true,"href":"https:\/\/mouldking.store\/hu\/wp-json\/wp\/v2\/comments?post=41114"}],"wp:featuredmedia":[{"embeddable":true,"href":"https:\/\/mouldking.store\/hu\/wp-json\/wp\/v2\/media\/41113"}],"wp:attachment":[{"href":"https:\/\/mouldking.store\/hu\/wp-json\/wp\/v2\/media?parent=41114"}],"wp:term":[{"taxonomy":"product_cat","embeddable":true,"href":"https:\/\/mouldking.store\/hu\/wp-json\/wp\/v2\/product_cat?post=41114"},{"taxonomy":"product_tag","embeddable":true,"href":"https:\/\/mouldking.store\/hu\/wp-json\/wp\/v2\/product_tag?post=41114"}],"curies":[{"name":"wp","href":"https:\/\/api.w.org\/{rel}","templated":true}]}}