{"id":41116,"date":"2023-02-03T13:03:51","date_gmt":"2023-02-03T06:03:51","guid":{"rendered":"https:\/\/mouldking.store\/shop\/kazi-gbl-bozhi-ky87018-the-chronicles-of-narnia-the-voyage-of-the-dawn-treader-with-1299-pieces\/"},"modified":"2023-02-07T02:24:31","modified_gmt":"2023-02-06T19:24:31","slug":"kazi-gbl-bozhi-ky87018-the-chronicles-of-narnia-the-voyage-of-the-dawn-treader-with-1299-pieces","status":"publish","type":"product","link":"https:\/\/mouldking.store\/hu\/shop\/kazi-gbl-bozhi-ky87018-the-chronicles-of-narnia-the-voyage-of-the-dawn-treader-with-1299-pieces\/","title":{"rendered":"KAZI \/ GBL \/ BOZHI KY87018 Narnia kr\u00f3nik\u00e1i: A Hajnaltapos\u00f3 utaz\u00e1sa 1299 darabbal"},"content":{"rendered":"<div>\u2705 KAZI KY87018 Narnia kr\u00f3nik\u00e1i: A Hajnaltapos\u00f3 utaz\u00e1sa<br \/>&nbsp;<br \/>\u2705 A Narnia kr\u00f3nik\u00e1i egy h\u00e9t fantasy reg\u00e9nyb\u0151l \u00e1ll\u00f3 sorozat, amelyet CS Lewis \u00edrt. A k\u00f6nyvek Narnia kital\u00e1lt vil\u00e1g\u00e1ban j\u00e1tsz\u00f3dnak, \u00e9s Narnia t\u00f6rt\u00e9net\u00e9ben k\u00f6zponti szerepet j\u00e1tsz\u00f3 gyermekek kalandjait k\u00f6vetik nyomon. A sorozat \u00f6tletes t\u00f6rt\u00e9netmes\u00e9l\u00e9s\u00e9r\u0151l, eml\u00e9kezetes karaktereir\u0151l \u00e9s a kereszt\u00e9nys\u00e9g t\u00e9m\u00e1ir\u00f3l ismert.<br \/>&nbsp;<br \/>\ud83d\udeab FONTOS!&nbsp;<br \/>&nbsp;<br \/>Term\u00e9k neve: Narnia kr\u00f3nik\u00e1i: A Hajnaltj\u00e1r\u00f3 utaz\u00e1sa<br \/>&nbsp;<br \/>Kateg\u00f3ria: Alkot\u00f3<br \/>&nbsp;<br \/>A k\u00e9szlet tartalma: KAZI KY87018<br \/>&nbsp;<br \/>1299 db J\u00f3 min\u0151s\u00e9g\u0171 t\u00e9gla&nbsp;<br \/>&nbsp;<br \/>K\u00e9zi utas\u00edt\u00e1sok&nbsp;<br \/>&nbsp;<br \/>\ud83d\udcccA f\u0151szerepl\u0151 term\u00e9szete&nbsp;<br \/>&nbsp;<br \/>Bemutatjuk b\u00fcszke kollekci\u00f3nkat, a \u201eNarnia kr\u00f3nik\u00e1i: A Hajnaltj\u00e1r\u00f3 utaz\u00e1sa\u201d c\u00edmet, amit nem szabad kihagyni.&nbsp;<br \/>&nbsp;<br \/>A The Chronicles of Narnia: The Voyage of the Dawn Treader a filmes \u00e9s telev\u00edzi\u00f3s j\u00e1t\u00e9ksorozat \u00e9p\u00edt\u0151elem-k\u00e9szlet\u00e9hez tartozik, \u00e9s a teljes k\u00e9szlet 1299 \u00e9p\u00edt\u0151elem-r\u00e9szecsk\u00e9t tartalmaz. El\u0151sz\u00f6r 2018-ban jelent meg.<\/div>","protected":false},"excerpt":{"rendered":"<p>M\u00e1rka: KAZI \/ GBL \/ BOZHI<br \/>\nNem: Uniszex<br \/>\nKoroszt\u00e1ly: &gt; 6 \u00e9v<br \/>\nModellsz\u00e1m: KY87018<br \/>\nBesorol\u00e1s: \u00d6sszeszerel\u00e9s<br \/>\nM\u0171anyag blokk forma: \u00f6nz\u00e1r\u00f3 t\u00e9gla<br \/>\nAnyaga: M\u0171anyag<br \/>\nM\u0171anyag t\u00edpus: ABS<br \/>\nT\u00e9gla T\u00e9gla: 1299 +<br \/>\nEl\u0151\u00e9rt\u00e9kes\u00edt\u00e9s<\/p>","protected":false},"featured_media":41115,"comment_status":"open","ping_status":"closed","template":"","meta":{"_acf_changed":false},"product_cat":[1365,371],"product_tag":[11213,11072,8452,11214],"class_list":["product","first","instock","shipping-taxable","purchasable","product-type-simple"],"acf":[],"_links":{"self":[{"href":"https:\/\/mouldking.store\/hu\/wp-json\/wp\/v2\/product\/41116","targetHints":{"allow":["GET"]}}],"collection":[{"href":"https:\/\/mouldking.store\/hu\/wp-json\/wp\/v2\/product"}],"about":[{"href":"https:\/\/mouldking.store\/hu\/wp-json\/wp\/v2\/types\/product"}],"replies":[{"embeddable":true,"href":"https:\/\/mouldking.store\/hu\/wp-json\/wp\/v2\/comments?post=41116"}],"wp:featuredmedia":[{"embeddable":true,"href":"https:\/\/mouldking.store\/hu\/wp-json\/wp\/v2\/media\/41115"}],"wp:attachment":[{"href":"https:\/\/mouldking.store\/hu\/wp-json\/wp\/v2\/media?parent=41116"}],"wp:term":[{"taxonomy":"product_cat","embeddable":true,"href":"https:\/\/mouldking.store\/hu\/wp-json\/wp\/v2\/product_cat?post=41116"},{"taxonomy":"product_tag","embeddable":true,"href":"https:\/\/mouldking.store\/hu\/wp-json\/wp\/v2\/product_tag?post=41116"}],"curies":[{"name":"wp","href":"https:\/\/api.w.org\/{rel}","templated":true}]}}