{"id":41122,"date":"2023-02-03T13:26:37","date_gmt":"2023-02-03T06:26:37","guid":{"rendered":"https:\/\/mouldking.store\/shop\/zhegao-ql2216-romance-in-iceland-frozen-paradise-with-329-pieces\/"},"modified":"2023-02-10T01:24:56","modified_gmt":"2023-02-09T18:24:56","slug":"zhegao-ql2216-romance-in-iceland-frozen-paradise-with-329-pieces","status":"publish","type":"product","link":"https:\/\/mouldking.store\/hu\/shop\/zhegao-ql2216-romance-in-iceland-frozen-paradise-with-329-pieces\/","title":{"rendered":"ZHEGAO QL2216 Romance in Iceland: Frozen Paradise with 329 Pieces"},"content":{"rendered":"<div>\u2705 ZHEGAO QL2216 Romance in Iceland: Frozen Paradise<br \/>&nbsp;<br \/>\u2705The series of sets includes 329 blocks, which is more than enough for a small building. The blocks have the shape of a miniature house, and each block can be used as a toy for children or as decoration for adults.<br \/>&nbsp;<br \/>\ud83d\udeab FONTOS!&nbsp;<br \/>&nbsp;<br \/>Product Name:&nbsp; Romance in Iceland: Frozen Paradise<br \/>&nbsp;<br \/>Kateg\u00f3ria: Alkot\u00f3<br \/>&nbsp;<br \/>This Kit Contains: ZHEGAO QL2216<br \/>&nbsp;<br \/>329 pcs Good Quality Bricks&nbsp;<br \/>&nbsp;<br \/>K\u00e9zi utas\u00edt\u00e1sok&nbsp;<br \/>&nbsp;<br \/>\ud83d\udcccA f\u0151szerepl\u0151 term\u00e9szete&nbsp;<br \/>&nbsp;<br \/>Introducing our proud collection named \u201cRomance in Iceland: Frozen Paradise\u201d you should not miss.&nbsp;<br \/>&nbsp;<br \/>The design of the blocks is full of young and lovely girls with vibrant colors. The experts have used the most advanced techniques to make the snowflake patterns, ice-like light blue, and pure white, &#8230; into a work of art.<\/div>","protected":false},"excerpt":{"rendered":"<p>M\u00e1rka: ZHEGAO<br \/>\nNem: Uniszex<br \/>\nKoroszt\u00e1ly: &gt; 6 \u00e9v<br \/>\nModel Number: QL2216<br \/>\nBesorol\u00e1s: \u00d6sszeszerel\u00e9s<br \/>\nM\u0171anyag blokk forma: \u00f6nz\u00e1r\u00f3 t\u00e9gla<br \/>\nAnyaga: M\u0171anyag<br \/>\nM\u0171anyag t\u00edpus: ABS<br \/>\nBricks Blocks: 329 +<br \/>\nEl\u0151\u00e9rt\u00e9kes\u00edt\u00e9s<\/p>","protected":false},"featured_media":41119,"comment_status":"open","ping_status":"closed","template":"","meta":{"_acf_changed":false},"product_cat":[1365,371],"product_tag":[11072,8452,1478,11215],"class_list":["product","first","instock","shipping-taxable","purchasable","product-type-simple"],"acf":[],"_links":{"self":[{"href":"https:\/\/mouldking.store\/hu\/wp-json\/wp\/v2\/product\/41122","targetHints":{"allow":["GET"]}}],"collection":[{"href":"https:\/\/mouldking.store\/hu\/wp-json\/wp\/v2\/product"}],"about":[{"href":"https:\/\/mouldking.store\/hu\/wp-json\/wp\/v2\/types\/product"}],"replies":[{"embeddable":true,"href":"https:\/\/mouldking.store\/hu\/wp-json\/wp\/v2\/comments?post=41122"}],"wp:featuredmedia":[{"embeddable":true,"href":"https:\/\/mouldking.store\/hu\/wp-json\/wp\/v2\/media\/41119"}],"wp:attachment":[{"href":"https:\/\/mouldking.store\/hu\/wp-json\/wp\/v2\/media?parent=41122"}],"wp:term":[{"taxonomy":"product_cat","embeddable":true,"href":"https:\/\/mouldking.store\/hu\/wp-json\/wp\/v2\/product_cat?post=41122"},{"taxonomy":"product_tag","embeddable":true,"href":"https:\/\/mouldking.store\/hu\/wp-json\/wp\/v2\/product_tag?post=41122"}],"curies":[{"name":"wp","href":"https:\/\/api.w.org\/{rel}","templated":true}]}}