{"id":41130,"date":"2023-02-03T14:09:53","date_gmt":"2023-02-03T07:09:53","guid":{"rendered":"https:\/\/mouldking.store\/shop\/sembo-611049-cute-and-meaty-swimming-like-a-secluded-orchid-with-108-pieces\/"},"modified":"2023-02-03T14:09:53","modified_gmt":"2023-02-03T07:09:53","slug":"sembo-611049-cute-and-meaty-swimming-like-a-secluded-orchid-with-108-pieces","status":"publish","type":"product","link":"https:\/\/mouldking.store\/hu\/shop\/sembo-611049-cute-and-meaty-swimming-like-a-secluded-orchid-with-108-pieces\/","title":{"rendered":"SEMBO 611049 Aranyos \u00e9s h\u00fasos: \u00dasz\u00e1s, mint egy f\u00e9lrees\u0151 orchidea 108 darabbal"},"content":{"rendered":"<div>\u2705 SEMBO 611049 Aranyos \u00e9s h\u00fasos: \u00dasz\u00e1s, mint egy f\u00e9lrees\u0151 orchidea<br \/>&nbsp;<br \/>\u2705Aranyos \u00e9s h\u00fasos a n\u00f6v\u00e9ny sorozat \u00e9p\u00edt\u0151elem k\u00e9szlete. Els\u0151 kiad\u00e1sa 2022-ben lesz. A k\u00e9szlet 108 k\u00fcl\u00f6nb\u00f6z\u0151 t\u00edpus\u00fa \u00e9p\u00edt\u0151elemet tartalmaz.<br \/>&nbsp;<br \/>\ud83d\udeab FONTOS!&nbsp;<br \/>&nbsp;<br \/>Term\u00e9k neve: Aranyos \u00e9s h\u00fasos: \u00dasz\u00e1s, mint egy f\u00e9lrees\u0151 orchidea<br \/>&nbsp;<br \/>Kateg\u00f3ria: Alkot\u00f3<br \/>&nbsp;<br \/>A k\u00e9szlet tartalma: SEMBO 611049&nbsp;<br \/>&nbsp;<br \/>108 db J\u00f3 min\u0151s\u00e9g\u0171 t\u00e9gla&nbsp;<br \/>&nbsp;<br \/>M\u00e9rete: 8 \u00d7 7,8 \u00d7 8 cm<br \/>&nbsp;<br \/>K\u00e9zi utas\u00edt\u00e1sok&nbsp;<br \/>&nbsp;<br \/>\ud83d\udcccA f\u0151szerepl\u0151 term\u00e9szete&nbsp;<br \/>&nbsp;<br \/>Bemutatjuk b\u00fcszke kollekci\u00f3nkat, melynek c\u00edme \u201eCute and Meaty: Swimming Like A Secluded Orchid\u201d, amit nem szabad kihagyni.&nbsp;<br \/>&nbsp;<br \/>Aranyos \u00e9s h\u00fasos egy \u00faj \u00e9p\u00edt\u0151elem k\u00e9szlet, amely a n\u00f6v\u00e9nyek sorozatba tartozik. 108 darab van, melyeket saj\u00e1t fant\u00e1zi\u00e1d szerint t\u00f6bbf\u00e9le form\u00e1ra kombin\u00e1lhatsz.<\/div>","protected":false},"excerpt":{"rendered":"<p>M\u00e1rka: SEMBO<br \/>\nNem: Uniszex<br \/>\nKoroszt\u00e1ly: &gt; 6 \u00e9v<br \/>\nModellsz\u00e1m: 611049<br \/>\nBesorol\u00e1s: \u00d6sszeszerel\u00e9s<br \/>\nM\u0171anyag blokk forma: \u00f6nz\u00e1r\u00f3 t\u00e9gla<br \/>\nAnyaga: M\u0171anyag<br \/>\nM\u0171anyag t\u00edpus: ABS<br \/>\nT\u00e9gla T\u00e9gla: 108+<br \/>\nEl\u0151\u00e9rt\u00e9kes\u00edt\u00e9s<\/p>","protected":false},"featured_media":41128,"comment_status":"open","ping_status":"closed","template":"","meta":{"_acf_changed":false},"product_cat":[1365,371],"product_tag":[11072,8452,11217],"class_list":["product","first","instock","shipping-taxable","purchasable","product-type-simple"],"acf":[],"_links":{"self":[{"href":"https:\/\/mouldking.store\/hu\/wp-json\/wp\/v2\/product\/41130","targetHints":{"allow":["GET"]}}],"collection":[{"href":"https:\/\/mouldking.store\/hu\/wp-json\/wp\/v2\/product"}],"about":[{"href":"https:\/\/mouldking.store\/hu\/wp-json\/wp\/v2\/types\/product"}],"replies":[{"embeddable":true,"href":"https:\/\/mouldking.store\/hu\/wp-json\/wp\/v2\/comments?post=41130"}],"wp:featuredmedia":[{"embeddable":true,"href":"https:\/\/mouldking.store\/hu\/wp-json\/wp\/v2\/media\/41128"}],"wp:attachment":[{"href":"https:\/\/mouldking.store\/hu\/wp-json\/wp\/v2\/media?parent=41130"}],"wp:term":[{"taxonomy":"product_cat","embeddable":true,"href":"https:\/\/mouldking.store\/hu\/wp-json\/wp\/v2\/product_cat?post=41130"},{"taxonomy":"product_tag","embeddable":true,"href":"https:\/\/mouldking.store\/hu\/wp-json\/wp\/v2\/product_tag?post=41130"}],"curies":[{"name":"wp","href":"https:\/\/api.w.org\/{rel}","templated":true}]}}