{"id":41133,"date":"2023-02-03T14:16:10","date_gmt":"2023-02-03T07:16:10","guid":{"rendered":"https:\/\/mouldking.store\/shop\/sembo-611044-cute-and-meaty-super-cute-rocket-with-137-pieces\/"},"modified":"2023-02-07T03:56:15","modified_gmt":"2023-02-06T20:56:15","slug":"sembo-611044-cute-and-meaty-super-cute-rocket-with-137-pieces","status":"publish","type":"product","link":"https:\/\/mouldking.store\/hu\/shop\/sembo-611044-cute-and-meaty-super-cute-rocket-with-137-pieces\/","title":{"rendered":"SEMBO 611044 Aranyos \u00e9s h\u00fasos: szuper aranyos rak\u00e9ta 137 darabbal"},"content":{"rendered":"<div>\u2705 SEMBO 611044 Cute and Meaty: Super Cute Rocket<br \/>&nbsp;<br \/>\u2705Cute and meaty: Super cute rocket (Block Florist) belongs to the building block set of the plant series, and the whole set contains 137 building block particles. The first release date was in 2022.<br \/>&nbsp;<br \/>\ud83d\udeab FONTOS!&nbsp;<br \/>&nbsp;<br \/>Product Name: Cute and Meaty: Super Cute Rocket<br \/>&nbsp;<br \/>Kateg\u00f3ria: Alkot\u00f3<br \/>&nbsp;<br \/>This Kit Contains: SEMBO 611044<br \/>&nbsp;<br \/>137 pcs Good Quality Bricks&nbsp;<br \/>&nbsp;<br \/>Size: 7.5 \u00d7 9.8 \u00d7 7.7 cm<br \/>&nbsp;<br \/>K\u00e9zi utas\u00edt\u00e1sok&nbsp;<br \/>&nbsp;<br \/>\ud83d\udcccA f\u0151szerepl\u0151 term\u00e9szete&nbsp;<br \/>&nbsp;<br \/>Introducing our proud collection named \u201cCute and Meaty: Super Cute Rocket\u201d you should not miss.&nbsp;<br \/>&nbsp;<br \/>The cute and meaty series of rockets provide a more intimate experience for those who want to collect. The rocket is not only cute, but it is also very interesting to play with.<\/div>","protected":false},"excerpt":{"rendered":"<p>M\u00e1rka: SEMBO<br \/>\nNem: Uniszex<br \/>\nKoroszt\u00e1ly: &gt; 6 \u00e9v<br \/>\nModel Number: 611044<br \/>\nBesorol\u00e1s: \u00d6sszeszerel\u00e9s<br \/>\nM\u0171anyag blokk forma: \u00f6nz\u00e1r\u00f3 t\u00e9gla<br \/>\nAnyaga: M\u0171anyag<br \/>\nM\u0171anyag t\u00edpus: ABS<br \/>\nBricks Blocks: 137 +<br \/>\nEl\u0151\u00e9rt\u00e9kes\u00edt\u00e9s<\/p>","protected":false},"featured_media":41131,"comment_status":"open","ping_status":"closed","template":"","meta":{"_acf_changed":false},"product_cat":[1365,371],"product_tag":[11072,8452,11106,8162],"class_list":["product","first","instock","shipping-taxable","purchasable","product-type-simple"],"acf":[],"_links":{"self":[{"href":"https:\/\/mouldking.store\/hu\/wp-json\/wp\/v2\/product\/41133","targetHints":{"allow":["GET"]}}],"collection":[{"href":"https:\/\/mouldking.store\/hu\/wp-json\/wp\/v2\/product"}],"about":[{"href":"https:\/\/mouldking.store\/hu\/wp-json\/wp\/v2\/types\/product"}],"replies":[{"embeddable":true,"href":"https:\/\/mouldking.store\/hu\/wp-json\/wp\/v2\/comments?post=41133"}],"wp:featuredmedia":[{"embeddable":true,"href":"https:\/\/mouldking.store\/hu\/wp-json\/wp\/v2\/media\/41131"}],"wp:attachment":[{"href":"https:\/\/mouldking.store\/hu\/wp-json\/wp\/v2\/media?parent=41133"}],"wp:term":[{"taxonomy":"product_cat","embeddable":true,"href":"https:\/\/mouldking.store\/hu\/wp-json\/wp\/v2\/product_cat?post=41133"},{"taxonomy":"product_tag","embeddable":true,"href":"https:\/\/mouldking.store\/hu\/wp-json\/wp\/v2\/product_tag?post=41133"}],"curies":[{"name":"wp","href":"https:\/\/api.w.org\/{rel}","templated":true}]}}