{"id":41136,"date":"2023-02-03T14:22:37","date_gmt":"2023-02-03T07:22:37","guid":{"rendered":"https:\/\/mouldking.store\/shop\/sembo-611043-cute-and-meaty-paper-tiger-with-130-pieces\/"},"modified":"2023-02-03T14:22:37","modified_gmt":"2023-02-03T07:22:37","slug":"sembo-611043-cute-and-meaty-paper-tiger-with-130-pieces","status":"publish","type":"product","link":"https:\/\/mouldking.store\/hu\/shop\/sembo-611043-cute-and-meaty-paper-tiger-with-130-pieces\/","title":{"rendered":"SEMBO 611043 Aranyos \u00e9s h\u00fasos: Pap\u00edrtigris 130 darabbal"},"content":{"rendered":"<div>\u2705 SEMBO 611043 Aranyos \u00e9s h\u00fasos: Pap\u00edrtigris<br \/>&nbsp;<br \/>\u2705A Block Florist egy \u00e9p\u00edt\u0151kocka k\u00e9szlet, \u00e9s a teljes k\u00e9szlet \u00f6sszesen 130 darab blokkszemcs\u00e9t tartalmaz. Aranyos \u00e9s h\u00fasos: A Block Florist az els\u0151 kiad\u00e1s 2022-ben.<br \/>&nbsp;<br \/>\ud83d\udeab FONTOS!&nbsp;<br \/>&nbsp;<br \/>Term\u00e9kn\u00e9v: Aranyos \u00e9s h\u00fasos: Pap\u00edrtigris<br \/>&nbsp;<br \/>Kateg\u00f3ria: Alkot\u00f3<br \/>&nbsp;<br \/>A k\u00e9szlet tartalma: SEMBO 611043<br \/>&nbsp;<br \/>130 db J\u00f3 min\u0151s\u00e9g\u0171 t\u00e9gla&nbsp;<br \/>&nbsp;<br \/>M\u00e9rete: 6,5 \u00d7 7 \u00d7 6,2 cm<br \/>&nbsp;<br \/>K\u00e9zi utas\u00edt\u00e1sok&nbsp;<br \/>&nbsp;<br \/>\ud83d\udcccA f\u0151szerepl\u0151 term\u00e9szete&nbsp;<br \/>&nbsp;<br \/>Bemutatjuk b\u00fcszke \u201eAranyos \u00e9s h\u00fasos: Pap\u00edrtigris\u201d kollekci\u00f3nkat, amelyet nem szabad kihagyni.&nbsp;<br \/>&nbsp;<br \/>Aranyos \u00e9s h\u00fasos: a pap\u00edrtigris 130 \u00e9p\u00edt\u0151elemb\u0151l \u00e1ll\u00f3 term\u00e9k. Ez a j\u00e1t\u00e9kblokk-k\u00e9szlet nemcsak olyan darabokat tartalmaz, amelyekkel meg\u00e9p\u00edtheti \u00e9s megtervezheti saj\u00e1t macskabar\u00e1tait, hanem utas\u00edt\u00e1sokat is tartalmaz az \u00e9p\u00edt\u0151kock\u00e1kkal val\u00f3 tervez\u00e9shez.<\/div>","protected":false},"excerpt":{"rendered":"<p>M\u00e1rka: SEMBO<br \/>\nNem: Uniszex<br \/>\nKoroszt\u00e1ly: &gt; 6 \u00e9v<br \/>\nModellsz\u00e1m: 611043<br \/>\nBesorol\u00e1s: \u00d6sszeszerel\u00e9s<br \/>\nM\u0171anyag blokk forma: \u00f6nz\u00e1r\u00f3 t\u00e9gla<br \/>\nAnyaga: M\u0171anyag<br \/>\nM\u0171anyag t\u00edpus: ABS<br \/>\nT\u00e9gla blokkok: 130+<br \/>\nEl\u0151\u00e9rt\u00e9kes\u00edt\u00e9s<\/p>","protected":false},"featured_media":41134,"comment_status":"open","ping_status":"closed","template":"","meta":{"_acf_changed":false},"product_cat":[1365,371],"product_tag":[11072,8452,6594,6482],"class_list":["product","first","instock","shipping-taxable","purchasable","product-type-simple"],"acf":[],"_links":{"self":[{"href":"https:\/\/mouldking.store\/hu\/wp-json\/wp\/v2\/product\/41136","targetHints":{"allow":["GET"]}}],"collection":[{"href":"https:\/\/mouldking.store\/hu\/wp-json\/wp\/v2\/product"}],"about":[{"href":"https:\/\/mouldking.store\/hu\/wp-json\/wp\/v2\/types\/product"}],"replies":[{"embeddable":true,"href":"https:\/\/mouldking.store\/hu\/wp-json\/wp\/v2\/comments?post=41136"}],"wp:featuredmedia":[{"embeddable":true,"href":"https:\/\/mouldking.store\/hu\/wp-json\/wp\/v2\/media\/41134"}],"wp:attachment":[{"href":"https:\/\/mouldking.store\/hu\/wp-json\/wp\/v2\/media?parent=41136"}],"wp:term":[{"taxonomy":"product_cat","embeddable":true,"href":"https:\/\/mouldking.store\/hu\/wp-json\/wp\/v2\/product_cat?post=41136"},{"taxonomy":"product_tag","embeddable":true,"href":"https:\/\/mouldking.store\/hu\/wp-json\/wp\/v2\/product_tag?post=41136"}],"curies":[{"name":"wp","href":"https:\/\/api.w.org\/{rel}","templated":true}]}}