{"id":41146,"date":"2023-02-03T14:43:25","date_gmt":"2023-02-03T07:43:25","guid":{"rendered":"https:\/\/mouldking.store\/shop\/sembo-701040-jacuzzi-altered-electric-hurricane-violet-with-1317-pieces\/"},"modified":"2023-02-03T14:43:25","modified_gmt":"2023-02-03T07:43:25","slug":"sembo-701040-jacuzzi-altered-electric-hurricane-violet-with-1317-pieces","status":"publish","type":"product","link":"https:\/\/mouldking.store\/hu\/shop\/sembo-701040-jacuzzi-altered-electric-hurricane-violet-with-1317-pieces\/","title":{"rendered":"SEMBO 701040 Jacuzzi: Altered Electric Hurricane Violet with 1317 Pieces"},"content":{"rendered":"<div>\u2705 SEMBO 701040 Jacuzzi: Altered Electric Hurricane Violet<br \/>&nbsp;<br \/>\u2705Altered Electric Hurricane Violet is a cutting-edge electric vehicle that combines advanced technology with a bold, sporty design. With a powerful electric engine that delivers instant torque and lightning-fast acceleration, this vehicle is built for speed and performance.<br \/>&nbsp;<br \/>\ud83d\udeab FONTOS!&nbsp;<br \/>&nbsp;<br \/>Product Name: Jacuzzi: Altered Electric Hurricane Violet<br \/>&nbsp;<br \/>Kateg\u00f3ria: M\u0171szaki<br \/>&nbsp;<br \/>This Kit Contains: SEMBO 701040<br \/>&nbsp;<br \/>1317 pcs Good Quality Bricks&nbsp;<br \/>&nbsp;<br \/>Size: 35.1 \u00d7 17.5 \u00d7 9.3 cm<br \/>&nbsp;<br \/>K\u00e9zi utas\u00edt\u00e1sok&nbsp;<br \/>&nbsp;<br \/>\ud83d\udcccA f\u0151szerepl\u0151 term\u00e9szete&nbsp;<br \/>&nbsp;<br \/>Introducing our proud collection named \u201c Jacuzzi: Altered Electric Hurricane Violet\u201d you should not miss.&nbsp;<br \/>&nbsp;<br \/>The exterior features a striking hurricane violet color that is sure to turn heads, while the interior is equipped with the latest technology and premium materials for a comfortable and connected driving experience. Whether you&#8217;re looking for an eco-friendly mode of transportation or simply want to make a statement on the road, Altered Electric Hurricane Violet is a truly impressive vehicle. Changed Electric Hurricane Violet belongs to the building block set of the mechanical group series, and the whole set contains 1317 building block particles. First release in 2023.<\/div>","protected":false},"excerpt":{"rendered":"<p>M\u00e1rka: SEMBO<br \/>\nNem: Uniszex<br \/>\nKoroszt\u00e1ly: &gt; 6 \u00e9v<br \/>\nModel Number: 701040<br \/>\nBesorol\u00e1s: \u00d6sszeszerel\u00e9s<br \/>\nM\u0171anyag blokk forma: \u00f6nz\u00e1r\u00f3 t\u00e9gla<br \/>\nAnyaga: M\u0171anyag<br \/>\nM\u0171anyag t\u00edpus: ABS<br \/>\nBricks Blocks: 1317 +<br \/>\nEl\u0151\u00e9rt\u00e9kes\u00edt\u00e9s<\/p>","protected":false},"featured_media":41144,"comment_status":"open","ping_status":"closed","template":"","meta":{"_acf_changed":false},"product_cat":[1360,1357,364],"product_tag":[457,9981,389,11080],"class_list":["product","first","instock","shipping-taxable","purchasable","product-type-simple"],"acf":[],"_links":{"self":[{"href":"https:\/\/mouldking.store\/hu\/wp-json\/wp\/v2\/product\/41146","targetHints":{"allow":["GET"]}}],"collection":[{"href":"https:\/\/mouldking.store\/hu\/wp-json\/wp\/v2\/product"}],"about":[{"href":"https:\/\/mouldking.store\/hu\/wp-json\/wp\/v2\/types\/product"}],"replies":[{"embeddable":true,"href":"https:\/\/mouldking.store\/hu\/wp-json\/wp\/v2\/comments?post=41146"}],"wp:featuredmedia":[{"embeddable":true,"href":"https:\/\/mouldking.store\/hu\/wp-json\/wp\/v2\/media\/41144"}],"wp:attachment":[{"href":"https:\/\/mouldking.store\/hu\/wp-json\/wp\/v2\/media?parent=41146"}],"wp:term":[{"taxonomy":"product_cat","embeddable":true,"href":"https:\/\/mouldking.store\/hu\/wp-json\/wp\/v2\/product_cat?post=41146"},{"taxonomy":"product_tag","embeddable":true,"href":"https:\/\/mouldking.store\/hu\/wp-json\/wp\/v2\/product_tag?post=41146"}],"curies":[{"name":"wp","href":"https:\/\/api.w.org\/{rel}","templated":true}]}}