{"id":41153,"date":"2023-02-03T14:50:58","date_gmt":"2023-02-03T07:50:58","guid":{"rendered":"https:\/\/mouldking.store\/shop\/quanguan-100242-panzerkampfwagen-vi-tiger-ausf-e-sd-kfz-181-tiger-i-with-503-pieces\/"},"modified":"2023-02-03T14:50:58","modified_gmt":"2023-02-03T07:50:58","slug":"quanguan-100242-panzerkampfwagen-vi-tiger-ausf-e-sd-kfz-181-tiger-i-with-503-pieces","status":"publish","type":"product","link":"https:\/\/mouldking.store\/hu\/shop\/quanguan-100242-panzerkampfwagen-vi-tiger-ausf-e-sd-kfz-181-tiger-i-with-503-pieces\/","title":{"rendered":"QUANGUAN 100242 Panzerkampfwagen VI Tiger Ausf.E (Sd.Kfz.181) Tiger I 503 darabbal"},"content":{"rendered":"<div>\u2705 QuanGuan 100242 Panzerkampfwagen VI Tiger Ausf.E (Sd.Kfz.181) Tiger I<br \/>&nbsp;<br \/>\u2705The Panzerkampfwagen VI Tiger was a German heavy tank used during World War II. The Tiger was known for its thick armor and powerful 88mm gun, which made it a formidable opponent on the battlefield. The tank was first introduced in 1942 and was used primarily on the Eastern Front, where it was employed to break through Soviet defenses.<br \/>&nbsp;<br \/>\ud83d\udeab FONTOS!&nbsp;<br \/>&nbsp;<br \/>Product Name: Panzerkampfwagen VI Tiger Ausf.E (Sd.Kfz.181) Tiger I<br \/>&nbsp;<br \/>Kateg\u00f3ria: Katonai<br \/>&nbsp;<br \/>This Kit Contains: QuanGuan 100242&nbsp;<br \/>&nbsp;<br \/>503 pcs Good Quality Bricks&nbsp;<br \/>&nbsp;<br \/>Size: 19 x 7.4 cm<br \/>&nbsp;<br \/>K\u00e9zi utas\u00edt\u00e1sok&nbsp;<br \/>&nbsp;<br \/>\ud83d\udcccA f\u0151szerepl\u0151 term\u00e9szete&nbsp;<br \/>&nbsp;<br \/>Introducing our proud collection named \u201cPanzerkampfwagen VI Tiger Ausf.E (Sd.Kfz.181) Tiger I\u201d you should not miss.&nbsp;<br \/>&nbsp;<br \/>This is a new type of toy, the plastic block shape &#8220;self-locking bricks&#8221;. Military enthusiasts will love it. It got the certificate of 3C, which made the product much safer for children to play with. In addition, the number of blocks is about 503+PCs, which can be connected with other combinations of blocks to create more complex and beautiful buildings.<\/div>","protected":false},"excerpt":{"rendered":"<p>M\u00e1rka: QUANGUAN<br \/>\nNem: Uniszex<br \/>\nKoroszt\u00e1ly: &gt; 6 \u00e9v<br \/>\nModel Number: 100242<br \/>\nBesorol\u00e1s: \u00d6sszeszerel\u00e9s<br \/>\nM\u0171anyag blokk forma: \u00f6nz\u00e1r\u00f3 t\u00e9gla<br \/>\nAnyaga: M\u0171anyag<br \/>\nM\u0171anyag t\u00edpus: ABS<br \/>\nBricks Blocks: 503 +<br \/>\nNincs doboz<\/p>","protected":false},"featured_media":41147,"comment_status":"open","ping_status":"closed","template":"","meta":{"_acf_changed":false},"product_cat":[1350,1357,372,364],"product_tag":[374,485,389,6482],"class_list":["product","first","instock","shipping-taxable","purchasable","product-type-simple"],"acf":[],"_links":{"self":[{"href":"https:\/\/mouldking.store\/hu\/wp-json\/wp\/v2\/product\/41153","targetHints":{"allow":["GET"]}}],"collection":[{"href":"https:\/\/mouldking.store\/hu\/wp-json\/wp\/v2\/product"}],"about":[{"href":"https:\/\/mouldking.store\/hu\/wp-json\/wp\/v2\/types\/product"}],"replies":[{"embeddable":true,"href":"https:\/\/mouldking.store\/hu\/wp-json\/wp\/v2\/comments?post=41153"}],"wp:featuredmedia":[{"embeddable":true,"href":"https:\/\/mouldking.store\/hu\/wp-json\/wp\/v2\/media\/41147"}],"wp:attachment":[{"href":"https:\/\/mouldking.store\/hu\/wp-json\/wp\/v2\/media?parent=41153"}],"wp:term":[{"taxonomy":"product_cat","embeddable":true,"href":"https:\/\/mouldking.store\/hu\/wp-json\/wp\/v2\/product_cat?post=41153"},{"taxonomy":"product_tag","embeddable":true,"href":"https:\/\/mouldking.store\/hu\/wp-json\/wp\/v2\/product_tag?post=41153"}],"curies":[{"name":"wp","href":"https:\/\/api.w.org\/{rel}","templated":true}]}}