{"id":41178,"date":"2023-02-06T09:42:34","date_gmt":"2023-02-06T02:42:34","guid":{"rendered":"https:\/\/mouldking.store\/shop\/jiestar-67110-minifig-scale-at-at-w-interior-with-6919-pieces\/"},"modified":"2023-02-06T09:42:34","modified_gmt":"2023-02-06T02:42:34","slug":"jiestar-67110-minifig-scale-at-at-w-interior-with-6919-pieces","status":"publish","type":"product","link":"https:\/\/mouldking.store\/hu\/shop\/jiestar-67110-minifig-scale-at-at-w-interior-with-6919-pieces\/","title":{"rendered":"JIESTAR 67110 Minifig Scale AT-AT w\/ Interior with 6919 Pieces"},"content":{"rendered":"<div>&nbsp;\u2705 JIE STAR 67110 Minifig Scale AT-AT w\/ Interior<br \/>&nbsp;<br \/>\u2705The minifig scale AT-AT is a self-locking brick model of the iconic Star Wars vehicle. The only way to get into the walker is by using the included door key. There are 6919 bricks in total, and it stands at 59 cm high.<br \/>&nbsp;<br \/>\ud83d\udeab FONTOS!&nbsp;<br \/>&nbsp;<br \/>Product Name: Minifig Scale AT-AT w\/ Interior<br \/>&nbsp;<br \/>Kateg\u00f3ria: Star Wars<br \/>&nbsp;<br \/>This Kit Contains: JIE STAR 67110&nbsp;<br \/>&nbsp;<br \/>6919 pcs Good Quality Bricks&nbsp;<br \/>&nbsp;<br \/>Size: 73 \u00d7 23 \u00d7 59 cm<br \/>&nbsp;<br \/>K\u00e9zi utas\u00edt\u00e1sok&nbsp;<br \/>&nbsp;<br \/>\ud83d\udcccA f\u0151szerepl\u0151 term\u00e9szete&nbsp;<br \/>&nbsp;<br \/>Introducing our proud collection named \u201cMinifig Scale AT-AT w\/ Interior\u201d you should not miss.&nbsp;<br \/>&nbsp;<br \/>Minifig Scale AT-AT with Interior refers to a model of the All Terrain Armored Transport (AT-AT) vehicle from the Star Wars franchise that has both an exterior and interior design. This type of model is built to a size that is proportional to the brick minifigures and includes a detailed interior, allowing for more playability and immersive experiences for the minifigures. The interior can include features such as seating for minifigures, control panels, and weapons systems, adding to the realism and overall aesthetic of the model.<\/div>","protected":false},"excerpt":{"rendered":"<p>M\u00e1rka: JIESTAR<br \/>\nNem: Uniszex<br \/>\nKorhat\u00e1r: 14 \u00e9v felett<br \/>\nModel Number: 67110<br \/>\nBesorol\u00e1s: \u00d6sszeszerel\u00e9s<br \/>\nM\u0171anyag blokk forma: \u00f6nz\u00e1r\u00f3 t\u00e9gla<br \/>\nAnyaga: M\u0171anyag<br \/>\nM\u0171anyag t\u00edpus: ABS<br \/>\nBricks Blocks: 6919 +<br \/>\nNincs doboz<\/p>","protected":false},"featured_media":41173,"comment_status":"open","ping_status":"closed","template":"","meta":{"_acf_changed":false},"product_cat":[581,415,1408],"product_tag":[11220,11221,5079,11219,434,436,11222,11223],"class_list":["product","first","instock","shipping-taxable","purchasable","product-type-simple"],"acf":[],"_links":{"self":[{"href":"https:\/\/mouldking.store\/hu\/wp-json\/wp\/v2\/product\/41178","targetHints":{"allow":["GET"]}}],"collection":[{"href":"https:\/\/mouldking.store\/hu\/wp-json\/wp\/v2\/product"}],"about":[{"href":"https:\/\/mouldking.store\/hu\/wp-json\/wp\/v2\/types\/product"}],"replies":[{"embeddable":true,"href":"https:\/\/mouldking.store\/hu\/wp-json\/wp\/v2\/comments?post=41178"}],"wp:featuredmedia":[{"embeddable":true,"href":"https:\/\/mouldking.store\/hu\/wp-json\/wp\/v2\/media\/41173"}],"wp:attachment":[{"href":"https:\/\/mouldking.store\/hu\/wp-json\/wp\/v2\/media?parent=41178"}],"wp:term":[{"taxonomy":"product_cat","embeddable":true,"href":"https:\/\/mouldking.store\/hu\/wp-json\/wp\/v2\/product_cat?post=41178"},{"taxonomy":"product_tag","embeddable":true,"href":"https:\/\/mouldking.store\/hu\/wp-json\/wp\/v2\/product_tag?post=41178"}],"curies":[{"name":"wp","href":"https:\/\/api.w.org\/{rel}","templated":true}]}}